{"id":73889,"date":"2025-07-08T04:36:09","date_gmt":"2025-07-08T04:36:09","guid":{"rendered":"https:\/\/e.kosmolat.eu\/product\/evoluderm-mens-care-barojos-bardas-ella-ar-ricinellu-un-saldo-mand-ellu-30-ml\/"},"modified":"2026-04-22T12:23:44","modified_gmt":"2026-04-22T12:23:44","slug":"evoluderm-mens-care-barojos-bardas-ella-ar-ricinellu-un-saldo-mand-ellu-30-ml","status":"publish","type":"product","link":"https:\/\/e.kosmolat.eu\/lt\/produktas\/evoluderm-mens-care-barojos-bardas-ella-ar-ricinellu-un-saldo-mand-ellu-30-ml\/","title":{"rendered":"EVOLUDERM maitinamasis barzdos aliejus vyrams su ricinos ir migdol\u0173 aliejais, 30 ml"},"content":{"rendered":"<p>2 in1 aliejus veidui ir barzdai. Tinka vis\u0173 tip\u0173 barzdai.<\/p>\n<p>Naudojimas: Kasdien u\u017ela\u0161inkite kelis la\u0161us ant \u0161varios ir sausos barzdos. \u0160velniai \u012fmasa\u017euokite, tada i\u0161\u0161ukuokite, kad tolygiai pasiskirstyt\u0173. Venkite patekimo \u012f akis.<\/p>\n<p>Dermatologi\u0161kai patikrintas.<\/p>\n","protected":false},"excerpt":{"rendered":"<p>2 in1 aliejus veidui ir barzdai. Tinka vis\u0173 tip\u0173 barzdai. Naudojimas: Kasdien u\u017ela\u0161inkite kelis la\u0161us ant \u0161varios ir sausos barzdos. \u0160velniai \u012fmasa\u017euokite, tada i\u0161\u0161ukuokite, kad tolygiai pasiskirstyt\u0173. Venkite patekimo \u012f akis. Dermatologi\u0161kai patikrintas.<\/p>\n","protected":false},"featured_media":94442,"template":"","meta":[],"product_cat":[2181],"product_tag":[],"class_list":{"0":"post-73889","1":"product","2":"type-product","3":"status-publish","4":"has-post-thumbnail","6":"product_brand-evoluderm-lt","7":"product_cat-bez-kategorijas-lt","9":"first","10":"instock","11":"taxable","12":"shipping-taxable","13":"product-type-simple"},"_links":{"self":[{"href":"https:\/\/e.kosmolat.eu\/lt\/wp-json\/wp\/v2\/product\/73889","targetHints":{"allow":["GET"]}}],"collection":[{"href":"https:\/\/e.kosmolat.eu\/lt\/wp-json\/wp\/v2\/product"}],"about":[{"href":"https:\/\/e.kosmolat.eu\/lt\/wp-json\/wp\/v2\/types\/product"}],"wp:featuredmedia":[{"embeddable":true,"href":"https:\/\/e.kosmolat.eu\/lt\/wp-json\/wp\/v2\/media\/94442"}],"wp:attachment":[{"href":"https:\/\/e.kosmolat.eu\/lt\/wp-json\/wp\/v2\/media?parent=73889"}],"wp:term":[{"taxonomy":"product_cat","embeddable":true,"href":"https:\/\/e.kosmolat.eu\/lt\/wp-json\/wp\/v2\/product_cat?post=73889"},{"taxonomy":"product_tag","embeddable":true,"href":"https:\/\/e.kosmolat.eu\/lt\/wp-json\/wp\/v2\/product_tag?post=73889"}],"curies":[{"name":"wp","href":"https:\/\/api.w.org\/{rel}","templated":true}]}}