{"id":73881,"date":"2025-07-08T04:35:50","date_gmt":"2025-07-08T04:35:50","guid":{"rendered":"https:\/\/e.kosmolat.eu\/product\/evoluderm-mens-care-energ-piesk-un-mitr-sejas-kops-lidzeklis-50-ml\/"},"modified":"2025-09-20T07:05:14","modified_gmt":"2025-09-20T07:05:14","slug":"evoluderm-mens-care-energ-piesk-un-mitr-sejas-kops-lidzeklis-50-ml","status":"publish","type":"product","link":"https:\/\/e.kosmolat.eu\/lt\/produktas\/evoluderm-mens-care-energ-piesk-un-mitr-sejas-kops-lidzeklis-50-ml\/","title":{"rendered":"EVOLUDERM Men&#8217;s Care Dr\u0117kinamoji ir gaivinanti veido proced\u016bra su vitaminu C ir \u017een\u0161enio ekstraktu v"},"content":{"rendered":"<p>\u0160is veido dr\u0117kiklis suteikia odai spindesio ir energijos diena i\u0161 dienos. Idealiai tinka naudoti po skutimosi, kremin\u0117 gelin\u0117 tekst\u016bra maitina ir ramina od\u0105, suteikdama akimirksniu komforto poj\u016bt\u012f.<\/p>\n<p>Naudojimas: nedidel\u012f kiek\u012f priemon\u0117s (rie\u0161uto dyd\u017eio) sukamaisiais judesiais u\u017etepkite ant veido ir kaklo odos. Venkite patekimo \u012f akis.<\/p>\n<p>Rezultatas: oda tampa gaivi, tonizuota ir \u012fgauna nat\u016bral\u0173 \u0161vyt\u0117jim\u0105.<\/p>\n<p>Dermatologi\u0161kai patikrinta.<\/p>\n","protected":false},"excerpt":{"rendered":"<p>\u0160is veido dr\u0117kiklis suteikia odai spindesio ir energijos diena i\u0161 dienos. Idealiai tinka naudoti po skutimosi, kremin\u0117 gelin\u0117 tekst\u016bra maitina ir ramina od\u0105, suteikdama akimirksniu komforto poj\u016bt\u012f. Naudojimas: nedidel\u012f kiek\u012f priemon\u0117s (rie\u0161uto dyd\u017eio) sukamaisiais judesiais u\u017etepkite ant veido ir kaklo odos. Venkite patekimo \u012f akis. Rezultatas: oda tampa gaivi, tonizuota ir \u012fgauna nat\u016bral\u0173 \u0161vyt\u0117jim\u0105. Dermatologi\u0161kai [&#8230;]\n","protected":false},"featured_media":94438,"template":"","meta":[],"product_cat":[1678],"product_tag":[],"class_list":{"0":"post-73881","1":"product","2":"type-product","3":"status-publish","4":"has-post-thumbnail","6":"product_brand-evoluderm-lt","7":"product_cat-veido-prieziurai","9":"first","10":"outofstock","11":"taxable","12":"shipping-taxable","13":"product-type-simple"},"_links":{"self":[{"href":"https:\/\/e.kosmolat.eu\/lt\/wp-json\/wp\/v2\/product\/73881","targetHints":{"allow":["GET"]}}],"collection":[{"href":"https:\/\/e.kosmolat.eu\/lt\/wp-json\/wp\/v2\/product"}],"about":[{"href":"https:\/\/e.kosmolat.eu\/lt\/wp-json\/wp\/v2\/types\/product"}],"wp:featuredmedia":[{"embeddable":true,"href":"https:\/\/e.kosmolat.eu\/lt\/wp-json\/wp\/v2\/media\/94438"}],"wp:attachment":[{"href":"https:\/\/e.kosmolat.eu\/lt\/wp-json\/wp\/v2\/media?parent=73881"}],"wp:term":[{"taxonomy":"product_cat","embeddable":true,"href":"https:\/\/e.kosmolat.eu\/lt\/wp-json\/wp\/v2\/product_cat?post=73881"},{"taxonomy":"product_tag","embeddable":true,"href":"https:\/\/e.kosmolat.eu\/lt\/wp-json\/wp\/v2\/product_tag?post=73881"}],"curies":[{"name":"wp","href":"https:\/\/api.w.org\/{rel}","templated":true}]}}