{"id":73873,"date":"2025-07-08T04:35:33","date_gmt":"2025-07-08T04:35:33","guid":{"rendered":"https:\/\/e.kosmolat.eu\/product\/evoluderm-tonizejosa-attir-zeleja-viriesiem-c-vit-un-zens-ekstraktu-100-ml\/"},"modified":"2026-02-25T09:28:08","modified_gmt":"2026-02-25T09:28:08","slug":"evoluderm-tonizejosa-attir-zeleja-viriesiem-c-vit-un-zens-ekstraktu-100-ml","status":"publish","type":"product","link":"https:\/\/e.kosmolat.eu\/lt\/produktas\/evoluderm-tonizejosa-attir-zeleja-viriesiem-c-vit-un-zens-ekstraktu-100-ml\/","title":{"rendered":"EVOLUDERM vyri\u0161kas tonizuojantis prausimosi gelis su vitaminu C ir \u017een\u0161enio ekstraktu, 100 ml"},"content":{"rendered":"<p>Naudojimas: ryte ir vakare u\u017etepkite nedidel\u012f kiek\u012f priemon\u0117s ant dr\u0117gnos veido odos  ir (arba) barzdos. Suputokite, vengdami patekimo \u012f akis, tada nuplaukite.<\/p>\n<p>Atsargumo priemon\u0117s: patekus \u012f akis, nedelsiant gerai praplaukite \u0161variu vandeniu.<\/p>\n<p>Dermatologi\u0161kai patikrinta.<\/p>\n","protected":false},"excerpt":{"rendered":"<p>Naudojimas: ryte ir vakare u\u017etepkite nedidel\u012f kiek\u012f priemon\u0117s ant dr\u0117gnos veido odos ir (arba) barzdos. Suputokite, vengdami patekimo \u012f akis, tada nuplaukite. Atsargumo priemon\u0117s: patekus \u012f akis, nedelsiant gerai praplaukite \u0161variu vandeniu. Dermatologi\u0161kai patikrinta.<\/p>\n","protected":false},"featured_media":94434,"template":"","meta":[],"product_cat":[1678],"product_tag":[],"class_list":{"0":"post-73873","1":"product","2":"type-product","3":"status-publish","4":"has-post-thumbnail","6":"product_brand-evoluderm-lt","7":"product_cat-veido-prieziurai","9":"first","10":"instock","11":"taxable","12":"shipping-taxable","13":"product-type-simple"},"_links":{"self":[{"href":"https:\/\/e.kosmolat.eu\/lt\/wp-json\/wp\/v2\/product\/73873","targetHints":{"allow":["GET"]}}],"collection":[{"href":"https:\/\/e.kosmolat.eu\/lt\/wp-json\/wp\/v2\/product"}],"about":[{"href":"https:\/\/e.kosmolat.eu\/lt\/wp-json\/wp\/v2\/types\/product"}],"wp:featuredmedia":[{"embeddable":true,"href":"https:\/\/e.kosmolat.eu\/lt\/wp-json\/wp\/v2\/media\/94434"}],"wp:attachment":[{"href":"https:\/\/e.kosmolat.eu\/lt\/wp-json\/wp\/v2\/media?parent=73873"}],"wp:term":[{"taxonomy":"product_cat","embeddable":true,"href":"https:\/\/e.kosmolat.eu\/lt\/wp-json\/wp\/v2\/product_cat?post=73873"},{"taxonomy":"product_tag","embeddable":true,"href":"https:\/\/e.kosmolat.eu\/lt\/wp-json\/wp\/v2\/product_tag?post=73873"}],"curies":[{"name":"wp","href":"https:\/\/api.w.org\/{rel}","templated":true}]}}