{"id":73865,"date":"2025-07-08T04:35:17","date_gmt":"2025-07-08T04:35:17","guid":{"rendered":"https:\/\/e.kosmolat.eu\/product\/evoluderm-sos-sos-lidz-punktveida-uzkl-pret-adas-nepiln-roza-greipfr-15-ml\/"},"modified":"2025-09-20T07:04:18","modified_gmt":"2025-09-20T07:04:18","slug":"evoluderm-sos-sos-lidz-punktveida-uzkl-pret-adas-nepiln-roza-greipfr-15-ml","status":"publish","type":"product","link":"https:\/\/e.kosmolat.eu\/lt\/produktas\/evoluderm-sos-sos-lidz-punktveida-uzkl-pret-adas-nepiln-roza-greipfr-15-ml\/","title":{"rendered":"EVOLUDERM SOS priemon\u0117 nuo odos defekt\u0173, Rausvasis greipfrutas, 15 ml"},"content":{"rendered":"<p>SOS priemon\u0117 nuo spuog\u0173, praturtinta arbatmed\u017ei\u0173 aliejumi ir cinku. Ji sausina, koreguoja ir ma\u017eina odos tr\u016bkumus. Gaivi gelin\u0117 formul\u0117 greitai \u012fsigeria, valo od\u0105 ir pagerina jos tekst\u016br\u0105. Medetkos sumink\u0161tina ir ramina jau po pirmojo panaudojimo.<\/p>\n<p>Rezultatas: oda tampa lygi ir \u0161vari.<\/p>\n<p>Naudojimas: tepkite priemon\u0119 ant \u0161varios odos<br \/>\ndu kartus per dien\u0105. Venkite patekimo \u012f akis.<\/p>\n<p>Dermatologi\u0161kai patikrinta.<\/p>\n","protected":false},"excerpt":{"rendered":"<p>SOS priemon\u0117 nuo spuog\u0173, praturtinta arbatmed\u017ei\u0173 aliejumi ir cinku. Ji sausina, koreguoja ir ma\u017eina odos tr\u016bkumus. Gaivi gelin\u0117 formul\u0117 greitai \u012fsigeria, valo od\u0105 ir pagerina jos tekst\u016br\u0105. Medetkos sumink\u0161tina ir ramina jau po pirmojo panaudojimo. Rezultatas: oda tampa lygi ir \u0161vari. Naudojimas: tepkite priemon\u0119 ant \u0161varios odos du kartus per dien\u0105. Venkite patekimo \u012f akis. [&#8230;]\n","protected":false},"featured_media":94422,"template":"","meta":[],"product_cat":[1322],"product_tag":[],"class_list":{"0":"post-73865","1":"product","2":"type-product","3":"status-publish","4":"has-post-thumbnail","6":"product_brand-evoluderm-lt","7":"product_cat-veido-kremai","9":"first","10":"outofstock","11":"taxable","12":"shipping-taxable","13":"product-type-simple"},"_links":{"self":[{"href":"https:\/\/e.kosmolat.eu\/lt\/wp-json\/wp\/v2\/product\/73865","targetHints":{"allow":["GET"]}}],"collection":[{"href":"https:\/\/e.kosmolat.eu\/lt\/wp-json\/wp\/v2\/product"}],"about":[{"href":"https:\/\/e.kosmolat.eu\/lt\/wp-json\/wp\/v2\/types\/product"}],"wp:featuredmedia":[{"embeddable":true,"href":"https:\/\/e.kosmolat.eu\/lt\/wp-json\/wp\/v2\/media\/94422"}],"wp:attachment":[{"href":"https:\/\/e.kosmolat.eu\/lt\/wp-json\/wp\/v2\/media?parent=73865"}],"wp:term":[{"taxonomy":"product_cat","embeddable":true,"href":"https:\/\/e.kosmolat.eu\/lt\/wp-json\/wp\/v2\/product_cat?post=73865"},{"taxonomy":"product_tag","embeddable":true,"href":"https:\/\/e.kosmolat.eu\/lt\/wp-json\/wp\/v2\/product_tag?post=73865"}],"curies":[{"name":"wp","href":"https:\/\/api.w.org\/{rel}","templated":true}]}}