{"id":73857,"date":"2025-07-08T04:08:13","date_gmt":"2025-07-08T04:08:13","guid":{"rendered":"https:\/\/e.kosmolat.eu\/product\/evoluderm-2-in-1-attir-lidz-sejas-maska-pret-adas-nepilnibam-roza-greipfr-150-ml\/"},"modified":"2026-04-17T08:23:20","modified_gmt":"2026-04-17T08:23:20","slug":"evoluderm-2-in-1-attir-lidz-sejas-maska-pret-adas-nepilnibam-roza-greipfr-150-ml","status":"publish","type":"product","link":"https:\/\/e.kosmolat.eu\/lt\/produktas\/evoluderm-2-in-1-attir-lidz-sejas-maska-pret-adas-nepilnibam-roza-greipfr-150-ml\/","title":{"rendered":"EVOLUDERM  2in1 prausiklis \/ veido kauk\u0117 nuo odos tr\u016bkum\u0173 Rausvasis greipfrutas, 150 ml"},"content":{"rendered":"<p>Prausiklis\/kauk\u0117, praturtinta cinku ir rausv\u0173j\u0173 greipfrut\u0173 ekstraktu, pasi\u017eymi valomosiomis savyb\u0117mis: \u0161velniai pa\u0161alina ne\u0161varumus ir padeda suma\u017einti odos tr\u016bkumus. Sugeriamosiomis savyb\u0117mis pasi\u017eyminti molio formul\u0117 giliai valo poras ir sugeria riebal\u0173 pertekli\u0173.<\/p>\n<p>Rezultatas: odos tekst\u016bra pastebimai pager\u0117ja, netobulumai i\u0161nyksta.<\/p>\n<p>Naudojimas: Kasdien tepkite ant dr\u0117gnos odos, \u012fmasa\u017euokite, tada nuplaukite.<\/p>\n<p>Kart\u0105 ar du per savait\u0119 naudokite kaip kauk\u0119: tepkite ant sausos odos, palikite 5\u201310 minu\u010di\u0173, tada kruop\u0161\u010diai nuplaukite. Venkite patekimo \u012f akis.<\/p>\n<p>Dermatologi\u0161kai patikrinta.<\/p>\n","protected":false},"excerpt":{"rendered":"<p>Prausiklis\/kauk\u0117, praturtinta cinku ir rausv\u0173j\u0173 greipfrut\u0173 ekstraktu, pasi\u017eymi valomosiomis savyb\u0117mis: \u0161velniai pa\u0161alina ne\u0161varumus ir padeda suma\u017einti odos tr\u016bkumus. Sugeriamosiomis savyb\u0117mis pasi\u017eyminti molio formul\u0117 giliai valo poras ir sugeria riebal\u0173 pertekli\u0173. Rezultatas: odos tekst\u016bra pastebimai pager\u0117ja, netobulumai i\u0161nyksta. Naudojimas: Kasdien tepkite ant dr\u0117gnos odos, \u012fmasa\u017euokite, tada nuplaukite. Kart\u0105 ar du per savait\u0119 naudokite kaip kauk\u0119: tepkite [&#8230;]\n","protected":false},"featured_media":80494,"template":"","meta":[],"product_cat":[2181],"product_tag":[],"class_list":{"0":"post-73857","1":"product","2":"type-product","3":"status-publish","4":"has-post-thumbnail","6":"product_brand-evoluderm-lt","7":"product_cat-bez-kategorijas-lt","9":"first","10":"instock","11":"taxable","12":"shipping-taxable","13":"product-type-simple"},"_links":{"self":[{"href":"https:\/\/e.kosmolat.eu\/lt\/wp-json\/wp\/v2\/product\/73857","targetHints":{"allow":["GET"]}}],"collection":[{"href":"https:\/\/e.kosmolat.eu\/lt\/wp-json\/wp\/v2\/product"}],"about":[{"href":"https:\/\/e.kosmolat.eu\/lt\/wp-json\/wp\/v2\/types\/product"}],"wp:featuredmedia":[{"embeddable":true,"href":"https:\/\/e.kosmolat.eu\/lt\/wp-json\/wp\/v2\/media\/80494"}],"wp:attachment":[{"href":"https:\/\/e.kosmolat.eu\/lt\/wp-json\/wp\/v2\/media?parent=73857"}],"wp:term":[{"taxonomy":"product_cat","embeddable":true,"href":"https:\/\/e.kosmolat.eu\/lt\/wp-json\/wp\/v2\/product_cat?post=73857"},{"taxonomy":"product_tag","embeddable":true,"href":"https:\/\/e.kosmolat.eu\/lt\/wp-json\/wp\/v2\/product_tag?post=73857"}],"curies":[{"name":"wp","href":"https:\/\/api.w.org\/{rel}","templated":true}]}}