{"id":73849,"date":"2025-07-08T04:07:56","date_gmt":"2025-07-08T04:07:56","guid":{"rendered":"https:\/\/e.kosmolat.eu\/product\/evoluderm-eksfol-attir-zeleja-pret-adas-nepiln-roza-greipfruts-150-ml\/"},"modified":"2026-04-09T15:55:50","modified_gmt":"2026-04-09T15:55:50","slug":"evoluderm-eksfol-attir-zeleja-pret-adas-nepiln-roza-greipfruts-150-ml","status":"publish","type":"product","link":"https:\/\/e.kosmolat.eu\/lt\/produktas\/evoluderm-eksfol-attir-zeleja-pret-adas-nepiln-roza-greipfruts-150-ml\/","title":{"rendered":"EVOLUDERM \u0161vei\u010diamasis prausimosi gelis nuo odos defekt\u0173, Rausvasis greipfrutas, 150 ml"},"content":{"rendered":"<p>\u0160vei\u010diamasis veido prausiklis su rausv\u0173j\u0173 greipfrut\u0173 ekstraktu ir cinku. Valo ir gaivina od\u0105, padeda suma\u017einti netobulumus ir pa\u0161alinti riebal\u0173 pertekli\u0173. Mikro ry\u017ei\u0173 dalel\u0117s \u0161velniai \u0161vei\u010dia, palikdamos od\u0105 \u0161vari\u0105 ir gaivi\u0105.<\/p>\n<p>Naudojimas: Tepkite ant dr\u0117gnos odos, \u012fmasa\u017euokite, vengdami patekimo \u012f akis, tada kruop\u0161\u010diai nuplaukite.<\/p>\n<p>Atsargumo priemon\u0117s: Patekus \u012f akis, nedelsiant gerai praplauti vandeniu.<\/p>\n<p>Dermatologi\u0161kai patikrinta.<\/p>\n","protected":false},"excerpt":{"rendered":"<p>\u0160vei\u010diamasis veido prausiklis su rausv\u0173j\u0173 greipfrut\u0173 ekstraktu ir cinku. Valo ir gaivina od\u0105, padeda suma\u017einti netobulumus ir pa\u0161alinti riebal\u0173 pertekli\u0173. Mikro ry\u017ei\u0173 dalel\u0117s \u0161velniai \u0161vei\u010dia, palikdamos od\u0105 \u0161vari\u0105 ir gaivi\u0105. Naudojimas: Tepkite ant dr\u0117gnos odos, \u012fmasa\u017euokite, vengdami patekimo \u012f akis, tada kruop\u0161\u010diai nuplaukite. Atsargumo priemon\u0117s: Patekus \u012f akis, nedelsiant gerai praplauti vandeniu. Dermatologi\u0161kai patikrinta.<\/p>\n","protected":false},"featured_media":80490,"template":"","meta":[],"product_cat":[1396],"product_tag":[],"class_list":{"0":"post-73849","1":"product","2":"type-product","3":"status-publish","4":"has-post-thumbnail","6":"product_brand-evoluderm-lt","7":"product_cat-veido-sveitikliai-ir-pilingai","9":"first","10":"instock","11":"taxable","12":"shipping-taxable","13":"product-type-simple"},"_links":{"self":[{"href":"https:\/\/e.kosmolat.eu\/lt\/wp-json\/wp\/v2\/product\/73849","targetHints":{"allow":["GET"]}}],"collection":[{"href":"https:\/\/e.kosmolat.eu\/lt\/wp-json\/wp\/v2\/product"}],"about":[{"href":"https:\/\/e.kosmolat.eu\/lt\/wp-json\/wp\/v2\/types\/product"}],"wp:featuredmedia":[{"embeddable":true,"href":"https:\/\/e.kosmolat.eu\/lt\/wp-json\/wp\/v2\/media\/80490"}],"wp:attachment":[{"href":"https:\/\/e.kosmolat.eu\/lt\/wp-json\/wp\/v2\/media?parent=73849"}],"wp:term":[{"taxonomy":"product_cat","embeddable":true,"href":"https:\/\/e.kosmolat.eu\/lt\/wp-json\/wp\/v2\/product_cat?post=73849"},{"taxonomy":"product_tag","embeddable":true,"href":"https:\/\/e.kosmolat.eu\/lt\/wp-json\/wp\/v2\/product_tag?post=73849"}],"curies":[{"name":"wp","href":"https:\/\/api.w.org\/{rel}","templated":true}]}}