{"id":73841,"date":"2025-07-08T04:07:39","date_gmt":"2025-07-08T04:07:39","guid":{"rendered":"https:\/\/e.kosmolat.eu\/product\/evoluderm-attir-losjons-pret-adas-nepiln-roza-greipfruts-200-ml\/"},"modified":"2026-05-08T19:17:33","modified_gmt":"2026-05-08T19:17:33","slug":"evoluderm-attir-losjons-pret-adas-nepiln-roza-greipfruts-200-ml","status":"publish","type":"product","link":"https:\/\/e.kosmolat.eu\/lt\/produktas\/evoluderm-attir-losjons-pret-adas-nepiln-roza-greipfruts-200-ml\/","title":{"rendered":"EVOLUDERM valomasis losjonas nuo odos defekt\u0173, Rausvasis greipfrutas, 200 ml"},"content":{"rendered":"<p>Valomasis losjonas buvo specialiai sukurtas giliai i\u0161valyti od\u0105 ir pagerinti jos tekst\u016br\u0105. D\u0117l veikli\u0173j\u0173 med\u017eiag\u0173 ir rausvojo greipfruto ekstrakto jis atkem\u0161a poras ir pa\u0161alina riebal\u0173 pertekli\u0173 \u2013 pagrindin\u0119 odos netobulum\u0173 ir riebaus blizgesio prie\u017east\u012f. Losjonas nesausina odos, tod\u0117l ji tampa \u0161vari ir spindinti.<\/p>\n<p>Rezultatas: oda tampa gaivi ir idealiai \u0161vari.<\/p>\n<p>Naudojimo instrukcijos: tepkite ryte ir vakare ant kruop\u0161\u010diai nuvalytos odos prie\u0161 dr\u0117kinam\u0105j\u012f krem\u0105, vengdami patekimo \u012f akis. Nelaikykite auk\u0161tesn\u0117je nei 40 \u00b0C temperat\u016broje.<\/p>\n<p>Dermatologi\u0161kai patikrinta.<\/p>\n","protected":false},"excerpt":{"rendered":"<p>Valomasis losjonas buvo specialiai sukurtas giliai i\u0161valyti od\u0105 ir pagerinti jos tekst\u016br\u0105. D\u0117l veikli\u0173j\u0173 med\u017eiag\u0173 ir rausvojo greipfruto ekstrakto jis atkem\u0161a poras ir pa\u0161alina riebal\u0173 pertekli\u0173 \u2013 pagrindin\u0119 odos netobulum\u0173 ir riebaus blizgesio prie\u017east\u012f. Losjonas nesausina odos, tod\u0117l ji tampa \u0161vari ir spindinti. Rezultatas: oda tampa gaivi ir idealiai \u0161vari. Naudojimo instrukcijos: tepkite ryte ir [&#8230;]\n","protected":false},"featured_media":80486,"template":"","meta":[],"product_cat":[1580],"product_tag":[],"class_list":{"0":"post-73841","1":"product","2":"type-product","3":"status-publish","4":"has-post-thumbnail","6":"product_brand-evoluderm-lt","7":"product_cat-losjonai-ir-tonikai","9":"first","10":"instock","11":"taxable","12":"shipping-taxable","13":"product-type-simple"},"_links":{"self":[{"href":"https:\/\/e.kosmolat.eu\/lt\/wp-json\/wp\/v2\/product\/73841","targetHints":{"allow":["GET"]}}],"collection":[{"href":"https:\/\/e.kosmolat.eu\/lt\/wp-json\/wp\/v2\/product"}],"about":[{"href":"https:\/\/e.kosmolat.eu\/lt\/wp-json\/wp\/v2\/types\/product"}],"wp:featuredmedia":[{"embeddable":true,"href":"https:\/\/e.kosmolat.eu\/lt\/wp-json\/wp\/v2\/media\/80486"}],"wp:attachment":[{"href":"https:\/\/e.kosmolat.eu\/lt\/wp-json\/wp\/v2\/media?parent=73841"}],"wp:term":[{"taxonomy":"product_cat","embeddable":true,"href":"https:\/\/e.kosmolat.eu\/lt\/wp-json\/wp\/v2\/product_cat?post=73841"},{"taxonomy":"product_tag","embeddable":true,"href":"https:\/\/e.kosmolat.eu\/lt\/wp-json\/wp\/v2\/product_tag?post=73841"}],"curies":[{"name":"wp","href":"https:\/\/api.w.org\/{rel}","templated":true}]}}