{"id":73832,"date":"2025-07-05T04:37:39","date_gmt":"2025-07-05T04:37:39","guid":{"rendered":"https:\/\/e.kosmolat.eu\/product\/evoluderm-attirosa-zeleja-pret-adas-nepilnibam-250-ml\/"},"modified":"2025-09-20T07:04:48","modified_gmt":"2025-09-20T07:04:48","slug":"evoluderm-attirosa-zeleja-pret-adas-nepilnibam-250-ml","status":"publish","type":"product","link":"https:\/\/e.kosmolat.eu\/lt\/produktas\/evoluderm-attirosa-zeleja-pret-adas-nepilnibam-250-ml\/","title":{"rendered":"EVOLUDERM valomasis gelis odos tr\u016bkumams \u0161alinti, 250 ml"},"content":{"rendered":"<p>Valomasis gelis efektyviai atkem\u0161a poras ir padeda i\u0161vengti ink\u0161tir\u0173. Praturtintas cinku ir rausv\u0173j\u0173 vynuogi\u0173 ekstraktu, jis pa\u0161alina riebal\u0173 pertekli\u0173 ir ne\u0161varumus. Raminan\u010dios medetk\u0173 ir vitamino E savyb\u0117s suma\u017eina odos tr\u016bkumus ir suteikia odai gaivumo bei \u0161varos \u012fsp\u016bd\u012f.<\/p>\n<p>Naudojimas: tepkite ant dr\u0117gnos odos ryte ir vakare, \u012ftrinkite, suputokite, vengdami patekimo \u012f akis, tada kruop\u0161\u010diai nuplaukite. <\/p>\n<p>Be muilo. Dermatologi\u0161kai patikrinta.<\/p>\n","protected":false},"excerpt":{"rendered":"<p>Valomasis gelis efektyviai atkem\u0161a poras ir padeda i\u0161vengti ink\u0161tir\u0173. Praturtintas cinku ir rausv\u0173j\u0173 vynuogi\u0173 ekstraktu, jis pa\u0161alina riebal\u0173 pertekli\u0173 ir ne\u0161varumus. Raminan\u010dios medetk\u0173 ir vitamino E savyb\u0117s suma\u017eina odos tr\u016bkumus ir suteikia odai gaivumo bei \u0161varos \u012fsp\u016bd\u012f. Naudojimas: tepkite ant dr\u0117gnos odos ryte ir vakare, \u012ftrinkite, suputokite, vengdami patekimo \u012f akis, tada kruop\u0161\u010diai nuplaukite. Be [&#8230;]\n","protected":false},"featured_media":94430,"template":"","meta":[],"product_cat":[1577],"product_tag":[],"class_list":{"0":"post-73832","1":"product","2":"type-product","3":"status-publish","4":"has-post-thumbnail","6":"product_brand-evoluderm-lt","7":"product_cat-gelis","9":"first","10":"instock","11":"taxable","12":"shipping-taxable","13":"product-type-simple"},"_links":{"self":[{"href":"https:\/\/e.kosmolat.eu\/lt\/wp-json\/wp\/v2\/product\/73832","targetHints":{"allow":["GET"]}}],"collection":[{"href":"https:\/\/e.kosmolat.eu\/lt\/wp-json\/wp\/v2\/product"}],"about":[{"href":"https:\/\/e.kosmolat.eu\/lt\/wp-json\/wp\/v2\/types\/product"}],"wp:featuredmedia":[{"embeddable":true,"href":"https:\/\/e.kosmolat.eu\/lt\/wp-json\/wp\/v2\/media\/94430"}],"wp:attachment":[{"href":"https:\/\/e.kosmolat.eu\/lt\/wp-json\/wp\/v2\/media?parent=73832"}],"wp:term":[{"taxonomy":"product_cat","embeddable":true,"href":"https:\/\/e.kosmolat.eu\/lt\/wp-json\/wp\/v2\/product_cat?post=73832"},{"taxonomy":"product_tag","embeddable":true,"href":"https:\/\/e.kosmolat.eu\/lt\/wp-json\/wp\/v2\/product_tag?post=73832"}],"curies":[{"name":"wp","href":"https:\/\/api.w.org\/{rel}","templated":true}]}}