{"id":73824,"date":"2025-07-05T04:37:19","date_gmt":"2025-07-05T04:37:19","guid":{"rendered":"https:\/\/e.kosmolat.eu\/product\/evoluderm-attiir-micelar-skid-pret-adas-nepilnibam-250-ml\/"},"modified":"2026-04-07T10:03:55","modified_gmt":"2026-04-07T10:03:55","slug":"evoluderm-attiir-micelar-skid-pret-adas-nepilnibam-250-ml","status":"publish","type":"product","link":"https:\/\/e.kosmolat.eu\/lt\/produktas\/evoluderm-attiir-micelar-skid-pret-adas-nepilnibam-250-ml\/","title":{"rendered":"EVOLUDERM valomasis micelinis tirpalas nuo odos netobulum\u0173, 250 ml"},"content":{"rendered":"<p>Micelinis valomasis tirpalas \u0161velniai pa\u0161alina makia\u017e\u0105 nuo veido, aki\u0173 ir l\u016bp\u0173 odos. Micel\u0117s efektyviai pritraukia ir pa\u0161alina visus ne\u0161varumus bei makia\u017eo liku\u010dius. Formul\u0117 praturtinta valomuoju cinku ir rausv\u0173j\u0173 greipfrut\u0173 ekstraktu, padeda suma\u017einti odos tr\u016bkumus ir sutraukti poras.<br \/>\nD\u0117l alantoino ir pantenolio mink\u0161tinam\u0173j\u0173 savybi\u0173 jis ramina od\u0105 i\u0161 kart u\u017etepus.<\/p>\n<p>Rezultatas: \u0161vari ir gaivi oda.<\/p>\n<p>Naudojimas: ryte ir vakare tepkite ant veido odos vatos diskeliu. Nuplauti nereikia.<\/p>\n<p>Sud\u0117tyje n\u0117ra alkoholio. Dermatologi\u0161kai patikrintas.<\/p>\n","protected":false},"excerpt":{"rendered":"<p>Micelinis valomasis tirpalas \u0161velniai pa\u0161alina makia\u017e\u0105 nuo veido, aki\u0173 ir l\u016bp\u0173 odos. Micel\u0117s efektyviai pritraukia ir pa\u0161alina visus ne\u0161varumus bei makia\u017eo liku\u010dius. Formul\u0117 praturtinta valomuoju cinku ir rausv\u0173j\u0173 greipfrut\u0173 ekstraktu, padeda suma\u017einti odos tr\u016bkumus ir sutraukti poras. D\u0117l alantoino ir pantenolio mink\u0161tinam\u0173j\u0173 savybi\u0173 jis ramina od\u0105 i\u0161 kart u\u017etepus. Rezultatas: \u0161vari ir gaivi oda. Naudojimas: [&#8230;]\n","protected":false},"featured_media":94426,"template":"","meta":[],"product_cat":[2181],"product_tag":[],"class_list":{"0":"post-73824","1":"product","2":"type-product","3":"status-publish","4":"has-post-thumbnail","6":"product_brand-evoluderm-lt","7":"product_cat-bez-kategorijas-lt","9":"first","10":"instock","11":"taxable","12":"shipping-taxable","13":"product-type-simple"},"_links":{"self":[{"href":"https:\/\/e.kosmolat.eu\/lt\/wp-json\/wp\/v2\/product\/73824","targetHints":{"allow":["GET"]}}],"collection":[{"href":"https:\/\/e.kosmolat.eu\/lt\/wp-json\/wp\/v2\/product"}],"about":[{"href":"https:\/\/e.kosmolat.eu\/lt\/wp-json\/wp\/v2\/types\/product"}],"wp:featuredmedia":[{"embeddable":true,"href":"https:\/\/e.kosmolat.eu\/lt\/wp-json\/wp\/v2\/media\/94426"}],"wp:attachment":[{"href":"https:\/\/e.kosmolat.eu\/lt\/wp-json\/wp\/v2\/media?parent=73824"}],"wp:term":[{"taxonomy":"product_cat","embeddable":true,"href":"https:\/\/e.kosmolat.eu\/lt\/wp-json\/wp\/v2\/product_cat?post=73824"},{"taxonomy":"product_tag","embeddable":true,"href":"https:\/\/e.kosmolat.eu\/lt\/wp-json\/wp\/v2\/product_tag?post=73824"}],"curies":[{"name":"wp","href":"https:\/\/api.w.org\/{rel}","templated":true}]}}