{"id":73759,"date":"2025-07-03T14:20:55","date_gmt":"2025-07-03T14:20:55","guid":{"rendered":"https:\/\/e.kosmolat.eu\/product\/dsc-rosemary-mint-conditioner-30-6fl-oz-907ml-bottle\/"},"modified":"2026-04-23T09:28:49","modified_gmt":"2026-04-23T09:28:49","slug":"dsc-rosemary-mint-kondic-ar-naves-jur-miner-rozm-un-piparm-907-ml","status":"publish","type":"product","link":"https:\/\/e.kosmolat.eu\/lt\/produktas\/dsc-rosemary-mint-kondic-ar-naves-jur-miner-rozm-un-piparm-907-ml\/","title":{"rendered":"DEAD SEA COLLECTION Rosemary &#038; Mint Kondicionierius su rozmarinais, m\u0117tomis ir Negyvosios j\u016bros mine"},"content":{"rendered":"<p>Dr\u0117kinamasis ir atkuriamasis. Kondicionierius praturtintas Negyvosios j\u016bros mineralais, \u017einomais d\u0117l savo gydom\u0173j\u0173 savybi\u0173, ir sustiprintas stimuliuojan\u010diu rozmarinu bei raminan\u010dia m\u0117ta. \u0160i pa\u017eangi kondicionieriaus formul\u0117 stiprina plaukus, suteikia jiems storesni\u0173 ir sveikesni\u0173 skoni\u0173, apimties, blizgesio ir spindesio.<\/p>\n<p>Naudojimas: Po \u0161amp\u016bno naudojimo pa\u0161alinkite i\u0161 plauk\u0173 dr\u0117gm\u0117s pertekli\u0173. Tepkite kondicionieri\u0173 nuo plauk\u0173 vidurio iki galiuk\u0173. Palaikykite 2\u20134 minutes, tada kruop\u0161\u010diai nuplaukite.<\/p>\n","protected":false},"excerpt":{"rendered":"<p>Dr\u0117kinamasis ir atkuriamasis. Kondicionierius praturtintas Negyvosios j\u016bros mineralais, \u017einomais d\u0117l savo gydom\u0173j\u0173 savybi\u0173, ir sustiprintas stimuliuojan\u010diu rozmarinu bei raminan\u010dia m\u0117ta. \u0160i pa\u017eangi kondicionieriaus formul\u0117 stiprina plaukus, suteikia jiems storesni\u0173 ir sveikesni\u0173 skoni\u0173, apimties, blizgesio ir spindesio. Naudojimas: Po \u0161amp\u016bno naudojimo pa\u0161alinkite i\u0161 plauk\u0173 dr\u0117gm\u0117s pertekli\u0173. Tepkite kondicionieri\u0173 nuo plauk\u0173 vidurio iki galiuk\u0173. Palaikykite 2\u20134 minutes, [&#8230;]\n","protected":false},"featured_media":93890,"template":"","meta":[],"product_cat":[1640],"product_tag":[],"class_list":{"0":"post-73759","1":"product","2":"type-product","3":"status-publish","4":"has-post-thumbnail","6":"product_brand-dead-sea_il-lt","7":"product_cat-balzamai","9":"first","10":"instock","11":"taxable","12":"shipping-taxable","13":"product-type-simple"},"_links":{"self":[{"href":"https:\/\/e.kosmolat.eu\/lt\/wp-json\/wp\/v2\/product\/73759","targetHints":{"allow":["GET"]}}],"collection":[{"href":"https:\/\/e.kosmolat.eu\/lt\/wp-json\/wp\/v2\/product"}],"about":[{"href":"https:\/\/e.kosmolat.eu\/lt\/wp-json\/wp\/v2\/types\/product"}],"wp:featuredmedia":[{"embeddable":true,"href":"https:\/\/e.kosmolat.eu\/lt\/wp-json\/wp\/v2\/media\/93890"}],"wp:attachment":[{"href":"https:\/\/e.kosmolat.eu\/lt\/wp-json\/wp\/v2\/media?parent=73759"}],"wp:term":[{"taxonomy":"product_cat","embeddable":true,"href":"https:\/\/e.kosmolat.eu\/lt\/wp-json\/wp\/v2\/product_cat?post=73759"},{"taxonomy":"product_tag","embeddable":true,"href":"https:\/\/e.kosmolat.eu\/lt\/wp-json\/wp\/v2\/product_tag?post=73759"}],"curies":[{"name":"wp","href":"https:\/\/api.w.org\/{rel}","templated":true}]}}