{"id":73751,"date":"2025-07-03T13:50:56","date_gmt":"2025-07-03T13:50:56","guid":{"rendered":"https:\/\/e.kosmolat.eu\/product\/dsc-rosemary-mint-shampoo-33-8fl-oz-1000ml-bottle\/"},"modified":"2026-04-20T10:59:55","modified_gmt":"2026-04-20T10:59:55","slug":"dsc-rosemary-mint-samp-ar-naves-jur-miner-rozm-un-piparm-1-l","status":"publish","type":"product","link":"https:\/\/e.kosmolat.eu\/lt\/produktas\/dsc-rosemary-mint-samp-ar-naves-jur-miner-rozm-un-piparm-1-l\/","title":{"rendered":"DEAD SEA COLLECTION Rosemary &#038; Mint   \u0160amp\u016bnas su rozmarinais, m\u0117tomis ir Negyvosios j\u016bros mineralai"},"content":{"rendered":"<p>Dr\u0117kinamasis ir atkuriamasis. Praturtintas Negyvosios j\u016bros mineralais, gars\u0117jan\u010diais gydomosiomis savyb\u0117mis, \u0161is \u0161amp\u016bnas yra papildytas stimuliuojan\u010diu rozmarinu ir raminan\u010dia m\u0117ta. \u0160i pa\u017eangi formul\u0117 padeda stiprinti plaukus, padaryti juos storesnius ir sveikesnius, atkurti blizges\u012f ir spindes\u012f, stimuliuoja plauk\u0173 folikulus ir suteikia apimties.<\/p>\n<p>Naudojimas: u\u017etepkite pakankam\u0105 kiek\u012f \u0161amp\u016bno ant dr\u0117gn\u0173 plauk\u0173, \u012ftrinkite, \u012fmasa\u017euokite galvos od\u0105 ir plaukus, tada kruop\u0161\u010diai i\u0161skalaukite. Geriausiems rezultatams pasiekti naudokite kondicionieri\u0173 \u2013 jis suteiks plaukams blizgesio, apimties ir mink\u0161tumo.<\/p>\n","protected":false},"excerpt":{"rendered":"<p>Dr\u0117kinamasis ir atkuriamasis. Praturtintas Negyvosios j\u016bros mineralais, gars\u0117jan\u010diais gydomosiomis savyb\u0117mis, \u0161is \u0161amp\u016bnas yra papildytas stimuliuojan\u010diu rozmarinu ir raminan\u010dia m\u0117ta. \u0160i pa\u017eangi formul\u0117 padeda stiprinti plaukus, padaryti juos storesnius ir sveikesnius, atkurti blizges\u012f ir spindes\u012f, stimuliuoja plauk\u0173 folikulus ir suteikia apimties. Naudojimas: u\u017etepkite pakankam\u0105 kiek\u012f \u0161amp\u016bno ant dr\u0117gn\u0173 plauk\u0173, \u012ftrinkite, \u012fmasa\u017euokite galvos od\u0105 ir plaukus, tada [&#8230;]\n","protected":false},"featured_media":93886,"template":"","meta":[],"product_cat":[1251],"product_tag":[],"class_list":{"0":"post-73751","1":"product","2":"type-product","3":"status-publish","4":"has-post-thumbnail","6":"product_brand-dead-sea_il-lt","7":"product_cat-sampunai","9":"first","10":"outofstock","11":"taxable","12":"shipping-taxable","13":"product-type-simple"},"_links":{"self":[{"href":"https:\/\/e.kosmolat.eu\/lt\/wp-json\/wp\/v2\/product\/73751","targetHints":{"allow":["GET"]}}],"collection":[{"href":"https:\/\/e.kosmolat.eu\/lt\/wp-json\/wp\/v2\/product"}],"about":[{"href":"https:\/\/e.kosmolat.eu\/lt\/wp-json\/wp\/v2\/types\/product"}],"wp:featuredmedia":[{"embeddable":true,"href":"https:\/\/e.kosmolat.eu\/lt\/wp-json\/wp\/v2\/media\/93886"}],"wp:attachment":[{"href":"https:\/\/e.kosmolat.eu\/lt\/wp-json\/wp\/v2\/media?parent=73751"}],"wp:term":[{"taxonomy":"product_cat","embeddable":true,"href":"https:\/\/e.kosmolat.eu\/lt\/wp-json\/wp\/v2\/product_cat?post=73751"},{"taxonomy":"product_tag","embeddable":true,"href":"https:\/\/e.kosmolat.eu\/lt\/wp-json\/wp\/v2\/product_tag?post=73751"}],"curies":[{"name":"wp","href":"https:\/\/api.w.org\/{rel}","templated":true}]}}