{"id":73747,"date":"2025-07-03T12:50:46","date_gmt":"2025-07-03T12:50:46","guid":{"rendered":"https:\/\/e.kosmolat.eu\/product\/dsc-keratin-mineralu-kondicionieris-ar-naves-juiras-miner-un-kerat-1-l\/"},"modified":"2026-04-23T13:08:37","modified_gmt":"2026-04-23T13:08:37","slug":"dsc-keratin-kondic-ar-naves-juiras-miner-un-kerat-907-ml","status":"publish","type":"product","link":"https:\/\/e.kosmolat.eu\/lt\/produktas\/dsc-keratin-kondic-ar-naves-juiras-miner-un-kerat-907-ml\/","title":{"rendered":"DEAD SEA COLLECTION Keratin kondicionierius su keratinu ir Negyvosios j\u016bros mineralais, 907 ml"},"content":{"rendered":"<p>Dr\u0117kinamasis ir maitinamasis. Keratino kondicionierius padeda dr\u0117kinti ir maitinti plaukus. Praturtintas Negyvosios j\u016bros mineralais, \u017einomais d\u0117l savo gydom\u0173j\u0173 savybi\u0173, ir sustiprintas stiprinamaisiais keratino baltymais. Kondicionierius stiprina ir apsaugo plaukus, suteikia jiems blizgesio ir spindesio. Palengvina formavim\u0105, suma\u017eina l\u016b\u017ein\u0117jim\u0105.<\/p>\n<p>Naudojimas: Po \u0161amp\u016bno naudojimo pa\u0161alinkite i\u0161 plauk\u0173 dr\u0117gm\u0117s pertekli\u0173. Tepkite kondicionieri\u0173 nuo plauk\u0173 vidurio iki galiuk\u0173. Palaikykite 2\u20134 minutes, tada kruop\u0161\u010diai nuplaukite.<\/p>\n","protected":false},"excerpt":{"rendered":"<p>Dr\u0117kinamasis ir maitinamasis. Keratino kondicionierius padeda dr\u0117kinti ir maitinti plaukus. Praturtintas Negyvosios j\u016bros mineralais, \u017einomais d\u0117l savo gydom\u0173j\u0173 savybi\u0173, ir sustiprintas stiprinamaisiais keratino baltymais. Kondicionierius stiprina ir apsaugo plaukus, suteikia jiems blizgesio ir spindesio. Palengvina formavim\u0105, suma\u017eina l\u016b\u017ein\u0117jim\u0105. Naudojimas: Po \u0161amp\u016bno naudojimo pa\u0161alinkite i\u0161 plauk\u0173 dr\u0117gm\u0117s pertekli\u0173. Tepkite kondicionieri\u0173 nuo plauk\u0173 vidurio iki galiuk\u0173. Palaikykite [&#8230;]\n","protected":false},"featured_media":93898,"template":"","meta":[],"product_cat":[1640],"product_tag":[],"class_list":{"0":"post-73747","1":"product","2":"type-product","3":"status-publish","4":"has-post-thumbnail","6":"product_brand-dead-sea_il-lt","7":"product_cat-balzamai","9":"first","10":"instock","11":"taxable","12":"shipping-taxable","13":"product-type-simple"},"_links":{"self":[{"href":"https:\/\/e.kosmolat.eu\/lt\/wp-json\/wp\/v2\/product\/73747","targetHints":{"allow":["GET"]}}],"collection":[{"href":"https:\/\/e.kosmolat.eu\/lt\/wp-json\/wp\/v2\/product"}],"about":[{"href":"https:\/\/e.kosmolat.eu\/lt\/wp-json\/wp\/v2\/types\/product"}],"wp:featuredmedia":[{"embeddable":true,"href":"https:\/\/e.kosmolat.eu\/lt\/wp-json\/wp\/v2\/media\/93898"}],"wp:attachment":[{"href":"https:\/\/e.kosmolat.eu\/lt\/wp-json\/wp\/v2\/media?parent=73747"}],"wp:term":[{"taxonomy":"product_cat","embeddable":true,"href":"https:\/\/e.kosmolat.eu\/lt\/wp-json\/wp\/v2\/product_cat?post=73747"},{"taxonomy":"product_tag","embeddable":true,"href":"https:\/\/e.kosmolat.eu\/lt\/wp-json\/wp\/v2\/product_tag?post=73747"}],"curies":[{"name":"wp","href":"https:\/\/api.w.org\/{rel}","templated":true}]}}