{"id":73743,"date":"2025-07-03T12:36:47","date_gmt":"2025-07-03T12:36:47","guid":{"rendered":"https:\/\/e.kosmolat.eu\/product\/dsc-keratin-shampoo-33-8fl-oz-1000ml-bottle\/"},"modified":"2026-04-24T05:56:58","modified_gmt":"2026-04-24T05:56:58","slug":"dsc-keratin-mineralu-samp-ar-naves-juiras-miner-un-kerat-1-l","status":"publish","type":"product","link":"https:\/\/e.kosmolat.eu\/lt\/produktas\/dsc-keratin-mineralu-samp-ar-naves-juiras-miner-un-kerat-1-l\/","title":{"rendered":"DEAD SEA COLLECTION Keratin Mineralinis \u0161amp\u016bnas su keratinu ir Negyvosios j\u016bros mineralais, 1 l"},"content":{"rendered":"<p>Dr\u0117kinamasis ir maitinamasis. Keratino \u0161amp\u016bnas dr\u0117kina ir maitina plaukus. Praturtintas Negyvosios j\u016bros mineralais, \u017einomais d\u0117l savo gydom\u0173j\u0173 savybi\u0173, ir sustiprintas atkuriamuoju keratino poveikiu. \u0160amp\u016bnas \u0161velniai valo plaukus, subtiliai pa\u0161alina apna\u0161as ir formavimo priemoni\u0173 liku\u010dius, stiprina plaukus ir skatina j\u0173 atsinaujinim\u0105. Suteikia blizgesio ir spindesio, tod\u0117l jie tampa gyvybingesni ir sveikesni.<\/p>\n<p>Naudojimas: u\u017etepkite pakankam\u0105 kiek\u012f \u0161amp\u016bno ant dr\u0117gn\u0173 plauk\u0173, \u012ftrinkite, \u012fmasa\u017euokite galvos od\u0105 ir plaukus, tada kruop\u0161\u010diai i\u0161skalaukite. Geriausiems rezultatams pasiekti naudokite kondicionieri\u0173 \u2013 jis suteiks plaukams blizgesio, apimties ir mink\u0161tumo.<\/p>\n","protected":false},"excerpt":{"rendered":"<p>Dr\u0117kinamasis ir maitinamasis. Keratino \u0161amp\u016bnas dr\u0117kina ir maitina plaukus. Praturtintas Negyvosios j\u016bros mineralais, \u017einomais d\u0117l savo gydom\u0173j\u0173 savybi\u0173, ir sustiprintas atkuriamuoju keratino poveikiu. \u0160amp\u016bnas \u0161velniai valo plaukus, subtiliai pa\u0161alina apna\u0161as ir formavimo priemoni\u0173 liku\u010dius, stiprina plaukus ir skatina j\u0173 atsinaujinim\u0105. Suteikia blizgesio ir spindesio, tod\u0117l jie tampa gyvybingesni ir sveikesni. Naudojimas: u\u017etepkite pakankam\u0105 kiek\u012f \u0161amp\u016bno [&#8230;]\n","protected":false},"featured_media":93894,"template":"","meta":[],"product_cat":[1251],"product_tag":[],"class_list":{"0":"post-73743","1":"product","2":"type-product","3":"status-publish","4":"has-post-thumbnail","6":"product_brand-dead-sea_il-lt","7":"product_cat-sampunai","9":"first","10":"instock","11":"taxable","12":"shipping-taxable","13":"product-type-simple"},"_links":{"self":[{"href":"https:\/\/e.kosmolat.eu\/lt\/wp-json\/wp\/v2\/product\/73743","targetHints":{"allow":["GET"]}}],"collection":[{"href":"https:\/\/e.kosmolat.eu\/lt\/wp-json\/wp\/v2\/product"}],"about":[{"href":"https:\/\/e.kosmolat.eu\/lt\/wp-json\/wp\/v2\/types\/product"}],"wp:featuredmedia":[{"embeddable":true,"href":"https:\/\/e.kosmolat.eu\/lt\/wp-json\/wp\/v2\/media\/93894"}],"wp:attachment":[{"href":"https:\/\/e.kosmolat.eu\/lt\/wp-json\/wp\/v2\/media?parent=73743"}],"wp:term":[{"taxonomy":"product_cat","embeddable":true,"href":"https:\/\/e.kosmolat.eu\/lt\/wp-json\/wp\/v2\/product_cat?post=73743"},{"taxonomy":"product_tag","embeddable":true,"href":"https:\/\/e.kosmolat.eu\/lt\/wp-json\/wp\/v2\/product_tag?post=73743"}],"curies":[{"name":"wp","href":"https:\/\/api.w.org\/{rel}","templated":true}]}}