{"id":73731,"date":"2025-07-03T10:36:55","date_gmt":"2025-07-03T10:36:55","guid":{"rendered":"https:\/\/e.kosmolat.eu\/product\/dsc-conditioner-with-biotin-30-6fl-oz-907ml-bottle\/"},"modified":"2026-04-23T09:28:37","modified_gmt":"2026-04-23T09:28:37","slug":"dsc-biotin-mineralu-kondic-ar-naves-juras-miner-un-biotinu-907-ml","status":"publish","type":"product","link":"https:\/\/e.kosmolat.eu\/lt\/produktas\/dsc-biotin-mineralu-kondic-ar-naves-juras-miner-un-biotinu-907-ml\/","title":{"rendered":"DEAD SEA COLLECTION Biotin Mineralinis plauk\u0173 kondicionierius su biotinu ir Negyvosios j\u016bros mineral"},"content":{"rendered":"<p>Dr\u0117kina ir atkuria. Kondicionierius praturtintas Negyvosios j\u016bros mineralais, kurie nuo sen\u0173 laik\u0173 \u017einomi d\u0117l savo gydom\u0173j\u0173 savybi\u0173, ir sustiprintas stiprinamuoju biotino poveikiu. Jis padeda stiprinti ir gerinti plauk\u0173 sveikat\u0105, suteikia jiems blizgesio ir spindesio bei padidina apimt\u012f.<\/p>\n<p>Naudojimas: Po \u0161amp\u016bno naudojimo pa\u0161alinkite i\u0161 plauk\u0173 dr\u0117gm\u0117s pertekli\u0173. Tepkite kondicionieri\u0173 nuo plauk\u0173 vidurio iki galiuk\u0173. Palaikykite 2\u20134 minutes, tada kruop\u0161\u010diai nuplaukite.<\/p>\n","protected":false},"excerpt":{"rendered":"<p>Dr\u0117kina ir atkuria. Kondicionierius praturtintas Negyvosios j\u016bros mineralais, kurie nuo sen\u0173 laik\u0173 \u017einomi d\u0117l savo gydom\u0173j\u0173 savybi\u0173, ir sustiprintas stiprinamuoju biotino poveikiu. Jis padeda stiprinti ir gerinti plauk\u0173 sveikat\u0105, suteikia jiems blizgesio ir spindesio bei padidina apimt\u012f. Naudojimas: Po \u0161amp\u016bno naudojimo pa\u0161alinkite i\u0161 plauk\u0173 dr\u0117gm\u0117s pertekli\u0173. Tepkite kondicionieri\u0173 nuo plauk\u0173 vidurio iki galiuk\u0173. Palaikykite 2\u20134 [&#8230;]\n","protected":false},"featured_media":93882,"template":"","meta":[],"product_cat":[1640],"product_tag":[],"class_list":{"0":"post-73731","1":"product","2":"type-product","3":"status-publish","4":"has-post-thumbnail","6":"product_brand-dead-sea_il-lt","7":"product_cat-balzamai","9":"first","10":"instock","11":"taxable","12":"shipping-taxable","13":"product-type-simple"},"_links":{"self":[{"href":"https:\/\/e.kosmolat.eu\/lt\/wp-json\/wp\/v2\/product\/73731","targetHints":{"allow":["GET"]}}],"collection":[{"href":"https:\/\/e.kosmolat.eu\/lt\/wp-json\/wp\/v2\/product"}],"about":[{"href":"https:\/\/e.kosmolat.eu\/lt\/wp-json\/wp\/v2\/types\/product"}],"wp:featuredmedia":[{"embeddable":true,"href":"https:\/\/e.kosmolat.eu\/lt\/wp-json\/wp\/v2\/media\/93882"}],"wp:attachment":[{"href":"https:\/\/e.kosmolat.eu\/lt\/wp-json\/wp\/v2\/media?parent=73731"}],"wp:term":[{"taxonomy":"product_cat","embeddable":true,"href":"https:\/\/e.kosmolat.eu\/lt\/wp-json\/wp\/v2\/product_cat?post=73731"},{"taxonomy":"product_tag","embeddable":true,"href":"https:\/\/e.kosmolat.eu\/lt\/wp-json\/wp\/v2\/product_tag?post=73731"}],"curies":[{"name":"wp","href":"https:\/\/api.w.org\/{rel}","templated":true}]}}