{"id":73727,"date":"2025-07-03T09:50:44","date_gmt":"2025-07-03T09:50:44","guid":{"rendered":"https:\/\/e.kosmolat.eu\/product\/dsc-shampoo-with-biotin-33-8fl-oz-1000ml-bottle\/"},"modified":"2026-04-16T09:05:26","modified_gmt":"2026-04-16T09:05:26","slug":"dsc-biotin-mineralu-samp-ar-naves-juras-miner-un-biotinu-1-l","status":"publish","type":"product","link":"https:\/\/e.kosmolat.eu\/lt\/produktas\/dsc-biotin-mineralu-samp-ar-naves-juras-miner-un-biotinu-1-l\/","title":{"rendered":"DEAD SEA COLLECTION BiotinMineralinis \u0161amp\u016bnas su biotinu ir Negyvosios j\u016bros mineralais, 1 l"},"content":{"rendered":"<p>Dr\u0117kinamasis ir atkuriamasis. Praturtintas Negyvosios j\u016bros mineralais, nuo sen\u0173 laik\u0173 \u017einomais d\u0117l savo gydom\u0173j\u0173 savybi\u0173, ir sustiprinta stiprinamojo biotino aliejaus poveikiu, formul\u0117 apgaubia kiekvien\u0105 plauk\u0105, pad\u0117dama j\u012f sustiprinti ir pagerinti jo b\u016bkl\u0119 nuo \u0161akn\u0173 iki galiuk\u0173, \u0161velniai pa\u0161alindama formavimo priemoni\u0173 liku\u010dius ir ne\u0161varumus. D\u0117l to plaukai po kiekvieno plovimo tampa stipresni, storesni ir didesn\u0117s apimties.<\/p>\n<p>Naudojimas: u\u017etepkite pakankam\u0105 kiek\u012f \u0161amp\u016bno ant dr\u0117gn\u0173 plauk\u0173, \u012ftrinkite, \u012fmasa\u017euokite galvos od\u0105 ir plaukus, tada kruop\u0161\u010diai i\u0161skalaukite. Geriausiems rezultatams pasiekti naudokite kondicionieri\u0173 \u2013 jis suteiks plaukams blizgesio, apimties ir mink\u0161tumo.<\/p>\n","protected":false},"excerpt":{"rendered":"<p>Dr\u0117kinamasis ir atkuriamasis. Praturtintas Negyvosios j\u016bros mineralais, nuo sen\u0173 laik\u0173 \u017einomais d\u0117l savo gydom\u0173j\u0173 savybi\u0173, ir sustiprinta stiprinamojo biotino aliejaus poveikiu, formul\u0117 apgaubia kiekvien\u0105 plauk\u0105, pad\u0117dama j\u012f sustiprinti ir pagerinti jo b\u016bkl\u0119 nuo \u0161akn\u0173 iki galiuk\u0173, \u0161velniai pa\u0161alindama formavimo priemoni\u0173 liku\u010dius ir ne\u0161varumus. D\u0117l to plaukai po kiekvieno plovimo tampa stipresni, storesni ir didesn\u0117s apimties. [&#8230;]\n","protected":false},"featured_media":93878,"template":"","meta":[],"product_cat":[1251],"product_tag":[],"class_list":{"0":"post-73727","1":"product","2":"type-product","3":"status-publish","4":"has-post-thumbnail","6":"product_brand-dead-sea_il-lt","7":"product_cat-sampunai","9":"first","10":"outofstock","11":"taxable","12":"shipping-taxable","13":"product-type-simple"},"_links":{"self":[{"href":"https:\/\/e.kosmolat.eu\/lt\/wp-json\/wp\/v2\/product\/73727","targetHints":{"allow":["GET"]}}],"collection":[{"href":"https:\/\/e.kosmolat.eu\/lt\/wp-json\/wp\/v2\/product"}],"about":[{"href":"https:\/\/e.kosmolat.eu\/lt\/wp-json\/wp\/v2\/types\/product"}],"wp:featuredmedia":[{"embeddable":true,"href":"https:\/\/e.kosmolat.eu\/lt\/wp-json\/wp\/v2\/media\/93878"}],"wp:attachment":[{"href":"https:\/\/e.kosmolat.eu\/lt\/wp-json\/wp\/v2\/media?parent=73727"}],"wp:term":[{"taxonomy":"product_cat","embeddable":true,"href":"https:\/\/e.kosmolat.eu\/lt\/wp-json\/wp\/v2\/product_cat?post=73727"},{"taxonomy":"product_tag","embeddable":true,"href":"https:\/\/e.kosmolat.eu\/lt\/wp-json\/wp\/v2\/product_tag?post=73727"}],"curies":[{"name":"wp","href":"https:\/\/api.w.org\/{rel}","templated":true}]}}