{"id":73715,"date":"2025-07-03T04:03:28","date_gmt":"2025-07-03T04:03:28","guid":{"rendered":"https:\/\/e.kosmolat.eu\/product\/evoluderm-roku-krems-roze-30-ml\/"},"modified":"2025-09-20T08:48:11","modified_gmt":"2025-09-20T08:48:11","slug":"evoluderm-roku-krems-roze-30-ml","status":"publish","type":"product","link":"https:\/\/e.kosmolat.eu\/lt\/produktas\/evoluderm-roku-krems-roze-30-ml\/","title":{"rendered":"EVOLUDERM rank\u0173 kremas Ro\u017e\u0117, 30 ml"},"content":{"rendered":"<p>97 % nat\u016bralios kilm\u0117s ingredient\u0173. Dermatologi\u0161kai patikrinta.<\/p>\n","protected":false},"excerpt":{"rendered":"<p>97 % nat\u016bralios kilm\u0117s ingredient\u0173. Dermatologi\u0161kai patikrinta.<\/p>\n","protected":false},"featured_media":96194,"template":"","meta":[],"product_cat":[1304],"product_tag":[],"class_list":{"0":"post-73715","1":"product","2":"type-product","3":"status-publish","4":"has-post-thumbnail","6":"product_brand-evoluderm-lt","7":"product_cat-ranku-prieziuros-kosmetika","9":"first","10":"instock","11":"taxable","12":"shipping-taxable","13":"product-type-simple"},"_links":{"self":[{"href":"https:\/\/e.kosmolat.eu\/lt\/wp-json\/wp\/v2\/product\/73715","targetHints":{"allow":["GET"]}}],"collection":[{"href":"https:\/\/e.kosmolat.eu\/lt\/wp-json\/wp\/v2\/product"}],"about":[{"href":"https:\/\/e.kosmolat.eu\/lt\/wp-json\/wp\/v2\/types\/product"}],"wp:featuredmedia":[{"embeddable":true,"href":"https:\/\/e.kosmolat.eu\/lt\/wp-json\/wp\/v2\/media\/96194"}],"wp:attachment":[{"href":"https:\/\/e.kosmolat.eu\/lt\/wp-json\/wp\/v2\/media?parent=73715"}],"wp:term":[{"taxonomy":"product_cat","embeddable":true,"href":"https:\/\/e.kosmolat.eu\/lt\/wp-json\/wp\/v2\/product_cat?post=73715"},{"taxonomy":"product_tag","embeddable":true,"href":"https:\/\/e.kosmolat.eu\/lt\/wp-json\/wp\/v2\/product_tag?post=73715"}],"curies":[{"name":"wp","href":"https:\/\/api.w.org\/{rel}","templated":true}]}}