{"id":73707,"date":"2025-07-03T04:03:12","date_gmt":"2025-07-03T04:03:12","guid":{"rendered":"https:\/\/e.kosmolat.eu\/product\/evoluderm-roku-krems-alveja-30-ml\/"},"modified":"2026-04-13T10:10:49","modified_gmt":"2026-04-13T10:10:49","slug":"evoluderm-roku-krems-alveja-30-ml","status":"publish","type":"product","link":"https:\/\/e.kosmolat.eu\/lt\/produktas\/evoluderm-roku-krems-alveja-30-ml\/","title":{"rendered":"EVOLUDERM rank\u0173 kremas Alavijas, 30 ml"},"content":{"rendered":"<p>97 % nat\u016bralios kilm\u0117s ingredient\u0173. Dermatologi\u0161kai patikrinta.<\/p>\n","protected":false},"excerpt":{"rendered":"<p>97 % nat\u016bralios kilm\u0117s ingredient\u0173. Dermatologi\u0161kai patikrinta.<\/p>\n","protected":false},"featured_media":96190,"template":"","meta":[],"product_cat":[2181],"product_tag":[],"class_list":{"0":"post-73707","1":"product","2":"type-product","3":"status-publish","4":"has-post-thumbnail","6":"product_brand-evoluderm-lt","7":"product_cat-bez-kategorijas-lt","9":"first","10":"outofstock","11":"taxable","12":"shipping-taxable","13":"product-type-simple"},"_links":{"self":[{"href":"https:\/\/e.kosmolat.eu\/lt\/wp-json\/wp\/v2\/product\/73707","targetHints":{"allow":["GET"]}}],"collection":[{"href":"https:\/\/e.kosmolat.eu\/lt\/wp-json\/wp\/v2\/product"}],"about":[{"href":"https:\/\/e.kosmolat.eu\/lt\/wp-json\/wp\/v2\/types\/product"}],"wp:featuredmedia":[{"embeddable":true,"href":"https:\/\/e.kosmolat.eu\/lt\/wp-json\/wp\/v2\/media\/96190"}],"wp:attachment":[{"href":"https:\/\/e.kosmolat.eu\/lt\/wp-json\/wp\/v2\/media?parent=73707"}],"wp:term":[{"taxonomy":"product_cat","embeddable":true,"href":"https:\/\/e.kosmolat.eu\/lt\/wp-json\/wp\/v2\/product_cat?post=73707"},{"taxonomy":"product_tag","embeddable":true,"href":"https:\/\/e.kosmolat.eu\/lt\/wp-json\/wp\/v2\/product_tag?post=73707"}],"curies":[{"name":"wp","href":"https:\/\/api.w.org\/{rel}","templated":true}]}}