{"id":73667,"date":"2025-07-03T04:01:46","date_gmt":"2025-07-03T04:01:46","guid":{"rendered":"https:\/\/e.kosmolat.eu\/product\/evoluderm-mitr-salvetes-kosm-nonems-visiem-adas-tip-t-sk-jutigai-adai-25-gab\/"},"modified":"2026-04-21T10:36:42","modified_gmt":"2026-04-21T10:36:42","slug":"evoluderm-mitr-salvetes-kosm-nonems-visiem-adas-tip-t-sk-jutigai-adai-25-gab","status":"publish","type":"product","link":"https:\/\/e.kosmolat.eu\/lt\/produktas\/evoluderm-mitr-salvetes-kosm-nonems-visiem-adas-tip-t-sk-jutigai-adai-25-gab\/","title":{"rendered":"EVOLUDERM dr\u0117gnos servet\u0117l\u0117s makia\u017eui valyti visiems odos tipams, \u012fskaitant jautri\u0105, 25 vnt."},"content":{"rendered":"<p>\u0160velnios, bet veiksmingos formul\u0117s servet\u0117l\u0117s \u0161velniai valo veid\u0105 ir akis vos vienu \u017eingsniu. Suvilgytos kreminiame losjone su migdol\u0173 aliejumi, ro\u017ei\u0173 \u017eiedlapi\u0173 ekstraktu ir glicerinu, \u017einomu d\u0117l dr\u0117kinam\u0173j\u0173 savybi\u0173, jos efektyviai pa\u0161alina makia\u017e\u0105 ir palieka od\u0105 nuostabiai \u0161velni\u0105. Tinka visiems odos tipams, \u012fskaitant jautri\u0105 od\u0105.<\/p>\n<p>Naudojimo instrukcijos: Nulupkite apsaugin\u012f lipduk\u0105, i\u0161imkite servet\u0117l\u0119 ir \u0161velniai nuvalykite veid\u0105, \u012fskaitant aki\u0173 ir l\u016bp\u0173 srit\u012f.<br \/>\nSkalauti nereikia. Po naudojimo sandariai u\u017edarykite pakuot\u0119, kad servet\u0117l\u0117s nei\u0161d\u017ei\u016bt\u0173.<\/p>\n<p>Atsargumo priemon\u0117s: Nenaudokite ant sudirgusios ar pa\u017eeistos odos.<\/p>\n<p>Dermatologi\u0161kai ir oftalmologi\u0161kai patikrinta.<\/p>\n","protected":false},"excerpt":{"rendered":"<p>\u0160velnios, bet veiksmingos formul\u0117s servet\u0117l\u0117s \u0161velniai valo veid\u0105 ir akis vos vienu \u017eingsniu. Suvilgytos kreminiame losjone su migdol\u0173 aliejumi, ro\u017ei\u0173 \u017eiedlapi\u0173 ekstraktu ir glicerinu, \u017einomu d\u0117l dr\u0117kinam\u0173j\u0173 savybi\u0173, jos efektyviai pa\u0161alina makia\u017e\u0105 ir palieka od\u0105 nuostabiai \u0161velni\u0105. Tinka visiems odos tipams, \u012fskaitant jautri\u0105 od\u0105. Naudojimo instrukcijos: Nulupkite apsaugin\u012f lipduk\u0105, i\u0161imkite servet\u0117l\u0119 ir \u0161velniai nuvalykite veid\u0105, [&#8230;]\n","protected":false},"featured_media":81318,"template":"","meta":[],"product_cat":[1808],"product_tag":[],"class_list":{"0":"post-73667","1":"product","2":"type-product","3":"status-publish","4":"has-post-thumbnail","6":"product_brand-evoluderm-lt","7":"product_cat-dregnos-serveteles-ir-nosines","9":"first","10":"outofstock","11":"taxable","12":"shipping-taxable","13":"product-type-simple"},"_links":{"self":[{"href":"https:\/\/e.kosmolat.eu\/lt\/wp-json\/wp\/v2\/product\/73667","targetHints":{"allow":["GET"]}}],"collection":[{"href":"https:\/\/e.kosmolat.eu\/lt\/wp-json\/wp\/v2\/product"}],"about":[{"href":"https:\/\/e.kosmolat.eu\/lt\/wp-json\/wp\/v2\/types\/product"}],"wp:featuredmedia":[{"embeddable":true,"href":"https:\/\/e.kosmolat.eu\/lt\/wp-json\/wp\/v2\/media\/81318"}],"wp:attachment":[{"href":"https:\/\/e.kosmolat.eu\/lt\/wp-json\/wp\/v2\/media?parent=73667"}],"wp:term":[{"taxonomy":"product_cat","embeddable":true,"href":"https:\/\/e.kosmolat.eu\/lt\/wp-json\/wp\/v2\/product_cat?post=73667"},{"taxonomy":"product_tag","embeddable":true,"href":"https:\/\/e.kosmolat.eu\/lt\/wp-json\/wp\/v2\/product_tag?post=73667"}],"curies":[{"name":"wp","href":"https:\/\/api.w.org\/{rel}","templated":true}]}}