{"id":73635,"date":"2025-07-03T04:00:33","date_gmt":"2025-07-03T04:00:33","guid":{"rendered":"https:\/\/e.kosmolat.eu\/product\/evoluderm-atjaunoj-kosmetiska-ella-ar-dabigo-hohobas-ellu-100-ml\/"},"modified":"2026-04-09T15:56:04","modified_gmt":"2026-04-09T15:56:04","slug":"evoluderm-atjaunoj-kosmetiska-ella-ar-dabigo-hohobas-ellu-100-ml","status":"publish","type":"product","link":"https:\/\/e.kosmolat.eu\/lt\/produktas\/evoluderm-atjaunoj-kosmetiska-ella-ar-dabigo-hohobas-ellu-100-ml\/","title":{"rendered":"EVOLUDERM Atkuriamasis kosmetinis aliejus veidui, k\u016bnui ir plaukams su nat\u016braliu simondsij\u0173 aliejumi"},"content":{"rendered":"<p>Aliejus mink\u0161tina ir atkuria odos pusiausvyr\u0105. Praturtintas vitaminu E, jis maitina od\u0105 ir padeda kovoti su sen\u0117jimo po\u017eymiais. Idealiai tinka plauk\u0173 prie\u017ei\u016brai \u2013 maitina ir suteikia blizgesio.<\/p>\n<p>Naudojimas: tepkite ant sausos odos ir (arba) dr\u0117gn\u0173 ar saus\u0173 plauk\u0173.<\/p>\n<p>Dermatologi\u0161kai patikrinta.<\/p>\n","protected":false},"excerpt":{"rendered":"<p>Aliejus mink\u0161tina ir atkuria odos pusiausvyr\u0105. Praturtintas vitaminu E, jis maitina od\u0105 ir padeda kovoti su sen\u0117jimo po\u017eymiais. Idealiai tinka plauk\u0173 prie\u017ei\u016brai \u2013 maitina ir suteikia blizgesio. Naudojimas: tepkite ant sausos odos ir (arba) dr\u0117gn\u0173 ar saus\u0173 plauk\u0173. Dermatologi\u0161kai patikrinta.<\/p>\n","protected":false},"featured_media":80502,"template":"","meta":[],"product_cat":[1345],"product_tag":[],"class_list":{"0":"post-73635","1":"product","2":"type-product","3":"status-publish","4":"has-post-thumbnail","6":"product_brand-evoluderm-lt","7":"product_cat-kitos-plauku-prieziuros-priemones","9":"first","10":"instock","11":"taxable","12":"shipping-taxable","13":"product-type-simple"},"_links":{"self":[{"href":"https:\/\/e.kosmolat.eu\/lt\/wp-json\/wp\/v2\/product\/73635","targetHints":{"allow":["GET"]}}],"collection":[{"href":"https:\/\/e.kosmolat.eu\/lt\/wp-json\/wp\/v2\/product"}],"about":[{"href":"https:\/\/e.kosmolat.eu\/lt\/wp-json\/wp\/v2\/types\/product"}],"wp:featuredmedia":[{"embeddable":true,"href":"https:\/\/e.kosmolat.eu\/lt\/wp-json\/wp\/v2\/media\/80502"}],"wp:attachment":[{"href":"https:\/\/e.kosmolat.eu\/lt\/wp-json\/wp\/v2\/media?parent=73635"}],"wp:term":[{"taxonomy":"product_cat","embeddable":true,"href":"https:\/\/e.kosmolat.eu\/lt\/wp-json\/wp\/v2\/product_cat?post=73635"},{"taxonomy":"product_tag","embeddable":true,"href":"https:\/\/e.kosmolat.eu\/lt\/wp-json\/wp\/v2\/product_tag?post=73635"}],"curies":[{"name":"wp","href":"https:\/\/api.w.org\/{rel}","templated":true}]}}