{"id":73621,"date":"2025-07-02T04:02:17","date_gmt":"2025-07-02T04:02:17","guid":{"rendered":"https:\/\/e.kosmolat.eu\/product\/evoluderm-brillance-matu-atsk-ekspress-sprejs-visiem-m-tip-250-ml\/"},"modified":"2025-09-20T06:54:30","modified_gmt":"2025-09-20T06:54:30","slug":"evoluderm-brillance-matu-atsk-ekspress-sprejs-visiem-m-tip-250-ml","status":"publish","type":"product","link":"https:\/\/e.kosmolat.eu\/lt\/produktas\/evoluderm-brillance-matu-atsk-ekspress-sprejs-visiem-m-tip-250-ml\/","title":{"rendered":"EVOLUDERM Brillance Express plauk\u0173 i\u0161\u0161ukavimo pur\u0161kiklis visiems plauk\u0173 tipams, 250 ml"},"content":{"rendered":"<p>Suteikia akimirksniu blizgesio ir lengv\u0105 plauk\u0173 i\u0161\u0161ukavim\u0105. Lengva nenuplaunama formul\u0117 su \u0161ilku suteikia plaukams mink\u0161tumo, \u0161ilkin\u0117s tekst\u016bros ir blizgesio. Po naudojimo plaukai lengvai i\u0161\u0161ukuojami ir \u012fgauna malon\u0173 vaisi\u0173 aromat\u0105.<\/p>\n<p>Naudojimas: purk\u0161kite ant saus\u0173 arba dr\u0117gn\u0173 plauk\u0173, ypating\u0105 d\u0117mes\u012f skirdami plaukams per vis\u0105 ilg\u012f ir galiukams. Nenuplaukite.<\/p>\n<p>Atsargumo priemon\u0117s: Patekus \u012f akis, nedelsiant  praplauti dideliu kiekiu vandens. Ne\u012fkv\u0117pti.<\/p>\n<p>Dermatologi\u0161kai patikrinta.<\/p>\n","protected":false},"excerpt":{"rendered":"<p>Suteikia akimirksniu blizgesio ir lengv\u0105 plauk\u0173 i\u0161\u0161ukavim\u0105. Lengva nenuplaunama formul\u0117 su \u0161ilku suteikia plaukams mink\u0161tumo, \u0161ilkin\u0117s tekst\u016bros ir blizgesio. Po naudojimo plaukai lengvai i\u0161\u0161ukuojami ir \u012fgauna malon\u0173 vaisi\u0173 aromat\u0105. Naudojimas: purk\u0161kite ant saus\u0173 arba dr\u0117gn\u0173 plauk\u0173, ypating\u0105 d\u0117mes\u012f skirdami plaukams per vis\u0105 ilg\u012f ir galiukams. Nenuplaukite. Atsargumo priemon\u0117s: Patekus \u012f akis, nedelsiant praplauti dideliu kiekiu [&#8230;]\n","protected":false},"featured_media":94250,"template":"","meta":[],"product_cat":[1345],"product_tag":[],"class_list":{"0":"post-73621","1":"product","2":"type-product","3":"status-publish","4":"has-post-thumbnail","6":"product_brand-evoluderm-lt","7":"product_cat-kitos-plauku-prieziuros-priemones","9":"first","10":"outofstock","11":"taxable","12":"shipping-taxable","13":"product-type-simple"},"_links":{"self":[{"href":"https:\/\/e.kosmolat.eu\/lt\/wp-json\/wp\/v2\/product\/73621","targetHints":{"allow":["GET"]}}],"collection":[{"href":"https:\/\/e.kosmolat.eu\/lt\/wp-json\/wp\/v2\/product"}],"about":[{"href":"https:\/\/e.kosmolat.eu\/lt\/wp-json\/wp\/v2\/types\/product"}],"wp:featuredmedia":[{"embeddable":true,"href":"https:\/\/e.kosmolat.eu\/lt\/wp-json\/wp\/v2\/media\/94250"}],"wp:attachment":[{"href":"https:\/\/e.kosmolat.eu\/lt\/wp-json\/wp\/v2\/media?parent=73621"}],"wp:term":[{"taxonomy":"product_cat","embeddable":true,"href":"https:\/\/e.kosmolat.eu\/lt\/wp-json\/wp\/v2\/product_cat?post=73621"},{"taxonomy":"product_tag","embeddable":true,"href":"https:\/\/e.kosmolat.eu\/lt\/wp-json\/wp\/v2\/product_tag?post=73621"}],"curies":[{"name":"wp","href":"https:\/\/api.w.org\/{rel}","templated":true}]}}