{"id":73613,"date":"2025-07-02T04:02:00","date_gmt":"2025-07-02T04:02:00","guid":{"rendered":"https:\/\/e.kosmolat.eu\/product\/evoluderm-attir-micel-putas-visiem-adas-t-tai-sk-jut-adai-150-ml\/"},"modified":"2026-04-13T12:56:30","modified_gmt":"2026-04-13T12:56:30","slug":"evoluderm-attir-micel-putas-visiem-adas-t-tai-sk-jut-adai-150-ml","status":"publish","type":"product","link":"https:\/\/e.kosmolat.eu\/lt\/produktas\/evoluderm-attir-micel-putas-visiem-adas-t-tai-sk-jut-adai-150-ml\/","title":{"rendered":"EVOLUDERM valomosios micelin\u0117s putos visiems odos tipams, \u012fskaitant jautri\u0105, 150 ml"},"content":{"rendered":"<p>Vandens pagrindo formul\u0117 virsta lengvomis ir gaiviomis putomis su malonia tekst\u016bra, kurios valo od\u0105, pa\u0161alina makia\u017e\u0105 ir ne\u0161varumus nesukeldamos dirginimo. Tinka visiems odos tipams, \u012fskaitant jautri\u0105 od\u0105, paliekant j\u0105 \u0161velni\u0105 ir pri\u017ei\u016br\u0117t\u0105. Itin \u0161veln\u016bs valomieji komponentai veikia kaip magnetai, pritraukiantys ne\u0161varumus, o raminantis alavijo ekstraktas suteikia papildomos prie\u017ei\u016bros. Vos vieno dozatoriaus paspaudimo pakanka optimaliam put\u0173 kiekiui gauti.<\/p>\n<p>Rezultatas: gaivi, \u0161vari oda, idealiai nuvalyta nuo makia\u017eo ir ne\u0161varum\u0173.<\/p>\n<p>Naudojimas: tepkite ant dr\u0117gnos veido odos, \u012fmasa\u017euokite, vengdami patekimo \u012f akis, tada nuplaukite.<\/p>\n<p>Atsargumo priemon\u0117s: Patekus \u012f akis, nedelsiant  praplauti dideliu kiekiu vandens.<\/p>\n<p>Dermatologi\u0161kai patikrinta.<\/p>\n","protected":false},"excerpt":{"rendered":"<p>Vandens pagrindo formul\u0117 virsta lengvomis ir gaiviomis putomis su malonia tekst\u016bra, kurios valo od\u0105, pa\u0161alina makia\u017e\u0105 ir ne\u0161varumus nesukeldamos dirginimo. Tinka visiems odos tipams, \u012fskaitant jautri\u0105 od\u0105, paliekant j\u0105 \u0161velni\u0105 ir pri\u017ei\u016br\u0117t\u0105. Itin \u0161veln\u016bs valomieji komponentai veikia kaip magnetai, pritraukiantys ne\u0161varumus, o raminantis alavijo ekstraktas suteikia papildomos prie\u017ei\u016bros. Vos vieno dozatoriaus paspaudimo pakanka optimaliam put\u0173 [&#8230;]\n","protected":false},"featured_media":94362,"template":"","meta":[],"product_cat":[1570],"product_tag":[],"class_list":{"0":"post-73613","1":"product","2":"type-product","3":"status-publish","4":"has-post-thumbnail","6":"product_brand-evoluderm-lt","7":"product_cat-micelinis-vanduo","9":"first","10":"instock","11":"taxable","12":"shipping-taxable","13":"product-type-simple"},"_links":{"self":[{"href":"https:\/\/e.kosmolat.eu\/lt\/wp-json\/wp\/v2\/product\/73613","targetHints":{"allow":["GET"]}}],"collection":[{"href":"https:\/\/e.kosmolat.eu\/lt\/wp-json\/wp\/v2\/product"}],"about":[{"href":"https:\/\/e.kosmolat.eu\/lt\/wp-json\/wp\/v2\/types\/product"}],"wp:featuredmedia":[{"embeddable":true,"href":"https:\/\/e.kosmolat.eu\/lt\/wp-json\/wp\/v2\/media\/94362"}],"wp:attachment":[{"href":"https:\/\/e.kosmolat.eu\/lt\/wp-json\/wp\/v2\/media?parent=73613"}],"wp:term":[{"taxonomy":"product_cat","embeddable":true,"href":"https:\/\/e.kosmolat.eu\/lt\/wp-json\/wp\/v2\/product_cat?post=73613"},{"taxonomy":"product_tag","embeddable":true,"href":"https:\/\/e.kosmolat.eu\/lt\/wp-json\/wp\/v2\/product_tag?post=73613"}],"curies":[{"name":"wp","href":"https:\/\/api.w.org\/{rel}","templated":true}]}}