{"id":73597,"date":"2025-07-02T04:01:25","date_gmt":"2025-07-02T04:01:25","guid":{"rendered":"https:\/\/e.kosmolat.eu\/product\/evoluderm-nogludin-skrubis-saus-un-raupj-pedu-adai-125-ml\/"},"modified":"2026-04-11T18:28:41","modified_gmt":"2026-04-11T18:28:41","slug":"evoluderm-nogludin-skrubis-saus-un-raupj-pedu-adai-125-ml","status":"publish","type":"product","link":"https:\/\/e.kosmolat.eu\/lt\/produktas\/evoluderm-nogludin-skrubis-saus-un-raupj-pedu-adai-125-ml\/","title":{"rendered":"EVOLUDERM p\u0117d\u0173 \u0161veitiklis sausai ir \u0161iurk\u0161\u010diai odai, 125 ml"},"content":{"rendered":"<p>\u0160veitiklis, praturtintas vulkanin\u0117s pemzos milteliais ir taukmed\u017ei\u0173 sviestu, \u0161velniai ir efektyviai pa\u0161alina negyvas odos l\u0105steles jos neperd\u017eiovindamas. Kremin\u0117 tekst\u016bra \u0161velniai r\u016bpinasi J\u016bs\u0173 p\u0117domis ir suteikia komforto poj\u016bt\u012f.<\/p>\n<p>Rezultatas: J\u016bs\u0173 p\u0117d\u0173 oda tampa pastebimai lygesn\u0117 ir \u0161velnesn\u0117. Maksimaliam efektui pasiekti rekomenduojama naudoti kartu su maitinamuoju p\u0117d\u0173 kremu.<\/p>\n<p>Naudojimas: tepkite ant saus\u0173 arba dr\u0117gn\u0173 p\u0117d\u0173, ypating\u0105 d\u0117mes\u012f skirdami \u0161iurk\u0161\u010dioms odos vietoms, tada kruop\u0161\u010diai nuplaukite.<br \/>\nAtsargumo priemon\u0117s: Patekus \u012f akis, nedelsiant  praplauti dideliu kiekiu vandens.<\/p>\n<p>Dermatologi\u0161kai patikrinta.<\/p>\n","protected":false},"excerpt":{"rendered":"<p>\u0160veitiklis, praturtintas vulkanin\u0117s pemzos milteliais ir taukmed\u017ei\u0173 sviestu, \u0161velniai ir efektyviai pa\u0161alina negyvas odos l\u0105steles jos neperd\u017eiovindamas. Kremin\u0117 tekst\u016bra \u0161velniai r\u016bpinasi J\u016bs\u0173 p\u0117domis ir suteikia komforto poj\u016bt\u012f. Rezultatas: J\u016bs\u0173 p\u0117d\u0173 oda tampa pastebimai lygesn\u0117 ir \u0161velnesn\u0117. Maksimaliam efektui pasiekti rekomenduojama naudoti kartu su maitinamuoju p\u0117d\u0173 kremu. Naudojimas: tepkite ant saus\u0173 arba dr\u0117gn\u0173 p\u0117d\u0173, ypating\u0105 d\u0117mes\u012f [&#8230;]\n","protected":false},"featured_media":81338,"template":"","meta":[],"product_cat":[1763],"product_tag":[],"class_list":{"0":"post-73597","1":"product","2":"type-product","3":"status-publish","4":"has-post-thumbnail","6":"product_brand-evoluderm-lt","7":"product_cat-koju-prieziuros-kosmetika","9":"first","10":"instock","11":"taxable","12":"shipping-taxable","13":"product-type-simple"},"_links":{"self":[{"href":"https:\/\/e.kosmolat.eu\/lt\/wp-json\/wp\/v2\/product\/73597","targetHints":{"allow":["GET"]}}],"collection":[{"href":"https:\/\/e.kosmolat.eu\/lt\/wp-json\/wp\/v2\/product"}],"about":[{"href":"https:\/\/e.kosmolat.eu\/lt\/wp-json\/wp\/v2\/types\/product"}],"wp:featuredmedia":[{"embeddable":true,"href":"https:\/\/e.kosmolat.eu\/lt\/wp-json\/wp\/v2\/media\/81338"}],"wp:attachment":[{"href":"https:\/\/e.kosmolat.eu\/lt\/wp-json\/wp\/v2\/media?parent=73597"}],"wp:term":[{"taxonomy":"product_cat","embeddable":true,"href":"https:\/\/e.kosmolat.eu\/lt\/wp-json\/wp\/v2\/product_cat?post=73597"},{"taxonomy":"product_tag","embeddable":true,"href":"https:\/\/e.kosmolat.eu\/lt\/wp-json\/wp\/v2\/product_tag?post=73597"}],"curies":[{"name":"wp","href":"https:\/\/api.w.org\/{rel}","templated":true}]}}