{"id":73589,"date":"2025-07-02T04:01:09","date_gmt":"2025-07-02T04:01:09","guid":{"rendered":"https:\/\/e.kosmolat.eu\/product\/evoluderm-uzmundr-dienas-kr-ar-hialuronsk-un-godzi-ogu-ekstr-50-ml\/"},"modified":"2026-04-22T07:20:59","modified_gmt":"2026-04-22T07:20:59","slug":"evoluderm-uzmundr-dienas-kr-ar-hialuronsk-un-godzi-ogu-ekstr-50-ml","status":"publish","type":"product","link":"https:\/\/e.kosmolat.eu\/lt\/produktas\/evoluderm-uzmundr-dienas-kr-ar-hialuronsk-un-godzi-ogu-ekstr-50-ml\/","title":{"rendered":"EVOLUDERM gaivinamasis dieninis kremas su hialurono r\u016bg\u0161timi ir goji uog\u0173 ekstraktu, 50 ml"},"content":{"rendered":"<p>Po 30 met\u0173 oda netenka hialurono r\u016bg\u0161ties, tampa papilk\u0117jusi ir pavargusi. Atkurkite jos spindes\u012f su gaivinan\u010diu dieniniu kremu, pasi\u017eymin\u010diu trigubu poveikiu:<\/p>\n<p>\u2022 Vitamin\u0173 kokteilis pripildo od\u0105 energijos ir suteikia spindesio.<br \/>\n\u2022 Goji uog\u0173 ekstraktas su vitaminu C pasi\u017eymi antioksidaciniu poveikiu \u2013 oda tampa elastinga, veido bruo\u017eai i\u0161lyginami.<br \/>\n\u2022 Apsauginis kompleksas nuo tar\u0161os apsaugo od\u0105 nuo ne\u0161varum\u0173, sukurdamas apsaugin\u012f barjer\u0105.<\/p>\n<p>Rezultatas: oda giliai sudr\u0117kinta, apsaugota ir akivaizd\u017eiai spindinti.<br \/>\nPrivalumai: gaivi, tirpstanti tekst\u016bra \u2013 idealiai tinka kaip makia\u017eo pagrindas.<br \/>\nNaudojimas: \u0161velniais sukamaisiais judesiais tepkite krem\u0105 ant veido ir kaklo odos.<\/p>\n<p>Atsargumo priemon\u0117s: Patekus \u012f akis, nedelsiant  praplauti dideliu kiekiu vandens.<\/p>\n<p>Dermatologi\u0161kai patikrinta.<\/p>\n","protected":false},"excerpt":{"rendered":"<p>Po 30 met\u0173 oda netenka hialurono r\u016bg\u0161ties, tampa papilk\u0117jusi ir pavargusi. Atkurkite jos spindes\u012f su gaivinan\u010diu dieniniu kremu, pasi\u017eymin\u010diu trigubu poveikiu: \u2022 Vitamin\u0173 kokteilis pripildo od\u0105 energijos ir suteikia spindesio. \u2022 Goji uog\u0173 ekstraktas su vitaminu C pasi\u017eymi antioksidaciniu poveikiu \u2013 oda tampa elastinga, veido bruo\u017eai i\u0161lyginami. \u2022 Apsauginis kompleksas nuo tar\u0161os apsaugo od\u0105 nuo [&#8230;]\n","protected":false},"featured_media":81334,"template":"","meta":[],"product_cat":[2181],"product_tag":[],"class_list":{"0":"post-73589","1":"product","2":"type-product","3":"status-publish","4":"has-post-thumbnail","6":"product_brand-evoluderm-lt","7":"product_cat-bez-kategorijas-lt","9":"first","10":"instock","11":"taxable","12":"shipping-taxable","13":"product-type-simple"},"_links":{"self":[{"href":"https:\/\/e.kosmolat.eu\/lt\/wp-json\/wp\/v2\/product\/73589","targetHints":{"allow":["GET"]}}],"collection":[{"href":"https:\/\/e.kosmolat.eu\/lt\/wp-json\/wp\/v2\/product"}],"about":[{"href":"https:\/\/e.kosmolat.eu\/lt\/wp-json\/wp\/v2\/types\/product"}],"wp:featuredmedia":[{"embeddable":true,"href":"https:\/\/e.kosmolat.eu\/lt\/wp-json\/wp\/v2\/media\/81334"}],"wp:attachment":[{"href":"https:\/\/e.kosmolat.eu\/lt\/wp-json\/wp\/v2\/media?parent=73589"}],"wp:term":[{"taxonomy":"product_cat","embeddable":true,"href":"https:\/\/e.kosmolat.eu\/lt\/wp-json\/wp\/v2\/product_cat?post=73589"},{"taxonomy":"product_tag","embeddable":true,"href":"https:\/\/e.kosmolat.eu\/lt\/wp-json\/wp\/v2\/product_tag?post=73589"}],"curies":[{"name":"wp","href":"https:\/\/api.w.org\/{rel}","templated":true}]}}