{"id":73581,"date":"2025-07-02T04:00:54","date_gmt":"2025-07-02T04:00:54","guid":{"rendered":"https:\/\/e.kosmolat.eu\/product\/evoluderm-attirosas-micelaras-salvetes-jutigai-adai-25-gab\/"},"modified":"2026-04-11T18:27:12","modified_gmt":"2026-04-11T18:27:12","slug":"evoluderm-attirosas-micelaras-salvetes-jutigai-adai-25-gab","status":"publish","type":"product","link":"https:\/\/e.kosmolat.eu\/lt\/produktas\/evoluderm-attirosas-micelaras-salvetes-jutigai-adai-25-gab\/","title":{"rendered":"EVOLUDERM valomosios micelin\u0117s servet\u0117l\u0117s jautriai odai, 25 vnt."},"content":{"rendered":"<p>Patirkite visus micelinio vandens privalumus patogioje servet\u0117li\u0173 formoje. Sud\u0117tyje esan\u010dios micel\u0117s \u0161velniai pritraukia ne\u0161varumus ir makia\u017e\u0105, u\u017etikrindamos \u0161veln\u0173 valym\u0105. Vos vienu \u017eingsniu oda tampa gaivi, \u0161vari ir sudr\u0117kinta. Micelin\u0117s servet\u0117l\u0117s yra mink\u0161tos ir patvarios \u2013 jos efektyviai pa\u0161alina net ir \u012fsisen\u0117jus\u012f makia\u017e\u0105 bei atgaivina od\u0105 bet kuriuo paros metu. Jos palaiko nat\u016brali\u0105 dr\u0117gm\u0117s pusiausvyr\u0105. odai, suteikdamas komforto poj\u016bt\u012f.<\/p>\n<p>Naudojimas: nulupkite apsaugin\u012f lipduk\u0105, i\u0161imkite servet\u0117l\u0119 ir \u0161velniai nuvalykite veid\u0105, \u012fskaitant aki\u0173 ir l\u016bp\u0173 srit\u012f.<br \/>\nSkalauti nereikia. Po naudojimo sandariai u\u017edarykite pakuot\u0119, kad servet\u0117l\u0117s nei\u0161d\u017ei\u016bt\u0173.<\/p>\n<p>Atsargumo priemon\u0117s: nenaudokite ant sudirgusios ar pa\u017eeistos odos.<\/p>\n<p>Dermatologi\u0161kai ir oftalmologi\u0161kai patikrinta.<\/p>\n","protected":false},"excerpt":{"rendered":"<p>Patirkite visus micelinio vandens privalumus patogioje servet\u0117li\u0173 formoje. Sud\u0117tyje esan\u010dios micel\u0117s \u0161velniai pritraukia ne\u0161varumus ir makia\u017e\u0105, u\u017etikrindamos \u0161veln\u0173 valym\u0105. Vos vienu \u017eingsniu oda tampa gaivi, \u0161vari ir sudr\u0117kinta. Micelin\u0117s servet\u0117l\u0117s yra mink\u0161tos ir patvarios \u2013 jos efektyviai pa\u0161alina net ir \u012fsisen\u0117jus\u012f makia\u017e\u0105 bei atgaivina od\u0105 bet kuriuo paros metu. Jos palaiko nat\u016brali\u0105 dr\u0117gm\u0117s pusiausvyr\u0105. odai, [&#8230;]\n","protected":false},"featured_media":81322,"template":"","meta":[],"product_cat":[1808],"product_tag":[],"class_list":{"0":"post-73581","1":"product","2":"type-product","3":"status-publish","4":"has-post-thumbnail","6":"product_brand-evoluderm-lt","7":"product_cat-dregnos-serveteles-ir-nosines","9":"first","10":"instock","11":"taxable","12":"shipping-taxable","13":"product-type-simple"},"_links":{"self":[{"href":"https:\/\/e.kosmolat.eu\/lt\/wp-json\/wp\/v2\/product\/73581","targetHints":{"allow":["GET"]}}],"collection":[{"href":"https:\/\/e.kosmolat.eu\/lt\/wp-json\/wp\/v2\/product"}],"about":[{"href":"https:\/\/e.kosmolat.eu\/lt\/wp-json\/wp\/v2\/types\/product"}],"wp:featuredmedia":[{"embeddable":true,"href":"https:\/\/e.kosmolat.eu\/lt\/wp-json\/wp\/v2\/media\/81322"}],"wp:attachment":[{"href":"https:\/\/e.kosmolat.eu\/lt\/wp-json\/wp\/v2\/media?parent=73581"}],"wp:term":[{"taxonomy":"product_cat","embeddable":true,"href":"https:\/\/e.kosmolat.eu\/lt\/wp-json\/wp\/v2\/product_cat?post=73581"},{"taxonomy":"product_tag","embeddable":true,"href":"https:\/\/e.kosmolat.eu\/lt\/wp-json\/wp\/v2\/product_tag?post=73581"}],"curies":[{"name":"wp","href":"https:\/\/api.w.org\/{rel}","templated":true}]}}