{"id":73573,"date":"2025-07-02T04:00:40","date_gmt":"2025-07-02T04:00:40","guid":{"rendered":"https:\/\/e.kosmolat.eu\/product\/evoluderm-tirs-udens-sejas-un-kerm-sprejs-150-ml\/"},"modified":"2026-04-11T18:25:44","modified_gmt":"2026-04-11T18:25:44","slug":"evoluderm-tirs-udens-sejas-un-kerm-sprejs-150-ml","status":"publish","type":"product","link":"https:\/\/e.kosmolat.eu\/lt\/produktas\/evoluderm-tirs-udens-sejas-un-kerm-sprejs-150-ml\/","title":{"rendered":"EVOLUDERM gryno vandens pur\u0161kiklis veidui ir k\u016bnui, 150 ml"},"content":{"rendered":"<p>Gryno vandens pur\u0161kiklis dr\u0117kina, gaivina ir tonizuoja od\u0105. J\u012f galima naudoti tiek veidui, tiek k\u016bnui. Tinka visiems odos tipams, \u012fskaitant ir jautriausi\u0105.<\/p>\n<p>Naudojimas: u\u017epurk\u0161kite ant veido arba k\u016bno odos. Palaukite kelias sekundes, tada \u0161velniai nuvalykite. Naudokite bet kuriuo metu \u2013 ryte pabudus, darbe ar lauke (po papl\u016bdimio, treniruot\u0117s ir pan.).<br \/>\nGryno vandens pur\u0161kiklis dr\u0117kina, gaivina ir tonizuoja od\u0105. J\u012f galima naudoti tiek veidui, tiek k\u016bnui. Tinka odos tipams, \u012fskaitant ir jautriausi\u0105.<\/p>\n<p>Naudojimas: u\u017epurk\u0161kite ant veido arba k\u016bno odos. Palaukite kelias sekundes, tada \u0161velniai nuvalykite. jums reikia bet kuriuo metu \u2013 ryte pabudus darbe ar lauke (laiko, treniruot\u0117s ir pan.).<br \/>\nAtsargumo priemon\u0117s:<br \/>\nNenaudokite balion\u0117lio kampu. Naudokite tik pagal nurodymus. Saugokite nuo u\u017e\u0161alimo.<\/p>\n<p>Atsargiai.<br \/>\nH229 Sl\u0117gin\u0117 talpykla. Kaitinama gali sprogti.<br \/>\nP102 Laikyti vaikams neprieinamoje vietoje<br \/>\nP210 Laikyti atokiau nuo \u0161ilumos \u0161altini\u0173, kar\u0161t\u0173 pavir\u0161i\u0173, \u017eie\u017eirb\u0173, atviros liepsnos arba kit\u0173 degimo \u0161altini\u0173. Ner\u016bkyti.<br \/>\nP251 Nepradurti ir nedeginti net panaudoto.<br \/>\nP410+P412 Saugoti nuo saul\u0117s \u0161viesos. Nelaikyti auk\u0161tesn\u0117je kaip 50 \u00b0C \/122 \u00b0F temperat\u016broje.<\/p>\n","protected":false},"excerpt":{"rendered":"<p>Gryno vandens pur\u0161kiklis dr\u0117kina, gaivina ir tonizuoja od\u0105. J\u012f galima naudoti tiek veidui, tiek k\u016bnui. Tinka visiems odos tipams, \u012fskaitant ir jautriausi\u0105. Naudojimas: u\u017epurk\u0161kite ant veido arba k\u016bno odos. Palaukite kelias sekundes, tada \u0161velniai nuvalykite. Naudokite bet kuriuo metu \u2013 ryte pabudus, darbe ar lauke (po papl\u016bdimio, treniruot\u0117s ir pan.). Gryno vandens pur\u0161kiklis dr\u0117kina, gaivina [&#8230;]\n","protected":false},"featured_media":80506,"template":"","meta":[],"product_cat":[1599],"product_tag":[],"class_list":{"0":"post-73573","1":"product","2":"type-product","3":"status-publish","4":"has-post-thumbnail","6":"product_brand-evoluderm-lt","7":"product_cat-aliejai-ir-kitos-specifines-priemones","9":"first","10":"instock","11":"taxable","12":"shipping-taxable","13":"product-type-simple"},"_links":{"self":[{"href":"https:\/\/e.kosmolat.eu\/lt\/wp-json\/wp\/v2\/product\/73573","targetHints":{"allow":["GET"]}}],"collection":[{"href":"https:\/\/e.kosmolat.eu\/lt\/wp-json\/wp\/v2\/product"}],"about":[{"href":"https:\/\/e.kosmolat.eu\/lt\/wp-json\/wp\/v2\/types\/product"}],"wp:featuredmedia":[{"embeddable":true,"href":"https:\/\/e.kosmolat.eu\/lt\/wp-json\/wp\/v2\/media\/80506"}],"wp:attachment":[{"href":"https:\/\/e.kosmolat.eu\/lt\/wp-json\/wp\/v2\/media?parent=73573"}],"wp:term":[{"taxonomy":"product_cat","embeddable":true,"href":"https:\/\/e.kosmolat.eu\/lt\/wp-json\/wp\/v2\/product_cat?post=73573"},{"taxonomy":"product_tag","embeddable":true,"href":"https:\/\/e.kosmolat.eu\/lt\/wp-json\/wp\/v2\/product_tag?post=73573"}],"curies":[{"name":"wp","href":"https:\/\/api.w.org\/{rel}","templated":true}]}}