{"id":73565,"date":"2025-07-02T04:00:22","date_gmt":"2025-07-02T04:00:22","guid":{"rendered":"https:\/\/e.kosmolat.eu\/product\/evoluderm-barojoss-dienas-krems-ar-rozud-saus-un-jut-adai-50-ml\/"},"modified":"2026-04-04T05:42:20","modified_gmt":"2026-04-04T05:42:20","slug":"evoluderm-barojoss-dienas-krems-ar-rozud-saus-un-jut-adai-50-ml","status":"publish","type":"product","link":"https:\/\/e.kosmolat.eu\/lt\/produktas\/evoluderm-barojoss-dienas-krems-ar-rozud-saus-un-jut-adai-50-ml\/","title":{"rendered":"EVOLUDERM maitinamasis dieninis kremas su ro\u017ei\u0173 vandeniu sausai ir jautriai odai, 50 ml"},"content":{"rendered":"<p>Dieninis kremas maitina, ramina ir apsaugo saus\u0105 ir jautri\u0105 od\u0105. Kremin\u0117 tekst\u016bra \u0161velniai apgaubia od\u0105, tod\u0117l ji tampa mink\u0161ta ir elastinga.<\/p>\n<p>Atsargumo priemon\u0117s: Patekus \u012f akis, nedelsiant  praplauti dideliu kiekiu vandens.<\/p>\n<p>Dermatologi\u0161kai patikrinta.<\/p>\n","protected":false},"excerpt":{"rendered":"<p>Dieninis kremas maitina, ramina ir apsaugo saus\u0105 ir jautri\u0105 od\u0105. Kremin\u0117 tekst\u016bra \u0161velniai apgaubia od\u0105, tod\u0117l ji tampa mink\u0161ta ir elastinga. Atsargumo priemon\u0117s: Patekus \u012f akis, nedelsiant praplauti dideliu kiekiu vandens. Dermatologi\u0161kai patikrinta.<\/p>\n","protected":false},"featured_media":81314,"template":"","meta":[],"product_cat":[2181],"product_tag":[],"class_list":{"0":"post-73565","1":"product","2":"type-product","3":"status-publish","4":"has-post-thumbnail","6":"product_brand-evoluderm-lt","7":"product_cat-bez-kategorijas-lt","9":"first","10":"instock","11":"taxable","12":"shipping-taxable","13":"product-type-simple"},"_links":{"self":[{"href":"https:\/\/e.kosmolat.eu\/lt\/wp-json\/wp\/v2\/product\/73565","targetHints":{"allow":["GET"]}}],"collection":[{"href":"https:\/\/e.kosmolat.eu\/lt\/wp-json\/wp\/v2\/product"}],"about":[{"href":"https:\/\/e.kosmolat.eu\/lt\/wp-json\/wp\/v2\/types\/product"}],"wp:featuredmedia":[{"embeddable":true,"href":"https:\/\/e.kosmolat.eu\/lt\/wp-json\/wp\/v2\/media\/81314"}],"wp:attachment":[{"href":"https:\/\/e.kosmolat.eu\/lt\/wp-json\/wp\/v2\/media?parent=73565"}],"wp:term":[{"taxonomy":"product_cat","embeddable":true,"href":"https:\/\/e.kosmolat.eu\/lt\/wp-json\/wp\/v2\/product_cat?post=73565"},{"taxonomy":"product_tag","embeddable":true,"href":"https:\/\/e.kosmolat.eu\/lt\/wp-json\/wp\/v2\/product_tag?post=73565"}],"curies":[{"name":"wp","href":"https:\/\/api.w.org\/{rel}","templated":true}]}}