{"id":73549,"date":"2025-07-01T08:39:53","date_gmt":"2025-07-01T08:39:53","guid":{"rendered":"https:\/\/e.kosmolat.eu\/product\/evoluderm-huile-de-ricin-stiprin-matu-kops-lidz-garum-un-gal-loti-saus-cirt-matiem-100-ml\/"},"modified":"2025-09-20T08:53:07","modified_gmt":"2025-09-20T08:53:07","slug":"evoluderm-huile-de-ricin-stiprin-matu-kops-lidz-garum-un-gal-loti-saus-cirt-matiem-100-ml","status":"publish","type":"product","link":"https:\/\/e.kosmolat.eu\/lt\/produktas\/evoluderm-huile-de-ricin-stiprin-matu-kops-lidz-garum-un-gal-loti-saus-cirt-matiem-100-ml\/","title":{"rendered":"EVOLUDERM Huile de Ricin. Stiprinamoji priemon\u0117 labai sausiems, garbanotiems ir afrikieti\u0161ko stiliau"},"content":{"rendered":"<p>Atkurkite prarast\u0105 plauk\u0173 blizges\u012f ir gyvybingum\u0105 su EVOLUDERM ricinos aliejaus stiprinam\u0105ja priemone plaukams ir j\u0173 galiukams. Specialiai sukurta labai sausiems, garbanotiems ir afro stiliaus plaukams. Nenuplaunama formul\u0117 maitina plaukus, suteikia jiems paklusnumo ir padeda kovoti su galiuk\u0173 skilin\u0117jimu.<\/p>\n<p>Naudojimas: Nedidel\u012f kiek\u012f priemon\u0117s u\u017etepkite ant dr\u0117gn\u0173 arba saus\u0173 plauk\u0173 per vis\u0105 j\u0173 ilg\u012f ir galiuk\u0173, tada formuokite \u0161ukuosen\u0105 kaip \u012fprasta. Nesunkina plauk\u0173. Nepalieka riebios ar lipnios pl\u0117vel\u0117s.<\/p>\n<p>Atsargumo priemon\u0117s: Patekus \u012f akis, nedelsiant  praplauti dideliu kiekiu vandens.<\/p>\n<p>Dermatologi\u0161kai patikrinta<\/p>\n","protected":false},"excerpt":{"rendered":"<p>Atkurkite prarast\u0105 plauk\u0173 blizges\u012f ir gyvybingum\u0105 su EVOLUDERM ricinos aliejaus stiprinam\u0105ja priemone plaukams ir j\u0173 galiukams. Specialiai sukurta labai sausiems, garbanotiems ir afro stiliaus plaukams. Nenuplaunama formul\u0117 maitina plaukus, suteikia jiems paklusnumo ir padeda kovoti su galiuk\u0173 skilin\u0117jimu. Naudojimas: Nedidel\u012f kiek\u012f priemon\u0117s u\u017etepkite ant dr\u0117gn\u0173 arba saus\u0173 plauk\u0173 per vis\u0105 j\u0173 ilg\u012f ir galiuk\u0173, tada [&#8230;]\n","protected":false},"featured_media":96274,"template":"","meta":[],"product_cat":[1345],"product_tag":[],"class_list":{"0":"post-73549","1":"product","2":"type-product","3":"status-publish","4":"has-post-thumbnail","6":"product_brand-evoluderm-lt","7":"product_cat-kitos-plauku-prieziuros-priemones","9":"first","10":"outofstock","11":"taxable","12":"shipping-taxable","13":"product-type-simple"},"_links":{"self":[{"href":"https:\/\/e.kosmolat.eu\/lt\/wp-json\/wp\/v2\/product\/73549","targetHints":{"allow":["GET"]}}],"collection":[{"href":"https:\/\/e.kosmolat.eu\/lt\/wp-json\/wp\/v2\/product"}],"about":[{"href":"https:\/\/e.kosmolat.eu\/lt\/wp-json\/wp\/v2\/types\/product"}],"wp:featuredmedia":[{"embeddable":true,"href":"https:\/\/e.kosmolat.eu\/lt\/wp-json\/wp\/v2\/media\/96274"}],"wp:attachment":[{"href":"https:\/\/e.kosmolat.eu\/lt\/wp-json\/wp\/v2\/media?parent=73549"}],"wp:term":[{"taxonomy":"product_cat","embeddable":true,"href":"https:\/\/e.kosmolat.eu\/lt\/wp-json\/wp\/v2\/product_cat?post=73549"},{"taxonomy":"product_tag","embeddable":true,"href":"https:\/\/e.kosmolat.eu\/lt\/wp-json\/wp\/v2\/product_tag?post=73549"}],"curies":[{"name":"wp","href":"https:\/\/api.w.org\/{rel}","templated":true}]}}