{"id":73512,"date":"2025-06-27T04:00:47","date_gmt":"2025-06-27T04:00:47","guid":{"rendered":"https:\/\/e.kosmolat.eu\/product\/evoluderm-argan-divin-ultra-bar-matu-kops-lidz-garum-un-gal-saus-un-boj-mat-100-ml\/"},"modified":"2025-09-20T06:59:00","modified_gmt":"2025-09-20T06:59:00","slug":"evoluderm-argan-divin-ultra-bar-matu-kops-lidz-garum-un-gal-saus-un-boj-mat-100-ml","status":"publish","type":"product","link":"https:\/\/e.kosmolat.eu\/lt\/produktas\/evoluderm-argan-divin-ultra-bar-matu-kops-lidz-garum-un-gal-saus-un-boj-mat-100-ml\/","title":{"rendered":"EVOLUDERM Argan Divin Itin maitinamoji priemon\u0117 sausiems ir pa\u017eeistiems plaukams, 100 ml"},"content":{"rendered":"<p>Ar j\u016bs\u0173 plaukai labai sausi ir pa\u017eeisti, tarsi pra\u0161yt\u0173 maitinimo? Turtingas kompleksas su atkuriamuoju argan\u0173 aliejumi ir itin maitinamuoju taukmed\u017eio sviestu palengvina \u0161ukavim\u0105 ir formavim\u0105. Nenuplaunama formul\u0117 intensyviai apgaubia plaukus per vis\u0105 j\u0173 ilg\u012f \u2013 iki pat galiuk\u0173. Plaukai tampa \u0161veln\u016bs, paklusn\u016bs ir atrodo gerai pri\u017ei\u016brimi. Jie atgauna nat\u016bral\u0173 stiprum\u0105 ir gro\u017e\u012f. Nesunkina plauk\u0173. Nepalieka riebios ar lipnios pl\u0117vel\u0117s.<\/p>\n<p>Naudojimas: Nedidel\u012f kiek\u012f priemon\u0117s u\u017etepkite ant dr\u0117gn\u0173 arba saus\u0173 plauk\u0173 per vis\u0105 ilg\u012f ir galiukus, tada suformuokite \u0161ukuosen\u0105 kaip \u012fprasta.<\/p>\n<p>Atsargumo priemon\u0117s: Patekus \u012f akis, nedelsiant  praplauti dideliu kiekiu vandens.<\/p>\n<p>Dermatologi\u0161kai patikrinta<\/p>\n","protected":false},"excerpt":{"rendered":"<p>Ar j\u016bs\u0173 plaukai labai sausi ir pa\u017eeisti, tarsi pra\u0161yt\u0173 maitinimo? Turtingas kompleksas su atkuriamuoju argan\u0173 aliejumi ir itin maitinamuoju taukmed\u017eio sviestu palengvina \u0161ukavim\u0105 ir formavim\u0105. Nenuplaunama formul\u0117 intensyviai apgaubia plaukus per vis\u0105 j\u0173 ilg\u012f \u2013 iki pat galiuk\u0173. Plaukai tampa \u0161veln\u016bs, paklusn\u016bs ir atrodo gerai pri\u017ei\u016brimi. Jie atgauna nat\u016bral\u0173 stiprum\u0105 ir gro\u017e\u012f. Nesunkina plauk\u0173. Nepalieka [&#8230;]\n","protected":false},"featured_media":94334,"template":"","meta":[],"product_cat":[1345],"product_tag":[],"class_list":{"0":"post-73512","1":"product","2":"type-product","3":"status-publish","4":"has-post-thumbnail","6":"product_brand-evoluderm-lt","7":"product_cat-kitos-plauku-prieziuros-priemones","9":"first","10":"outofstock","11":"taxable","12":"shipping-taxable","13":"product-type-simple"},"_links":{"self":[{"href":"https:\/\/e.kosmolat.eu\/lt\/wp-json\/wp\/v2\/product\/73512","targetHints":{"allow":["GET"]}}],"collection":[{"href":"https:\/\/e.kosmolat.eu\/lt\/wp-json\/wp\/v2\/product"}],"about":[{"href":"https:\/\/e.kosmolat.eu\/lt\/wp-json\/wp\/v2\/types\/product"}],"wp:featuredmedia":[{"embeddable":true,"href":"https:\/\/e.kosmolat.eu\/lt\/wp-json\/wp\/v2\/media\/94334"}],"wp:attachment":[{"href":"https:\/\/e.kosmolat.eu\/lt\/wp-json\/wp\/v2\/media?parent=73512"}],"wp:term":[{"taxonomy":"product_cat","embeddable":true,"href":"https:\/\/e.kosmolat.eu\/lt\/wp-json\/wp\/v2\/product_cat?post=73512"},{"taxonomy":"product_tag","embeddable":true,"href":"https:\/\/e.kosmolat.eu\/lt\/wp-json\/wp\/v2\/product_tag?post=73512"}],"curies":[{"name":"wp","href":"https:\/\/api.w.org\/{rel}","templated":true}]}}