{"id":73505,"date":"2025-06-27T04:00:59","date_gmt":"2025-06-27T04:00:59","guid":{"rendered":"https:\/\/e.kosmolat.eu\/product\/evoluderm-mitriosa-sejas-maska-gurkis-150-g\/"},"modified":"2026-04-22T12:23:31","modified_gmt":"2026-04-22T12:23:31","slug":"evoluderm-mitriosa-sejas-maska-gurkis-150-g","status":"publish","type":"product","link":"https:\/\/e.kosmolat.eu\/lt\/produktas\/evoluderm-mitriosa-sejas-maska-gurkis-150-g\/","title":{"rendered":"EVOLUDERM dr\u0117kinamoji veido kauk\u0117 Agurkas, 150 g"},"content":{"rendered":"<p>Dr\u0117kinamoji kauk\u0117 su agurk\u0173 ekstraktu valo od\u0105 nuo ne\u0161varum\u0173 ir suteikia akimirksniu gaivumo poj\u016bt\u012f. Lengva dr\u0117kinamoji tekst\u016bra su detoksikaciniu poveikiu sutraukia poras ir pagerina odos elastingum\u0105.<\/p>\n<p>Naudojimas: tepkite ant veido, vengdami aki\u0173 srities. Palaikykite 5\u20136 minutes. Kruop\u0161\u010diai nuplaukite \u0161iltu vandeniu. Naudokite 1\u20132 kartus per savait\u0119.<\/p>\n<p>Atsargumo priemon\u0117s: Patekus \u012f akis, nedelsiant  praplauti dideliu kiekiu vandens.<\/p>\n<p>Dermatologi\u0161kai patikrinta.<\/p>\n","protected":false},"excerpt":{"rendered":"<p>Dr\u0117kinamoji kauk\u0117 su agurk\u0173 ekstraktu valo od\u0105 nuo ne\u0161varum\u0173 ir suteikia akimirksniu gaivumo poj\u016bt\u012f. Lengva dr\u0117kinamoji tekst\u016bra su detoksikaciniu poveikiu sutraukia poras ir pagerina odos elastingum\u0105. Naudojimas: tepkite ant veido, vengdami aki\u0173 srities. Palaikykite 5\u20136 minutes. Kruop\u0161\u010diai nuplaukite \u0161iltu vandeniu. Naudokite 1\u20132 kartus per savait\u0119. Atsargumo priemon\u0117s: Patekus \u012f akis, nedelsiant praplauti dideliu kiekiu vandens. [&#8230;]\n","protected":false},"featured_media":94294,"template":"","meta":[],"product_cat":[2181],"product_tag":[],"class_list":{"0":"post-73505","1":"product","2":"type-product","3":"status-publish","4":"has-post-thumbnail","6":"product_brand-evoluderm-lt","7":"product_cat-bez-kategorijas-lt","9":"first","10":"instock","11":"taxable","12":"shipping-taxable","13":"product-type-simple"},"_links":{"self":[{"href":"https:\/\/e.kosmolat.eu\/lt\/wp-json\/wp\/v2\/product\/73505","targetHints":{"allow":["GET"]}}],"collection":[{"href":"https:\/\/e.kosmolat.eu\/lt\/wp-json\/wp\/v2\/product"}],"about":[{"href":"https:\/\/e.kosmolat.eu\/lt\/wp-json\/wp\/v2\/types\/product"}],"wp:featuredmedia":[{"embeddable":true,"href":"https:\/\/e.kosmolat.eu\/lt\/wp-json\/wp\/v2\/media\/94294"}],"wp:attachment":[{"href":"https:\/\/e.kosmolat.eu\/lt\/wp-json\/wp\/v2\/media?parent=73505"}],"wp:term":[{"taxonomy":"product_cat","embeddable":true,"href":"https:\/\/e.kosmolat.eu\/lt\/wp-json\/wp\/v2\/product_cat?post=73505"},{"taxonomy":"product_tag","embeddable":true,"href":"https:\/\/e.kosmolat.eu\/lt\/wp-json\/wp\/v2\/product_tag?post=73505"}],"curies":[{"name":"wp","href":"https:\/\/api.w.org\/{rel}","templated":true}]}}