{"id":73498,"date":"2025-06-27T04:00:53","date_gmt":"2025-06-27T04:00:53","guid":{"rendered":"https:\/\/e.kosmolat.eu\/product\/evoluderm-sejas-skrubis-adas-mirdzumam-burkans-150-g\/"},"modified":"2025-09-20T06:56:38","modified_gmt":"2025-09-20T06:56:38","slug":"evoluderm-sejas-skrubis-adas-mirdzumam-burkans-150-g","status":"publish","type":"product","link":"https:\/\/e.kosmolat.eu\/lt\/produktas\/evoluderm-sejas-skrubis-adas-mirdzumam-burkans-150-g\/","title":{"rendered":"EVOLUDERM \u0161vyt\u0117jimo suteikiantis veido \u0161veitiklis Morka, 150 g"},"content":{"rendered":"<p>Mork\u0173 \u0161veitiklis spindin\u010diai odai \u0161velniai nu\u0161vei\u010dia odos pavir\u0161i\u0173, pa\u0161alindamas ne\u0161varumus. D\u0117l antioksidacini\u0173 mork\u0173 savybi\u0173 ir \u0161vei\u010diam\u0173j\u0173 abrikos\u0173 kauliuk\u0173 daleli\u0173 jis efektyviai atkem\u0161a poras, tod\u0117l oda tampa \u0161vari, lygi ir nepaprastai \u0161velni. Kremin\u0117 tekst\u016bra suvienodina odos atspalv\u012f ir suteikia odai nat\u016bral\u0173 \u0161vyt\u0117jim\u0105 bei sveik\u0105 atspalv\u012f.<\/p>\n<p>Naudojimas: Tepkite ant dr\u0117gnos odos, masa\u017euokite sukamaisiais judesiais, vengdami patekimo \u012f akis. Kruop\u0161\u010diai nuplaukite \u0161iltu vandeniu. Naudokite kart\u0105 per savait\u0119.<\/p>\n<p>Atsargumo priemon\u0117s: Patekus \u012f akis, nedelsiant  praplauti dideliu kiekiu vandens.<\/p>\n<p>Dermatologi\u0161kai patikrinta.<\/p>\n","protected":false},"excerpt":{"rendered":"<p>Mork\u0173 \u0161veitiklis spindin\u010diai odai \u0161velniai nu\u0161vei\u010dia odos pavir\u0161i\u0173, pa\u0161alindamas ne\u0161varumus. D\u0117l antioksidacini\u0173 mork\u0173 savybi\u0173 ir \u0161vei\u010diam\u0173j\u0173 abrikos\u0173 kauliuk\u0173 daleli\u0173 jis efektyviai atkem\u0161a poras, tod\u0117l oda tampa \u0161vari, lygi ir nepaprastai \u0161velni. Kremin\u0117 tekst\u016bra suvienodina odos atspalv\u012f ir suteikia odai nat\u016bral\u0173 \u0161vyt\u0117jim\u0105 bei sveik\u0105 atspalv\u012f. Naudojimas: Tepkite ant dr\u0117gnos odos, masa\u017euokite sukamaisiais judesiais, vengdami patekimo \u012f [&#8230;]\n","protected":false},"featured_media":94290,"template":"","meta":[],"product_cat":[1396],"product_tag":[],"class_list":{"0":"post-73498","1":"product","2":"type-product","3":"status-publish","4":"has-post-thumbnail","6":"product_brand-evoluderm-lt","7":"product_cat-veido-sveitikliai-ir-pilingai","9":"first","10":"outofstock","11":"taxable","12":"shipping-taxable","13":"product-type-simple"},"_links":{"self":[{"href":"https:\/\/e.kosmolat.eu\/lt\/wp-json\/wp\/v2\/product\/73498","targetHints":{"allow":["GET"]}}],"collection":[{"href":"https:\/\/e.kosmolat.eu\/lt\/wp-json\/wp\/v2\/product"}],"about":[{"href":"https:\/\/e.kosmolat.eu\/lt\/wp-json\/wp\/v2\/types\/product"}],"wp:featuredmedia":[{"embeddable":true,"href":"https:\/\/e.kosmolat.eu\/lt\/wp-json\/wp\/v2\/media\/94290"}],"wp:attachment":[{"href":"https:\/\/e.kosmolat.eu\/lt\/wp-json\/wp\/v2\/media?parent=73498"}],"wp:term":[{"taxonomy":"product_cat","embeddable":true,"href":"https:\/\/e.kosmolat.eu\/lt\/wp-json\/wp\/v2\/product_cat?post=73498"},{"taxonomy":"product_tag","embeddable":true,"href":"https:\/\/e.kosmolat.eu\/lt\/wp-json\/wp\/v2\/product_tag?post=73498"}],"curies":[{"name":"wp","href":"https:\/\/api.w.org\/{rel}","templated":true}]}}