{"id":73491,"date":"2025-06-28T04:00:39","date_gmt":"2025-06-28T04:00:39","guid":{"rendered":"https:\/\/e.kosmolat.eu\/product\/evoluderm-sejas-skrubis-granatabols-150-g\/"},"modified":"2025-09-20T06:56:26","modified_gmt":"2025-09-20T06:56:26","slug":"evoluderm-sejas-skrubis-granatabols-150-g","status":"publish","type":"product","link":"https:\/\/e.kosmolat.eu\/lt\/produktas\/evoluderm-sejas-skrubis-granatabols-150-g\/","title":{"rendered":"EVOLUDERM veido \u0161veitiklis Granatas, 150 ml"},"content":{"rendered":"<p>\u0160veitiklis \u0161velniai \u0161vei\u010dia ir valo od\u0105 nuo ne\u0161varum\u0173. D\u0117l granat\u0173 antioksidacini\u0173 savybi\u0173 ir \u0161vei\u010diam\u0173j\u0173 medienos celiulioz\u0117s daleli\u0173 priemon\u0117 atkem\u0161a poras, tod\u0117l oda tampa \u0161vari ir \u0161velni. Lengva gelin\u0117 tekst\u016bra su vaisi\u0173 aromatu suteikia akimirksniu gaivumo poj\u016bt\u012f. Lyginamasis poveikis atkuria nat\u016bral\u0173 odos spindes\u012f.<\/p>\n<p>Naudojimas: Tepkite ant veido, vengdami patekimo \u012f akis. Kruop\u0161\u010diai nuplaukite \u0161iltu vandeniu. Naudokite 1\u20132 kartus per savait\u0119.<\/p>\n<p>Atsargumo priemon\u0117s: Patekus \u012f akis, nedelsiant  praplauti dideliu kiekiu vandens.<\/p>\n<p>Dermatologi\u0161kai patikrinta.<\/p>\n","protected":false},"excerpt":{"rendered":"<p>\u0160veitiklis \u0161velniai \u0161vei\u010dia ir valo od\u0105 nuo ne\u0161varum\u0173. D\u0117l granat\u0173 antioksidacini\u0173 savybi\u0173 ir \u0161vei\u010diam\u0173j\u0173 medienos celiulioz\u0117s daleli\u0173 priemon\u0117 atkem\u0161a poras, tod\u0117l oda tampa \u0161vari ir \u0161velni. Lengva gelin\u0117 tekst\u016bra su vaisi\u0173 aromatu suteikia akimirksniu gaivumo poj\u016bt\u012f. Lyginamasis poveikis atkuria nat\u016bral\u0173 odos spindes\u012f. Naudojimas: Tepkite ant veido, vengdami patekimo \u012f akis. Kruop\u0161\u010diai nuplaukite \u0161iltu vandeniu. Naudokite [&#8230;]\n","protected":false},"featured_media":94286,"template":"","meta":[],"product_cat":[1396],"product_tag":[],"class_list":{"0":"post-73491","1":"product","2":"type-product","3":"status-publish","4":"has-post-thumbnail","6":"product_brand-evoluderm-lt","7":"product_cat-veido-sveitikliai-ir-pilingai","9":"first","10":"outofstock","11":"taxable","12":"shipping-taxable","13":"product-type-simple"},"_links":{"self":[{"href":"https:\/\/e.kosmolat.eu\/lt\/wp-json\/wp\/v2\/product\/73491","targetHints":{"allow":["GET"]}}],"collection":[{"href":"https:\/\/e.kosmolat.eu\/lt\/wp-json\/wp\/v2\/product"}],"about":[{"href":"https:\/\/e.kosmolat.eu\/lt\/wp-json\/wp\/v2\/types\/product"}],"wp:featuredmedia":[{"embeddable":true,"href":"https:\/\/e.kosmolat.eu\/lt\/wp-json\/wp\/v2\/media\/94286"}],"wp:attachment":[{"href":"https:\/\/e.kosmolat.eu\/lt\/wp-json\/wp\/v2\/media?parent=73491"}],"wp:term":[{"taxonomy":"product_cat","embeddable":true,"href":"https:\/\/e.kosmolat.eu\/lt\/wp-json\/wp\/v2\/product_cat?post=73491"},{"taxonomy":"product_tag","embeddable":true,"href":"https:\/\/e.kosmolat.eu\/lt\/wp-json\/wp\/v2\/product_tag?post=73491"}],"curies":[{"name":"wp","href":"https:\/\/api.w.org\/{rel}","templated":true}]}}