{"id":73477,"date":"2025-06-27T04:00:42","date_gmt":"2025-06-27T04:00:42","guid":{"rendered":"https:\/\/e.kosmolat.eu\/product\/evoluderm-nomierin-kosmetikas-nonems-lidz-jutigai-adai-250-ml\/"},"modified":"2025-09-20T06:56:04","modified_gmt":"2025-09-20T06:56:04","slug":"evoluderm-nomierin-kosmetikas-nonems-lidz-jutigai-adai-250-ml","status":"publish","type":"product","link":"https:\/\/e.kosmolat.eu\/lt\/produktas\/evoluderm-nomierin-kosmetikas-nonems-lidz-jutigai-adai-250-ml\/","title":{"rendered":"EVOLUDERM raminamasis makia\u017eo valiklis jautriai odai, 250 ml"},"content":{"rendered":"<p>Sud\u0117tyje yra sald\u017ei\u0173j\u0173 migdol\u0173 aliejaus ir medviln\u0117s ekstrakto, kurie pasi\u017eymi raminan\u010diomis ir maitinan\u010diomis savyb\u0117mis. \u0160velnus makia\u017eo valiklis \u0161velniai pa\u0161alina makia\u017e\u0105 ir ne\u0161varumus nuo jautrios odos. Oda tampa idealiai \u0161vari, lygi ir \u0161velni. Nepalieka riebios pl\u0117vel\u0117s.<\/p>\n<p>Naudojimas: u\u017etepkite priemon\u0117s ant vatos diskelio ir \u0161velniai nuvalykite veid\u0105 ir kakl\u0105. Jei reikia galite pakartoti.<\/p>\n<p>Atsargumo priemon\u0117s: Patekus \u012f akis, nedelsiant  praplauti dideliu kiekiu vandens.<\/p>\n<p>Dermatologi\u0161kai patikrinta.<\/p>\n","protected":false},"excerpt":{"rendered":"<p>Sud\u0117tyje yra sald\u017ei\u0173j\u0173 migdol\u0173 aliejaus ir medviln\u0117s ekstrakto, kurie pasi\u017eymi raminan\u010diomis ir maitinan\u010diomis savyb\u0117mis. \u0160velnus makia\u017eo valiklis \u0161velniai pa\u0161alina makia\u017e\u0105 ir ne\u0161varumus nuo jautrios odos. Oda tampa idealiai \u0161vari, lygi ir \u0161velni. Nepalieka riebios pl\u0117vel\u0117s. Naudojimas: u\u017etepkite priemon\u0117s ant vatos diskelio ir \u0161velniai nuvalykite veid\u0105 ir kakl\u0105. Jei reikia galite pakartoti. Atsargumo priemon\u0117s: Patekus \u012f [&#8230;]\n","protected":false},"featured_media":94278,"template":"","meta":[],"product_cat":[1574],"product_tag":[],"class_list":{"0":"post-73477","1":"product","2":"type-product","3":"status-publish","4":"has-post-thumbnail","6":"product_brand-evoluderm-lt","7":"product_cat-pieneliai-ir-aliejai","9":"first","10":"outofstock","11":"taxable","12":"shipping-taxable","13":"product-type-simple"},"_links":{"self":[{"href":"https:\/\/e.kosmolat.eu\/lt\/wp-json\/wp\/v2\/product\/73477","targetHints":{"allow":["GET"]}}],"collection":[{"href":"https:\/\/e.kosmolat.eu\/lt\/wp-json\/wp\/v2\/product"}],"about":[{"href":"https:\/\/e.kosmolat.eu\/lt\/wp-json\/wp\/v2\/types\/product"}],"wp:featuredmedia":[{"embeddable":true,"href":"https:\/\/e.kosmolat.eu\/lt\/wp-json\/wp\/v2\/media\/94278"}],"wp:attachment":[{"href":"https:\/\/e.kosmolat.eu\/lt\/wp-json\/wp\/v2\/media?parent=73477"}],"wp:term":[{"taxonomy":"product_cat","embeddable":true,"href":"https:\/\/e.kosmolat.eu\/lt\/wp-json\/wp\/v2\/product_cat?post=73477"},{"taxonomy":"product_tag","embeddable":true,"href":"https:\/\/e.kosmolat.eu\/lt\/wp-json\/wp\/v2\/product_tag?post=73477"}],"curies":[{"name":"wp","href":"https:\/\/api.w.org\/{rel}","templated":true}]}}