{"id":73470,"date":"2025-06-27T04:00:37","date_gmt":"2025-06-27T04:00:37","guid":{"rendered":"https:\/\/e.kosmolat.eu\/product\/evoluderm-mitr-kosmetikas-nonems-lidz-normalai-adai-250-ml\/"},"modified":"2026-04-20T09:51:02","modified_gmt":"2026-04-20T09:51:02","slug":"evoluderm-mitr-kosmetikas-nonems-lidz-normalai-adai-250-ml","status":"publish","type":"product","link":"https:\/\/e.kosmolat.eu\/lt\/produktas\/evoluderm-mitr-kosmetikas-nonems-lidz-normalai-adai-250-ml\/","title":{"rendered":"EVOLUDERM dr\u0117kinamasis makia\u017eo valiklis normaliai odai, 250 ml"},"content":{"rendered":"<p>\u0160velnus makia\u017eo valiklis, praturtintas vitaminu E, \u017einomu d\u0117l savo antioksidacini\u0173 savybi\u0173, efektyviai pa\u0161alina makia\u017e\u0105 ir ne\u0161varumus. Oda tampa idealiai \u0161vari, lygi ir \u0161velni. Nepalieka riebios pl\u0117vel\u0117s.<\/p>\n<p>Naudojimas: u\u017etepkite priemon\u0117s ant vatos diskelio ir \u0161velniai nuvalykite veid\u0105 ir kakl\u0105. Jei reikia, pakartokite.<\/p>\n<p>Atsargumo priemon\u0117s: Patekus \u012f akis, nedelsiant  praplauti dideliu kiekiu vandens.<\/p>\n<p>Dermatologi\u0161kai patikrinta<\/p>\n","protected":false},"excerpt":{"rendered":"<p>\u0160velnus makia\u017eo valiklis, praturtintas vitaminu E, \u017einomu d\u0117l savo antioksidacini\u0173 savybi\u0173, efektyviai pa\u0161alina makia\u017e\u0105 ir ne\u0161varumus. Oda tampa idealiai \u0161vari, lygi ir \u0161velni. Nepalieka riebios pl\u0117vel\u0117s. Naudojimas: u\u017etepkite priemon\u0117s ant vatos diskelio ir \u0161velniai nuvalykite veid\u0105 ir kakl\u0105. Jei reikia, pakartokite. Atsargumo priemon\u0117s: Patekus \u012f akis, nedelsiant praplauti dideliu kiekiu vandens. Dermatologi\u0161kai patikrinta<\/p>\n","protected":false},"featured_media":94274,"template":"","meta":[],"product_cat":[1574],"product_tag":[],"class_list":{"0":"post-73470","1":"product","2":"type-product","3":"status-publish","4":"has-post-thumbnail","6":"product_brand-evoluderm-lt","7":"product_cat-pieneliai-ir-aliejai","9":"first","10":"instock","11":"taxable","12":"shipping-taxable","13":"product-type-simple"},"_links":{"self":[{"href":"https:\/\/e.kosmolat.eu\/lt\/wp-json\/wp\/v2\/product\/73470","targetHints":{"allow":["GET"]}}],"collection":[{"href":"https:\/\/e.kosmolat.eu\/lt\/wp-json\/wp\/v2\/product"}],"about":[{"href":"https:\/\/e.kosmolat.eu\/lt\/wp-json\/wp\/v2\/types\/product"}],"wp:featuredmedia":[{"embeddable":true,"href":"https:\/\/e.kosmolat.eu\/lt\/wp-json\/wp\/v2\/media\/94274"}],"wp:attachment":[{"href":"https:\/\/e.kosmolat.eu\/lt\/wp-json\/wp\/v2\/media?parent=73470"}],"wp:term":[{"taxonomy":"product_cat","embeddable":true,"href":"https:\/\/e.kosmolat.eu\/lt\/wp-json\/wp\/v2\/product_cat?post=73470"},{"taxonomy":"product_tag","embeddable":true,"href":"https:\/\/e.kosmolat.eu\/lt\/wp-json\/wp\/v2\/product_tag?post=73470"}],"curies":[{"name":"wp","href":"https:\/\/api.w.org\/{rel}","templated":true}]}}