{"id":73455,"date":"2025-07-01T08:27:10","date_gmt":"2025-07-01T08:27:10","guid":{"rendered":"https:\/\/e.kosmolat.eu\/product\/evoluderm-argan-divin-barojosa-ella-pirms-matu-mazg-loti-saus-un-boj-mat-150-ml\/"},"modified":"2025-09-20T06:54:45","modified_gmt":"2025-09-20T06:54:45","slug":"evoluderm-argan-divin-barojosa-ella-pirms-matu-mazg-loti-saus-un-boj-mat-150-ml","status":"publish","type":"product","link":"https:\/\/e.kosmolat.eu\/lt\/produktas\/evoluderm-argan-divin-barojosa-ella-pirms-matu-mazg-loti-saus-un-boj-mat-150-ml\/","title":{"rendered":"EVOLUDERM Argan Divin maitinamasis aliejus labai sausiems ir pa\u017eeistiems plaukams prie\u0161 trinkim\u0105 \u0161am"},"content":{"rendered":"<p>\u201eEVOLUDERM\u201c suk\u016br\u0117 maitinam\u0105j\u012f aliej\u0173 prie\u0161 plovim\u0105 labai sausiems ir pa\u017eeistiems plaukams. Praturtintas argan\u0173 ir taukmed\u017ei\u0173 aliejais, jis intensyviai atkuria ir maitina pa\u017eeistas plauk\u0173 vietas per vis\u0105 ilg\u012f ir galiukus.<\/p>\n<p>Naudojimas: tepkite ant saus\u0173 plauk\u0173 per vis\u0105 ilg\u012f, ypating\u0105 d\u0117mes\u012f skirdami galiukams. Palaikykite 10 minu\u010di\u0173, tada i\u0161plaukite plaukus kaip \u012fprasta.<\/p>\n<p>Atsargumo priemon\u0117s: Patekus \u012f akis, nedelsiant  praplauti dideliu kiekiu vandens.<\/p>\n<p>Dermatologi\u0161kai patikrinta<\/p>\n","protected":false},"excerpt":{"rendered":"<p>\u201eEVOLUDERM\u201c suk\u016br\u0117 maitinam\u0105j\u012f aliej\u0173 prie\u0161 plovim\u0105 labai sausiems ir pa\u017eeistiems plaukams. Praturtintas argan\u0173 ir taukmed\u017ei\u0173 aliejais, jis intensyviai atkuria ir maitina pa\u017eeistas plauk\u0173 vietas per vis\u0105 ilg\u012f ir galiukus. Naudojimas: tepkite ant saus\u0173 plauk\u0173 per vis\u0105 ilg\u012f, ypating\u0105 d\u0117mes\u012f skirdami galiukams. Palaikykite 10 minu\u010di\u0173, tada i\u0161plaukite plaukus kaip \u012fprasta. Atsargumo priemon\u0117s: Patekus \u012f akis, nedelsiant [&#8230;]\n","protected":false},"featured_media":94254,"template":"","meta":[],"product_cat":[1653],"product_tag":[],"class_list":{"0":"post-73455","1":"product","2":"type-product","3":"status-publish","4":"has-post-thumbnail","6":"product_brand-evoluderm-lt","7":"product_cat-geliai-kremai-aliejai-ir-kt","9":"first","10":"outofstock","11":"taxable","12":"shipping-taxable","13":"product-type-simple"},"_links":{"self":[{"href":"https:\/\/e.kosmolat.eu\/lt\/wp-json\/wp\/v2\/product\/73455","targetHints":{"allow":["GET"]}}],"collection":[{"href":"https:\/\/e.kosmolat.eu\/lt\/wp-json\/wp\/v2\/product"}],"about":[{"href":"https:\/\/e.kosmolat.eu\/lt\/wp-json\/wp\/v2\/types\/product"}],"wp:featuredmedia":[{"embeddable":true,"href":"https:\/\/e.kosmolat.eu\/lt\/wp-json\/wp\/v2\/media\/94254"}],"wp:attachment":[{"href":"https:\/\/e.kosmolat.eu\/lt\/wp-json\/wp\/v2\/media?parent=73455"}],"wp:term":[{"taxonomy":"product_cat","embeddable":true,"href":"https:\/\/e.kosmolat.eu\/lt\/wp-json\/wp\/v2\/product_cat?post=73455"},{"taxonomy":"product_tag","embeddable":true,"href":"https:\/\/e.kosmolat.eu\/lt\/wp-json\/wp\/v2\/product_tag?post=73455"}],"curies":[{"name":"wp","href":"https:\/\/api.w.org\/{rel}","templated":true}]}}