{"id":73435,"date":"2025-07-01T08:21:16","date_gmt":"2025-07-01T08:21:16","guid":{"rendered":"https:\/\/e.kosmolat.eu\/product\/evoluderm-mitrinoss-serums-ar-alveju-un-hialuronsk-visiem-adas-tip-30-ml\/"},"modified":"2026-04-22T13:20:50","modified_gmt":"2026-04-22T13:20:50","slug":"evoluderm-mitrinoss-serums-ar-alveju-un-hialuronsk-visiem-adas-tip-30-ml","status":"publish","type":"product","link":"https:\/\/e.kosmolat.eu\/lt\/produktas\/evoluderm-mitrinoss-serums-ar-alveju-un-hialuronsk-visiem-adas-tip-30-ml\/","title":{"rendered":"EVOLUDERM dr\u0117kinamasis serumas su alavijais ir hialurono r\u016bg\u0161timi visiems odos tipams, 30 ml"},"content":{"rendered":"<p>Dr\u0117kinamasis serumas maitina ir ramina od\u0105. Pasi\u017eymi antioksidaciniu poveikiu. Tinka visiems odos tipams, \u012fskaitant jautri\u0105. D\u0117l raminan\u010dio alavij\u0173 ir gausios hialurono r\u016bg\u0161ties derinio suteikia odai gaivumo ir \u0161velnumo. Lengva, nelipni tekst\u016bra i\u0161saus\u0117jusi\u0105 od\u0105 padaro lygesn\u0119 ir padeda atkurti nat\u016bral\u0173 spindes\u012f.<\/p>\n<p>Naudojimas: ryte ir (arba) vakare u\u017ela\u0161inkite 2\u20133 la\u0161us ant delno ir paskirstykite ant veido, kaklo ir dekolt\u0117 srities. Venkite patekimo \u012f akis.<\/p>\n<p>Atsargumo priemon\u0117s: Patekus \u012f akis, nedelsiant  praplauti dideliu kiekiu vandens.<\/p>\n<p>Dermatologi\u0161kai patikrinta.<\/p>\n","protected":false},"excerpt":{"rendered":"<p>Dr\u0117kinamasis serumas maitina ir ramina od\u0105. Pasi\u017eymi antioksidaciniu poveikiu. Tinka visiems odos tipams, \u012fskaitant jautri\u0105. D\u0117l raminan\u010dio alavij\u0173 ir gausios hialurono r\u016bg\u0161ties derinio suteikia odai gaivumo ir \u0161velnumo. Lengva, nelipni tekst\u016bra i\u0161saus\u0117jusi\u0105 od\u0105 padaro lygesn\u0119 ir padeda atkurti nat\u016bral\u0173 spindes\u012f. Naudojimas: ryte ir (arba) vakare u\u017ela\u0161inkite 2\u20133 la\u0161us ant delno ir paskirstykite ant veido, kaklo [&#8230;]\n","protected":false},"featured_media":94398,"template":"","meta":[],"product_cat":[2181],"product_tag":[],"class_list":{"0":"post-73435","1":"product","2":"type-product","3":"status-publish","4":"has-post-thumbnail","6":"product_brand-evoluderm-lt","7":"product_cat-bez-kategorijas-lt","9":"first","10":"instock","11":"taxable","12":"shipping-taxable","13":"product-type-simple"},"_links":{"self":[{"href":"https:\/\/e.kosmolat.eu\/lt\/wp-json\/wp\/v2\/product\/73435","targetHints":{"allow":["GET"]}}],"collection":[{"href":"https:\/\/e.kosmolat.eu\/lt\/wp-json\/wp\/v2\/product"}],"about":[{"href":"https:\/\/e.kosmolat.eu\/lt\/wp-json\/wp\/v2\/types\/product"}],"wp:featuredmedia":[{"embeddable":true,"href":"https:\/\/e.kosmolat.eu\/lt\/wp-json\/wp\/v2\/media\/94398"}],"wp:attachment":[{"href":"https:\/\/e.kosmolat.eu\/lt\/wp-json\/wp\/v2\/media?parent=73435"}],"wp:term":[{"taxonomy":"product_cat","embeddable":true,"href":"https:\/\/e.kosmolat.eu\/lt\/wp-json\/wp\/v2\/product_cat?post=73435"},{"taxonomy":"product_tag","embeddable":true,"href":"https:\/\/e.kosmolat.eu\/lt\/wp-json\/wp\/v2\/product_tag?post=73435"}],"curies":[{"name":"wp","href":"https:\/\/api.w.org\/{rel}","templated":true}]}}