{"id":73427,"date":"2025-07-01T08:20:58","date_gmt":"2025-07-01T08:20:58","guid":{"rendered":"https:\/\/e.kosmolat.eu\/product\/evoluderm-ipasi-mitr-c-vitamina-serums-ar-apels-ekstr-un-hialuronsk-30-ml\/"},"modified":"2026-03-31T10:44:10","modified_gmt":"2026-03-31T10:44:10","slug":"evoluderm-ipasi-mitr-c-vitamina-serums-ar-apels-ekstr-un-hialuronsk-30-ml","status":"publish","type":"product","link":"https:\/\/e.kosmolat.eu\/lt\/produktas\/evoluderm-ipasi-mitr-c-vitamina-serums-ar-apels-ekstr-un-hialuronsk-30-ml\/","title":{"rendered":"EVOLUDERM itin dr\u0117kinamasis serumas su apelsin\u0173 ekstraktu ir hialurono r\u016bg\u0161timi, 30 ml"},"content":{"rendered":"<p>Antioksidantinis serumas dr\u0117kina od\u0105, suteikia jai energijos ir atkuria nat\u016bral\u0173 spindes\u012f. Formul\u0117 praturtinta tonizuojan\u010diu apelsin\u0173 ekstraktu ir dr\u0117kinam\u0105ja hialurono r\u016bg\u0161timi. Lengva, nelipni tekst\u016bra su vaisi\u0173 aromatu gaivina ir skaistina od\u0105. Jau po pirmojo naudojimo veido bruo\u017eai atrodo pails\u0117j\u0119, o odos tonas tampa lygesnis.<\/p>\n<p>Naudojimas: ryte ir (arba) vakare u\u017ela\u0161inkite 2\u20133 la\u0161us ant delno ir paskirstykite ant veido, kaklo ir dekolt\u0117 srities. Venkite patekimo \u012f akis.<\/p>\n<p>Atsargumo priemon\u0117s: Patekus \u012f akis, nedelsiant  praplauti dideliu kiekiu vandens.<\/p>\n<p>Dermatologi\u0161kai patikrinta.<\/p>\n","protected":false},"excerpt":{"rendered":"<p>Antioksidantinis serumas dr\u0117kina od\u0105, suteikia jai energijos ir atkuria nat\u016bral\u0173 spindes\u012f. Formul\u0117 praturtinta tonizuojan\u010diu apelsin\u0173 ekstraktu ir dr\u0117kinam\u0105ja hialurono r\u016bg\u0161timi. Lengva, nelipni tekst\u016bra su vaisi\u0173 aromatu gaivina ir skaistina od\u0105. Jau po pirmojo naudojimo veido bruo\u017eai atrodo pails\u0117j\u0119, o odos tonas tampa lygesnis. Naudojimas: ryte ir (arba) vakare u\u017ela\u0161inkite 2\u20133 la\u0161us ant delno ir paskirstykite [&#8230;]\n","protected":false},"featured_media":94394,"template":"","meta":[],"product_cat":[1327],"product_tag":[],"class_list":{"0":"post-73427","1":"product","2":"type-product","3":"status-publish","4":"has-post-thumbnail","6":"product_brand-evoluderm-lt","7":"product_cat-serumai","9":"first","10":"instock","11":"taxable","12":"shipping-taxable","13":"product-type-simple"},"_links":{"self":[{"href":"https:\/\/e.kosmolat.eu\/lt\/wp-json\/wp\/v2\/product\/73427","targetHints":{"allow":["GET"]}}],"collection":[{"href":"https:\/\/e.kosmolat.eu\/lt\/wp-json\/wp\/v2\/product"}],"about":[{"href":"https:\/\/e.kosmolat.eu\/lt\/wp-json\/wp\/v2\/types\/product"}],"wp:featuredmedia":[{"embeddable":true,"href":"https:\/\/e.kosmolat.eu\/lt\/wp-json\/wp\/v2\/media\/94394"}],"wp:attachment":[{"href":"https:\/\/e.kosmolat.eu\/lt\/wp-json\/wp\/v2\/media?parent=73427"}],"wp:term":[{"taxonomy":"product_cat","embeddable":true,"href":"https:\/\/e.kosmolat.eu\/lt\/wp-json\/wp\/v2\/product_cat?post=73427"},{"taxonomy":"product_tag","embeddable":true,"href":"https:\/\/e.kosmolat.eu\/lt\/wp-json\/wp\/v2\/product_tag?post=73427"}],"curies":[{"name":"wp","href":"https:\/\/api.w.org\/{rel}","templated":true}]}}