{"id":73419,"date":"2025-06-27T04:00:32","date_gmt":"2025-06-27T04:00:32","guid":{"rendered":"https:\/\/e.kosmolat.eu\/product\/evoluderm-sejas-maska-ad-mirdzumam-burkans-150-g\/"},"modified":"2026-04-22T07:36:06","modified_gmt":"2026-04-22T07:36:06","slug":"evoluderm-sejas-maska-ad-mirdzumam-burkans-150-g","status":"publish","type":"product","link":"https:\/\/e.kosmolat.eu\/lt\/produktas\/evoluderm-sejas-maska-ad-mirdzumam-burkans-150-g\/","title":{"rendered":"EVOLUDERM veido kauk\u0117 spindin\u010diai odai su Morka, 150 g"},"content":{"rendered":"<p>Mork\u0173 kauk\u0117 spindin\u010diai odai yra kremin\u0117s tekst\u016bros. Praturtinta antioksidaciniu mork\u0173 ekstraktu, ji i\u0161lygina odos atspalv\u012f ir suteikia odai sveik\u0105 \u0161vyt\u0117jim\u0105 jau po pirmojo naudojimo. D\u0117l valomojo poveikio ji pa\u0161alina ne\u0161varumus ir atkuria odos gaivum\u0105, akimirksniu suteikdama jai pri\u017ei\u016br\u0117t\u0105 i\u0161vaizd\u0105.<\/p>\n<p>Rezultatas: oda atsinaujinusi, spindinti ir gra\u017ei.<br \/>\nNaudojimas: Tepkite ant veido, vengdami patekimo \u012f akis. Nepalikite ilgiau nei 5 minutes. Kruop\u0161\u010diai nuplaukite \u0161iltu vandeniu. Naudokite 1\u20132 kartus per savait\u0119.<\/p>\n<p>Atsargumo priemon\u0117s: Patekus \u012f akis, nedelsiant  praplauti dideliu kiekiu vandens.<\/p>\n<p>Dermatologi\u0161kai patikrinta.<\/p>\n","protected":false},"excerpt":{"rendered":"<p>Mork\u0173 kauk\u0117 spindin\u010diai odai yra kremin\u0117s tekst\u016bros. Praturtinta antioksidaciniu mork\u0173 ekstraktu, ji i\u0161lygina odos atspalv\u012f ir suteikia odai sveik\u0105 \u0161vyt\u0117jim\u0105 jau po pirmojo naudojimo. D\u0117l valomojo poveikio ji pa\u0161alina ne\u0161varumus ir atkuria odos gaivum\u0105, akimirksniu suteikdama jai pri\u017ei\u016br\u0117t\u0105 i\u0161vaizd\u0105. Rezultatas: oda atsinaujinusi, spindinti ir gra\u017ei. Naudojimas: Tepkite ant veido, vengdami patekimo \u012f akis. Nepalikite ilgiau [&#8230;]\n","protected":false},"featured_media":94390,"template":"","meta":[],"product_cat":[2181],"product_tag":[],"class_list":{"0":"post-73419","1":"product","2":"type-product","3":"status-publish","4":"has-post-thumbnail","6":"product_brand-evoluderm-lt","7":"product_cat-bez-kategorijas-lt","9":"first","10":"instock","11":"taxable","12":"shipping-taxable","13":"product-type-simple"},"_links":{"self":[{"href":"https:\/\/e.kosmolat.eu\/lt\/wp-json\/wp\/v2\/product\/73419","targetHints":{"allow":["GET"]}}],"collection":[{"href":"https:\/\/e.kosmolat.eu\/lt\/wp-json\/wp\/v2\/product"}],"about":[{"href":"https:\/\/e.kosmolat.eu\/lt\/wp-json\/wp\/v2\/types\/product"}],"wp:featuredmedia":[{"embeddable":true,"href":"https:\/\/e.kosmolat.eu\/lt\/wp-json\/wp\/v2\/media\/94390"}],"wp:attachment":[{"href":"https:\/\/e.kosmolat.eu\/lt\/wp-json\/wp\/v2\/media?parent=73419"}],"wp:term":[{"taxonomy":"product_cat","embeddable":true,"href":"https:\/\/e.kosmolat.eu\/lt\/wp-json\/wp\/v2\/product_cat?post=73419"},{"taxonomy":"product_tag","embeddable":true,"href":"https:\/\/e.kosmolat.eu\/lt\/wp-json\/wp\/v2\/product_tag?post=73419"}],"curies":[{"name":"wp","href":"https:\/\/api.w.org\/{rel}","templated":true}]}}