{"id":73412,"date":"2025-06-28T04:00:28","date_gmt":"2025-06-28T04:00:28","guid":{"rendered":"https:\/\/e.kosmolat.eu\/product\/evoluderm-attir-sejas-maska-ar-balto-malu-150-g\/"},"modified":"2025-09-20T07:01:06","modified_gmt":"2025-09-20T07:01:06","slug":"evoluderm-attir-sejas-maska-ar-balto-malu-150-g","status":"publish","type":"product","link":"https:\/\/e.kosmolat.eu\/lt\/produktas\/evoluderm-attir-sejas-maska-ar-balto-malu-150-g\/","title":{"rendered":"EVOLUDERM valomoji veido kauk\u0117 su baltuoju moliu, 150 g"},"content":{"rendered":"<p>Valomoji kauk\u0117 su baltuoju moliu \u0161velniai pa\u0161alina ne\u0161varumus ir suma\u017eina riebal\u0173 pertekli\u0173. \u0160velni kremin\u0117 tekst\u016bra nesausina odos, padeda sul\u0117tinti ink\u0161tir\u0173 atsiradim\u0105 ir kontroliuoti rieb\u0173 blizges\u012f. D\u0117l matini\u0173 molio savybi\u0173 oda giliai valoma, i\u0161laikant nat\u016brali\u0105 hidrolipid\u0173 pusiausvyr\u0105.<\/p>\n<p>Naudojimas: Tepkite ant veido, vengdami patekimo \u012f akis. Palaikykite 5\u20136 minutes. Kruop\u0161\u010diai nuplaukite \u0161iltu vandeniu. Naudokite 1\u20132 kartus per savait\u0119.<\/p>\n<p>Atsargumo priemon\u0117s: Patekus \u012f akis, nedelsiant  praplauti dideliu kiekiu vandens.<\/p>\n<p>Dermatologi\u0161kai patikrinta.<\/p>\n","protected":false},"excerpt":{"rendered":"<p>Valomoji kauk\u0117 su baltuoju moliu \u0161velniai pa\u0161alina ne\u0161varumus ir suma\u017eina riebal\u0173 pertekli\u0173. \u0160velni kremin\u0117 tekst\u016bra nesausina odos, padeda sul\u0117tinti ink\u0161tir\u0173 atsiradim\u0105 ir kontroliuoti rieb\u0173 blizges\u012f. D\u0117l matini\u0173 molio savybi\u0173 oda giliai valoma, i\u0161laikant nat\u016brali\u0105 hidrolipid\u0173 pusiausvyr\u0105. Naudojimas: Tepkite ant veido, vengdami patekimo \u012f akis. Palaikykite 5\u20136 minutes. Kruop\u0161\u010diai nuplaukite \u0161iltu vandeniu. Naudokite 1\u20132 kartus per [&#8230;]\n","protected":false},"featured_media":94370,"template":"","meta":[],"product_cat":[1369],"product_tag":[],"class_list":{"0":"post-73412","1":"product","2":"type-product","3":"status-publish","4":"has-post-thumbnail","6":"product_brand-evoluderm-lt","7":"product_cat-veido-kaukes","9":"first","10":"outofstock","11":"taxable","12":"shipping-taxable","13":"product-type-simple"},"_links":{"self":[{"href":"https:\/\/e.kosmolat.eu\/lt\/wp-json\/wp\/v2\/product\/73412","targetHints":{"allow":["GET"]}}],"collection":[{"href":"https:\/\/e.kosmolat.eu\/lt\/wp-json\/wp\/v2\/product"}],"about":[{"href":"https:\/\/e.kosmolat.eu\/lt\/wp-json\/wp\/v2\/types\/product"}],"wp:featuredmedia":[{"embeddable":true,"href":"https:\/\/e.kosmolat.eu\/lt\/wp-json\/wp\/v2\/media\/94370"}],"wp:attachment":[{"href":"https:\/\/e.kosmolat.eu\/lt\/wp-json\/wp\/v2\/media?parent=73412"}],"wp:term":[{"taxonomy":"product_cat","embeddable":true,"href":"https:\/\/e.kosmolat.eu\/lt\/wp-json\/wp\/v2\/product_cat?post=73412"},{"taxonomy":"product_tag","embeddable":true,"href":"https:\/\/e.kosmolat.eu\/lt\/wp-json\/wp\/v2\/product_tag?post=73412"}],"curies":[{"name":"wp","href":"https:\/\/api.w.org\/{rel}","templated":true}]}}