{"id":73405,"date":"2025-07-01T08:19:13","date_gmt":"2025-07-01T08:19:13","guid":{"rendered":"https:\/\/e.kosmolat.eu\/product\/evoluderm-mirdzumu-pieskirosa-sejas-maska-ar-balto-malu-vis-ad-t-100-ml\/"},"modified":"2026-04-13T12:56:45","modified_gmt":"2026-04-13T12:56:45","slug":"evoluderm-mirdzumu-pieskirosa-sejas-maska-ar-balto-malu-vis-ad-t-100-ml","status":"publish","type":"product","link":"https:\/\/e.kosmolat.eu\/lt\/produktas\/evoluderm-mirdzumu-pieskirosa-sejas-maska-ar-balto-malu-vis-ad-t-100-ml\/","title":{"rendered":"EVOLUDERM spindesio suteikianti kauk\u0117 visiems odos tipams su baltuoju moliu, 100 ml"},"content":{"rendered":"<p>Veido kauk\u0117 valo ir mineralizuoja od\u0105. Baltasis molis veikia kaip spindesio aktyvatorius papilk\u0117jusiai ir pavargusiai odai. Ji tonizuoja ir atkuria od\u0105, suvienodina odos atspalv\u012f ir sutraukia poras. Oda tampa \u0161velni, i\u0161valyta nuo ne\u0161varum\u0173, lygi, o veido spalva \u2013 gaivi ir spindinti.<\/p>\n<p>Naudojimas: Prie\u0161 naudojim\u0105 suplakite t\u016bbel\u0119, tada tolygiai u\u017etepkite kauk\u0119, vengdami patekimo \u012f akis. Palaikykite ant odos 10 minu\u010di\u0173, tada nuplaukite \u0161variu vandeniu.<\/p>\n<p>Atsargumo priemon\u0117s: Patekus \u012f akis, nedelsiant  praplauti dideliu kiekiu vandens.<\/p>\n<p>Dermatologi\u0161kai patikrinta.<\/p>\n","protected":false},"excerpt":{"rendered":"<p>Veido kauk\u0117 valo ir mineralizuoja od\u0105. Baltasis molis veikia kaip spindesio aktyvatorius papilk\u0117jusiai ir pavargusiai odai. Ji tonizuoja ir atkuria od\u0105, suvienodina odos atspalv\u012f ir sutraukia poras. Oda tampa \u0161velni, i\u0161valyta nuo ne\u0161varum\u0173, lygi, o veido spalva \u2013 gaivi ir spindinti. Naudojimas: Prie\u0161 naudojim\u0105 suplakite t\u016bbel\u0119, tada tolygiai u\u017etepkite kauk\u0119, vengdami patekimo \u012f akis. Palaikykite [&#8230;]\n","protected":false},"featured_media":94366,"template":"","meta":[],"product_cat":[1369],"product_tag":[],"class_list":{"0":"post-73405","1":"product","2":"type-product","3":"status-publish","4":"has-post-thumbnail","6":"product_brand-evoluderm-lt","7":"product_cat-veido-kaukes","9":"first","10":"instock","11":"taxable","12":"shipping-taxable","13":"product-type-simple"},"_links":{"self":[{"href":"https:\/\/e.kosmolat.eu\/lt\/wp-json\/wp\/v2\/product\/73405","targetHints":{"allow":["GET"]}}],"collection":[{"href":"https:\/\/e.kosmolat.eu\/lt\/wp-json\/wp\/v2\/product"}],"about":[{"href":"https:\/\/e.kosmolat.eu\/lt\/wp-json\/wp\/v2\/types\/product"}],"wp:featuredmedia":[{"embeddable":true,"href":"https:\/\/e.kosmolat.eu\/lt\/wp-json\/wp\/v2\/media\/94366"}],"wp:attachment":[{"href":"https:\/\/e.kosmolat.eu\/lt\/wp-json\/wp\/v2\/media?parent=73405"}],"wp:term":[{"taxonomy":"product_cat","embeddable":true,"href":"https:\/\/e.kosmolat.eu\/lt\/wp-json\/wp\/v2\/product_cat?post=73405"},{"taxonomy":"product_tag","embeddable":true,"href":"https:\/\/e.kosmolat.eu\/lt\/wp-json\/wp\/v2\/product_tag?post=73405"}],"curies":[{"name":"wp","href":"https:\/\/api.w.org\/{rel}","templated":true}]}}