{"id":73397,"date":"2025-07-01T05:46:52","date_gmt":"2025-07-01T05:46:52","guid":{"rendered":"https:\/\/e.kosmolat.eu\/product\/lady-caramel-kermena-epilacijas-vasks-argana-16-gab\/"},"modified":"2026-04-15T11:55:47","modified_gmt":"2026-04-15T11:55:47","slug":"i_lady-caramel-kermena-epilacijas-vasks-argana-16-gab","status":"publish","type":"product","link":"https:\/\/e.kosmolat.eu\/lt\/produktas\/i_lady-caramel-kermena-epilacijas-vasks-argana-16-gab\/","title":{"rendered":"I_LADY CARAMEL K\u016bno plauk\u0173 \u0161alinimo va\u0161kas Arganas, 16 vnt."},"content":{"rendered":"<p><strong>Naudojimas:<\/strong><br \/>\nDien\u0105 prie&scaron; proced\u016br\u0105 naudokite k\u016bno &scaron;veitikl\u012f &ndash; atnaujinsite od\u0105 ir i&scaron;valysite poras, tod\u0117l proced\u016bros efektyvumas \u017eenkliai padid\u0117s. Prie&scaron; epiliuojant, oda turi b\u016bti sausa ir nuriebalinta Geresniampoveikiui, galite u\u017etepti nedidel\u012f kiek\u012f kosmetinio talko. Va&scaron;kas veiksmingas plaukams, kuri\u0173 ilgis ne ma\u017eesnis kaip 2-5 mm.<br \/>\n1. Atsargiai padalinkite plok&scaron;teless \u012f dvi dalis. Abi plok&scaron;teles yra naudokite tolesnei proced\u016brai.<br \/>\n2. Kiekvien\u0105 plok&scaron;tel\u0119 atsargiai priklijuokite prie odos grie\u017etai plauk\u0173 augimo kryptimi ir prispauskite.<br \/>\n3. Vienu staigiu judesiu &nbsp;nupl\u0117&scaron;kite prie&scaron;inga plauk\u0173 augimo kryptimi!<br \/>\n4. Likus\u012f va&scaron;k\u0105 pa&scaron;alinkite specialiu aliejaus-va&scaron;ko valikliu. Po proced\u016bros rekomenduojama naudoti dr\u0117kinam\u0105j\u012f krem\u0105.<\/p>\n<p><strong>Atsargumo priemon\u0117s: <\/strong>laikykit\u0117s naudojimo instrukcij\u0173 ir perskaitykite atsargumo priemones. Prie&scaron; kiekvien\u0105 proced\u016br\u0105 patikrinkite odos reakcij\u0105, u\u017etepdami va&scaron;ko ant nedidelio ploto. Jei po 24 valand\u0173 n\u0117ra joki\u0173 nepageidaujam\u0173 reakcij\u0173, galite t\u0119sti naudojim\u0105. &Scaron;is produktas tinka plaukams &scaron;alinti ant koj\u0173 ir rank\u0173. Nenaudoti ant galvos, veido, aki\u0173, antaki\u0173, nosies, aus\u0173, kr\u016btin\u0117s, speneli\u0173 ar gretim\u0173 sri\u010di\u0173, lytini\u0173 organ\u0173 ar perianalini\u0173 sri\u010di\u0173. Proced\u016bra netinka vyresnio am\u017eiaus \u017emon\u0117ms, sergantiems cukriniu diabetu ar vartojantiems vaistus nuo spuog\u0173. Netepti ant \u017eaizd\u0173, i&scaron;sipl\u0117tusi\u0173 ven\u0173, spuog\u0173, sudirgusios ar nudegusios odos, odos, kuri anks\u010diau buvo tur\u0117jusi neigiam\u0105 reakcij\u0105 \u012f plauk\u0173 &scaron;alinimo va&scaron;k\u0105. 24 valandas prie&scaron; ir po va&scaron;kavimo venkite saul\u0117s voni\u0173, maudyni\u0173, dezodorant\u0173 ar kit\u0173 alkoholio turin\u010di\u0173 produkt\u0173, kvepal\u0173. Esant auk&scaron;tai temperat\u016brai (+30 &ordm;C ir auk&scaron;tesn\u0117), prie&scaron; naudojim\u0105 juosteles 30 minu\u010di\u0173 \u012fd\u0117kite \u012f &scaron;aldytuv\u0105.<br \/>\nLaikyti horizontalioje pad\u0117tyje. Laikyti vaikams ir gyv\u016bnams nepasiekiamoje vietoje. Nenuryti.<\/p>\n<p><strong>Pakuot\u0117je yra: <\/strong>va&scaron;ko juostel\u0117s plauk\u0173 &scaron;alinimui &#8211; 16 vnt. servet\u0117l\u0117s po epiliavimo &#8211; 2 vnt.<br \/>\n&nbsp;<\/p>\n","protected":false},"excerpt":{"rendered":"<p>Naudojimas: Dien\u0105 prie&scaron; proced\u016br\u0105 naudokite k\u016bno &scaron;veitikl\u012f &ndash; atnaujinsite od\u0105 ir i&scaron;valysite poras, tod\u0117l proced\u016bros efektyvumas \u017eenkliai padid\u0117s. Prie&scaron; epiliuojant, oda turi b\u016bti sausa ir nuriebalinta Geresniampoveikiui, galite u\u017etepti nedidel\u012f kiek\u012f kosmetinio talko. Va&scaron;kas veiksmingas plaukams, kuri\u0173 ilgis ne ma\u017eesnis kaip 2-5 mm. 1. Atsargiai padalinkite plok&scaron;teless \u012f dvi dalis. Abi plok&scaron;teles yra naudokite tolesnei [&#8230;]\n","protected":false},"featured_media":100320,"template":"","meta":[],"product_cat":[1624],"product_tag":[],"class_list":{"0":"post-73397","1":"product","2":"type-product","3":"status-publish","4":"has-post-thumbnail","6":"product_brand-elfa_ua-lt","7":"product_cat-depiliacijos-priemones","9":"first","10":"instock","11":"taxable","12":"shipping-taxable","13":"product-type-simple"},"_links":{"self":[{"href":"https:\/\/e.kosmolat.eu\/lt\/wp-json\/wp\/v2\/product\/73397","targetHints":{"allow":["GET"]}}],"collection":[{"href":"https:\/\/e.kosmolat.eu\/lt\/wp-json\/wp\/v2\/product"}],"about":[{"href":"https:\/\/e.kosmolat.eu\/lt\/wp-json\/wp\/v2\/types\/product"}],"wp:featuredmedia":[{"embeddable":true,"href":"https:\/\/e.kosmolat.eu\/lt\/wp-json\/wp\/v2\/media\/100320"}],"wp:attachment":[{"href":"https:\/\/e.kosmolat.eu\/lt\/wp-json\/wp\/v2\/media?parent=73397"}],"wp:term":[{"taxonomy":"product_cat","embeddable":true,"href":"https:\/\/e.kosmolat.eu\/lt\/wp-json\/wp\/v2\/product_cat?post=73397"},{"taxonomy":"product_tag","embeddable":true,"href":"https:\/\/e.kosmolat.eu\/lt\/wp-json\/wp\/v2\/product_tag?post=73397"}],"curies":[{"name":"wp","href":"https:\/\/api.w.org\/{rel}","templated":true}]}}