{"id":73385,"date":"2025-07-01T04:52:44","date_gmt":"2025-07-01T04:52:44","guid":{"rendered":"https:\/\/e.kosmolat.eu\/product\/evoluderm-mitr-dienas-sejas-kr-ar-alv-norm-un-kombin-adai-50-ml\/"},"modified":"2026-05-08T21:24:13","modified_gmt":"2026-05-08T21:24:13","slug":"evoluderm-mitr-dienas-sejas-kr-ar-alv-norm-un-kombin-adai-50-ml","status":"publish","type":"product","link":"https:\/\/e.kosmolat.eu\/lt\/produktas\/evoluderm-mitr-dienas-sejas-kr-ar-alv-norm-un-kombin-adai-50-ml\/","title":{"rendered":"EVOLUDERM dr\u0117kinamasis dieninis veido kremas su alavijais normaliai ir mi\u0161riai odai, 50 ml"},"content":{"rendered":"<p>Dr\u0117kinamasis dieninis kremas atgaivina ir suteikia matin\u012f atspalv\u012f normaliai ir mi\u0161riai odai. Lengva, tirpstanti tekst\u016bra u\u017etikrina optimal\u0173 dr\u0117kinim\u0105, suteikia odai komforto  ir \u0161velnumo.<\/p>\n<p>Naudojimas: nedidel\u012f kiek\u012f kremo  u\u017etepkite ant veido ir kaklo, paskirstydami sukamaisiais judesiais.<\/p>\n<p>Atsargumo priemon\u0117s: Patekus \u012f akis, nedelsiant  praplauti dideliu kiekiu vandens.<\/p>\n<p>Dermatologi\u0161kai patikrinta.<\/p>\n","protected":false},"excerpt":{"rendered":"<p>Dr\u0117kinamasis dieninis kremas atgaivina ir suteikia matin\u012f atspalv\u012f normaliai ir mi\u0161riai odai. Lengva, tirpstanti tekst\u016bra u\u017etikrina optimal\u0173 dr\u0117kinim\u0105, suteikia odai komforto ir \u0161velnumo. Naudojimas: nedidel\u012f kiek\u012f kremo u\u017etepkite ant veido ir kaklo, paskirstydami sukamaisiais judesiais. Atsargumo priemon\u0117s: Patekus \u012f akis, nedelsiant praplauti dideliu kiekiu vandens. Dermatologi\u0161kai patikrinta.<\/p>\n","protected":false},"featured_media":81330,"template":"","meta":[],"product_cat":[1322],"product_tag":[],"class_list":{"0":"post-73385","1":"product","2":"type-product","3":"status-publish","4":"has-post-thumbnail","6":"product_brand-evoluderm-lt","7":"product_cat-veido-kremai","9":"first","10":"instock","11":"taxable","12":"shipping-taxable","13":"product-type-simple"},"_links":{"self":[{"href":"https:\/\/e.kosmolat.eu\/lt\/wp-json\/wp\/v2\/product\/73385","targetHints":{"allow":["GET"]}}],"collection":[{"href":"https:\/\/e.kosmolat.eu\/lt\/wp-json\/wp\/v2\/product"}],"about":[{"href":"https:\/\/e.kosmolat.eu\/lt\/wp-json\/wp\/v2\/types\/product"}],"wp:featuredmedia":[{"embeddable":true,"href":"https:\/\/e.kosmolat.eu\/lt\/wp-json\/wp\/v2\/media\/81330"}],"wp:attachment":[{"href":"https:\/\/e.kosmolat.eu\/lt\/wp-json\/wp\/v2\/media?parent=73385"}],"wp:term":[{"taxonomy":"product_cat","embeddable":true,"href":"https:\/\/e.kosmolat.eu\/lt\/wp-json\/wp\/v2\/product_cat?post=73385"},{"taxonomy":"product_tag","embeddable":true,"href":"https:\/\/e.kosmolat.eu\/lt\/wp-json\/wp\/v2\/product_tag?post=73385"}],"curies":[{"name":"wp","href":"https:\/\/api.w.org\/{rel}","templated":true}]}}