{"id":73377,"date":"2025-07-01T04:51:37","date_gmt":"2025-07-01T04:51:37","guid":{"rendered":"https:\/\/e.kosmolat.eu\/product\/evoluderm-mitrin-auduma-sejas-maska-ar-alveju-vis-ad-tip-19-ml\/"},"modified":"2026-04-11T18:27:25","modified_gmt":"2026-04-11T18:27:25","slug":"evoluderm-mitrin-auduma-sejas-maska-ar-alveju-vis-ad-tip-19-ml","status":"publish","type":"product","link":"https:\/\/e.kosmolat.eu\/lt\/produktas\/evoluderm-mitrin-auduma-sejas-maska-ar-alveju-vis-ad-tip-19-ml\/","title":{"rendered":"EVOLUDERM Dr\u0117kinamoji veido kauk\u0117 su alavijais visiems odos tipams, 19 ml"},"content":{"rendered":"<p>Kauk\u0117 intensyviai dr\u0117kina ir maitina dehidratuot\u0105 od\u0105. D\u0117l \u0161velnios formul\u0117s ji idealiai tinka atpalaiduojan\u010diai prie\u017ei\u016brai. Kaip? D\u0117l audinio pagrindo, \u012fmirkyto koncentruotu serumu su dviem aktyviais komponentais:<\/p>\n<p>\u2022 Alavijais \u2013 augalais, pasi\u017eymin\u010diu stipriomis dr\u0117kinamosiomis, raminamosiomis ir atkuriamosiomis savyb\u0117mis.<br \/>\n\u2022 Hialurono r\u016bg\u0161tis yra molekul\u0117, galinti i\u0161laikyti iki 1000 kart\u0173 daugiau dr\u0117gm\u0117s nei pati sveria. Lyocell technologija u\u017etikrina optimal\u0173 veikli\u0173j\u0173 med\u017eiag\u0173 pasiskirstym\u0105 d\u0117l itin smulki\u0173 skaidul\u0173, kurios tvirtai prilimpa prie veido odos. Rezultatas: oda giliai sudr\u0117kinta, tampa \u0161velni, elastinga ir maloni liesti.<\/p>\n<p>Naudojimas:<br \/>\n1. I\u0161skleiskite kauk\u0119 ir u\u017ed\u0117kite ant veido, palikdami apsaugin\u0119 pl\u0117vel\u0119 i\u0161or\u0117je.<br \/>\n2. Atsargiai nuimkite apsaugin\u0119 pl\u0117vel\u0119 ir pakoreguokite kauk\u0117s pad\u0117t\u012f pagal veido kont\u016brus.<br \/>\n3. Atsipalaiduokite ir palikite kauk\u0119 15 minu\u010di\u0173.<br \/>\n4. Nuimkite kauk\u0119, \u0161velniai \u012fmasa\u017euokite likus\u012f serum\u0105 \u012f od\u0105. Jei reikia, pertekli\u0173 pa\u0161alinkite vatos diskeliu.<br \/>\nNaudokite kart\u0105 per savait\u0119.<\/p>\n<p>Atsargumo priemon\u0117s: Patekus \u012f akis, nedelsiant  praplauti dideliu kiekiu vandens.<\/p>\n<p>Dermatologi\u0161kai patikrinta.<\/p>\n","protected":false},"excerpt":{"rendered":"<p>Kauk\u0117 intensyviai dr\u0117kina ir maitina dehidratuot\u0105 od\u0105. D\u0117l \u0161velnios formul\u0117s ji idealiai tinka atpalaiduojan\u010diai prie\u017ei\u016brai. Kaip? D\u0117l audinio pagrindo, \u012fmirkyto koncentruotu serumu su dviem aktyviais komponentais: \u2022 Alavijais \u2013 augalais, pasi\u017eymin\u010diu stipriomis dr\u0117kinamosiomis, raminamosiomis ir atkuriamosiomis savyb\u0117mis. \u2022 Hialurono r\u016bg\u0161tis yra molekul\u0117, galinti i\u0161laikyti iki 1000 kart\u0173 daugiau dr\u0117gm\u0117s nei pati sveria. Lyocell technologija u\u017etikrina [&#8230;]\n","protected":false},"featured_media":81326,"template":"","meta":[],"product_cat":[1369],"product_tag":[],"class_list":{"0":"post-73377","1":"product","2":"type-product","3":"status-publish","4":"has-post-thumbnail","6":"product_brand-evoluderm-lt","7":"product_cat-veido-kaukes","9":"first","10":"instock","11":"taxable","12":"shipping-taxable","13":"product-type-simple"},"_links":{"self":[{"href":"https:\/\/e.kosmolat.eu\/lt\/wp-json\/wp\/v2\/product\/73377","targetHints":{"allow":["GET"]}}],"collection":[{"href":"https:\/\/e.kosmolat.eu\/lt\/wp-json\/wp\/v2\/product"}],"about":[{"href":"https:\/\/e.kosmolat.eu\/lt\/wp-json\/wp\/v2\/types\/product"}],"wp:featuredmedia":[{"embeddable":true,"href":"https:\/\/e.kosmolat.eu\/lt\/wp-json\/wp\/v2\/media\/81326"}],"wp:attachment":[{"href":"https:\/\/e.kosmolat.eu\/lt\/wp-json\/wp\/v2\/media?parent=73377"}],"wp:term":[{"taxonomy":"product_cat","embeddable":true,"href":"https:\/\/e.kosmolat.eu\/lt\/wp-json\/wp\/v2\/product_cat?post=73377"},{"taxonomy":"product_tag","embeddable":true,"href":"https:\/\/e.kosmolat.eu\/lt\/wp-json\/wp\/v2\/product_tag?post=73377"}],"curies":[{"name":"wp","href":"https:\/\/api.w.org\/{rel}","templated":true}]}}