{"id":73362,"date":"2025-07-01T04:51:01","date_gmt":"2025-07-01T04:51:01","guid":{"rendered":"https:\/\/e.kosmolat.eu\/product\/evoluderm-divfazu-idz-udensiztur-acu-grima-non-150-ml\/"},"modified":"2026-04-22T12:13:31","modified_gmt":"2026-04-22T12:13:31","slug":"evoluderm-divfazu-idz-udensiztur-acu-grima-non-150-ml","status":"publish","type":"product","link":"https:\/\/e.kosmolat.eu\/lt\/produktas\/evoluderm-divfazu-idz-udensiztur-acu-grima-non-150-ml\/","title":{"rendered":"EVOLUDERM dvifazis vandeniui atsparus aki\u0173 makia\u017eo valiklis, 150 ml"},"content":{"rendered":"<p>Dvifazis vandeniui atsparus aki\u0173 makia\u017eo valiklis, pa\u0161alinantis visus makia\u017eo p\u0117dsakus, \u012fskaitant vandeniui atsparias ir ilgai i\u0161liekan\u010dias formules, nedirgindamas jautrios odos aplink akis.<br \/>\nFormul\u0117je sujungta m\u0117lynojo aliejaus faz\u0117, kuri akimirksniu i\u0161tirpdo makia\u017e\u0105, ir gaivinanti vandens faz\u0117, kuri suteikia vokams poilsio poj\u016bt\u012f nepalikdama riebios pl\u0117vel\u0117s.<br \/>\nNaudojimas: Prie\u0161 naudojim\u0105 gerai suplakti, tada vatos diskeliu u\u017etepti priemon\u0117s ant vok\u0173 ir blakstien\u0173 ir nuvalyti makia\u017e\u0105.<\/p>\n<p>Atsargumo priemon\u0117s: Patekus \u012f akis, nedelsiant  praplauti dideliu kiekiu vandens.<\/p>\n<p>Dermatologi\u0161kai patikrinta.<\/p>\n","protected":false},"excerpt":{"rendered":"<p>Dvifazis vandeniui atsparus aki\u0173 makia\u017eo valiklis, pa\u0161alinantis visus makia\u017eo p\u0117dsakus, \u012fskaitant vandeniui atsparias ir ilgai i\u0161liekan\u010dias formules, nedirgindamas jautrios odos aplink akis. Formul\u0117je sujungta m\u0117lynojo aliejaus faz\u0117, kuri akimirksniu i\u0161tirpdo makia\u017e\u0105, ir gaivinanti vandens faz\u0117, kuri suteikia vokams poilsio poj\u016bt\u012f nepalikdama riebios pl\u0117vel\u0117s. Naudojimas: Prie\u0161 naudojim\u0105 gerai suplakti, tada vatos diskeliu u\u017etepti priemon\u0117s ant vok\u0173 [&#8230;]\n","protected":false},"featured_media":81310,"template":"","meta":[],"product_cat":[2181],"product_tag":[],"class_list":{"0":"post-73362","1":"product","2":"type-product","3":"status-publish","4":"has-post-thumbnail","6":"product_brand-evoluderm-lt","7":"product_cat-bez-kategorijas-lt","9":"first","10":"outofstock","11":"taxable","12":"shipping-taxable","13":"product-type-simple"},"_links":{"self":[{"href":"https:\/\/e.kosmolat.eu\/lt\/wp-json\/wp\/v2\/product\/73362","targetHints":{"allow":["GET"]}}],"collection":[{"href":"https:\/\/e.kosmolat.eu\/lt\/wp-json\/wp\/v2\/product"}],"about":[{"href":"https:\/\/e.kosmolat.eu\/lt\/wp-json\/wp\/v2\/types\/product"}],"wp:featuredmedia":[{"embeddable":true,"href":"https:\/\/e.kosmolat.eu\/lt\/wp-json\/wp\/v2\/media\/81310"}],"wp:attachment":[{"href":"https:\/\/e.kosmolat.eu\/lt\/wp-json\/wp\/v2\/media?parent=73362"}],"wp:term":[{"taxonomy":"product_cat","embeddable":true,"href":"https:\/\/e.kosmolat.eu\/lt\/wp-json\/wp\/v2\/product_cat?post=73362"},{"taxonomy":"product_tag","embeddable":true,"href":"https:\/\/e.kosmolat.eu\/lt\/wp-json\/wp\/v2\/product_tag?post=73362"}],"curies":[{"name":"wp","href":"https:\/\/api.w.org\/{rel}","templated":true}]}}