{"id":73354,"date":"2025-07-01T04:23:03","date_gmt":"2025-07-01T04:23:03","guid":{"rendered":"https:\/\/e.kosmolat.eu\/product\/caramel-vasks-bikini-zonas-padusu-depilacijai-12-plaksteri-2-salvetes-vaska-nonemsanai\/"},"modified":"2026-04-20T11:46:46","modified_gmt":"2026-04-20T11:46:46","slug":"i_caramel-vasks-bikini-zonas-padusu-depilacijai-12-plaksteri-2-salvetes-vaska-nonemsanai","status":"publish","type":"product","link":"https:\/\/e.kosmolat.eu\/lt\/produktas\/i_caramel-vasks-bikini-zonas-padusu-depilacijai-12-plaksteri-2-salvetes-vaska-nonemsanai\/","title":{"rendered":"I_&#8221;Lady Caramel&#8221; Depiliavimo va\u0161ko juostel\u0117s pa\u017eastims ir bikini 12vnt.+2 servet\u0117l\u0117s"},"content":{"rendered":"<p>Vanilin\u0117s depiliacijos va\u0161ko juostel\u0117s tinka jautriai odai. Nat\u016brali\u0173 komponent\u0173 formul\u0117 apr\u016bpina greita ir efektyv\u0173 plauk\u0173 \u0161alinim\u0105. J\u016bs\u0173 oda ilgam i\u0161liks \u0161velni ir mink\u0161ta. Reguliari depiliacija va\u0161ku palengvina ir pagreitina kit\u0105 proced\u016br\u0105.<\/p>\n<p>Naudojimo b\u016bdas: prie\u0161 depiliacij\u0105 oda turi b\u016bti sausa ir nuriebalinta, pagerinant efekt\u0105 galima u\u017ed\u0117ti nedidel\u012f kiek\u012f kosmetinio talko.<br \/>\n1. Su\u0161ildykite va\u0161ko juosteles tarp deln\u0173 (apie 20 sekund\u017ei\u0173).<br \/>\n2. L\u0117tai atskirkite va\u0161ko juosteli\u0173 puses (j\u016bs turite dvi paruo\u0161tas naudojimui juosteles).<br \/>\n3. U\u017ed\u0117kite vien\u0105 juostel\u0119 ant vietos, kurioje norite pa\u0161alinti plaukelius, i\u0161lyginkite juostel\u0119 plaukeli\u0173 augimo kryptimi.<br \/>\n4. Tuomet viena ranka \u012ftempkite od\u0105, o kita su\u0117m\u0119 u\u017e juostel\u0117s kra\u0161to greitu judesiu patraukite juostel\u0119 prie\u0161inga plaukeli\u0173 augimo kryptimi (prie\u0161inga kryptimi nei lyginote j\u0105). Vien\u0105 juostel\u0119 galima naudoti 3-4 kartus.<br \/>\n5. Po naudojimo nuvalykite od\u0105 servet\u0117l\u0117mis po depiliacijos, kurios sumink\u0161tina od\u0105 bei pa\u0161alina va\u0161ko liku\u010dius.<\/p>\n<p>KELETA NAUDINGU PATARIMU:<br \/>\nJei naudojate pirm\u0105 kart\u0105, i\u0161bandykite juosteles ma\u017eai pastebimoje vietoje. Jei per 24 val. nesulauksite neigiamos odos reakcijos, galite dr\u0105siai t\u0119sti plaukeli\u0173 \u0161alinimo proced\u016br\u0105.<br \/>\nVa\u0161ko liku\u010dius nuvalykite specialia servetele, nepatariama nuplauti va\u0161ko vandeniu, muilu, \u0161iurk\u0161\u010dia kempine. Nenaudokite ant pa\u017eeistos, sudirgusios ar saul\u0117je nudegusios odos. Nedr\u0117kinti odos 6-8 val po depiliacijos. Atsirad\u0119s odos paraudimas po depiliacijos &#8211; normalus rei\u0161kinys. Teigiamai veikia od\u0105 kremas po depiliacijos. Va\u0161kas efektyvus kai plauk\u0173 ilgis ne ma\u017eesnis negu 5 mm.<\/p>\n<p>Laikymo s\u0105lygos: nuo +5\u00b0\u0421 iki +25\u00b0C.<br \/>\nPo atidarymo naudoti 12 m\u0117n.<\/p>\n","protected":false},"excerpt":{"rendered":"<p>Vanilin\u0117s depiliacijos va\u0161ko juostel\u0117s tinka jautriai odai. Nat\u016brali\u0173 komponent\u0173 formul\u0117 apr\u016bpina greita ir efektyv\u0173 plauk\u0173 \u0161alinim\u0105. J\u016bs\u0173 oda ilgam i\u0161liks \u0161velni ir mink\u0161ta. Reguliari depiliacija va\u0161ku palengvina ir pagreitina kit\u0105 proced\u016br\u0105. Naudojimo b\u016bdas: prie\u0161 depiliacij\u0105 oda turi b\u016bti sausa ir nuriebalinta, pagerinant efekt\u0105 galima u\u017ed\u0117ti nedidel\u012f kiek\u012f kosmetinio talko. 1. Su\u0161ildykite va\u0161ko juosteles tarp deln\u0173 [&#8230;]\n","protected":false},"featured_media":79658,"template":"","meta":[],"product_cat":[1624],"product_tag":[],"class_list":{"0":"post-73354","1":"product","2":"type-product","3":"status-publish","4":"has-post-thumbnail","6":"product_brand-elfa_ua-lt","7":"product_cat-depiliacijos-priemones","9":"first","10":"instock","11":"taxable","12":"shipping-taxable","13":"product-type-simple"},"_links":{"self":[{"href":"https:\/\/e.kosmolat.eu\/lt\/wp-json\/wp\/v2\/product\/73354","targetHints":{"allow":["GET"]}}],"collection":[{"href":"https:\/\/e.kosmolat.eu\/lt\/wp-json\/wp\/v2\/product"}],"about":[{"href":"https:\/\/e.kosmolat.eu\/lt\/wp-json\/wp\/v2\/types\/product"}],"wp:featuredmedia":[{"embeddable":true,"href":"https:\/\/e.kosmolat.eu\/lt\/wp-json\/wp\/v2\/media\/79658"}],"wp:attachment":[{"href":"https:\/\/e.kosmolat.eu\/lt\/wp-json\/wp\/v2\/media?parent=73354"}],"wp:term":[{"taxonomy":"product_cat","embeddable":true,"href":"https:\/\/e.kosmolat.eu\/lt\/wp-json\/wp\/v2\/product_cat?post=73354"},{"taxonomy":"product_tag","embeddable":true,"href":"https:\/\/e.kosmolat.eu\/lt\/wp-json\/wp\/v2\/product_tag?post=73354"}],"curies":[{"name":"wp","href":"https:\/\/api.w.org\/{rel}","templated":true}]}}