{"id":71840,"date":"2025-06-24T16:34:17","date_gmt":"2025-06-24T16:34:17","guid":{"rendered":"https:\/\/e.kosmolat.eu\/product\/deo-krems-kajam-100-ml\/"},"modified":"2026-04-24T06:27:45","modified_gmt":"2026-04-24T06:27:45","slug":"deo-krems-kajam-100-ml","status":"publish","type":"product","link":"https:\/\/e.kosmolat.eu\/lt\/produktas\/deo-krems-kajam-100-ml\/","title":{"rendered":"DEO-kremas p\u0117doms, 100 ml"},"content":{"rendered":"<p>Deo-kremo efektas pasiekiamas d\u0117l aktyvi\u0173 komponent\u0173, kurie ne tik pa\u0161alina nemalon\u0173 kvap\u0105, bet ir \u012ftakoja jo atsiradimo prie\u017east\u012f. Aliuminio chlorohidratas \u2013 ma\u017eina prakaitavim\u0105. Farnesolis \u2013 apsaugo nuo nemalonaus kvapo atsiradimo, turi dezodoruojant\u012f poveik\u012f. Alavij\u0173 gelis ir avokad\u0173 aliejus \u2013 dr\u0117kina ir mink\u0161tina od\u0105. <\/p>\n<p>Naudojimas: tepkite krem\u0105 ant \u0161varios p\u0117d\u0173 odos. Ne\u012ftrinkite. <\/p>\n<p>Laikymo s\u0105lygos: +5 \u00b0C &#8211; +25 \u00b0C. <\/p>\n<p>Geriausias: 36 m\u0117n.<\/p>\n","protected":false},"excerpt":{"rendered":"<p>Deo-kremo efektas pasiekiamas d\u0117l aktyvi\u0173 komponent\u0173, kurie ne tik pa\u0161alina nemalon\u0173 kvap\u0105, bet ir \u012ftakoja jo atsiradimo prie\u017east\u012f. Aliuminio chlorohidratas \u2013 ma\u017eina prakaitavim\u0105. Farnesolis \u2013 apsaugo nuo nemalonaus kvapo atsiradimo, turi dezodoruojant\u012f poveik\u012f. Alavij\u0173 gelis ir avokad\u0173 aliejus \u2013 dr\u0117kina ir mink\u0161tina od\u0105. Naudojimas: tepkite krem\u0105 ant \u0161varios p\u0117d\u0173 odos. Ne\u012ftrinkite. Laikymo s\u0105lygos: +5 \u00b0C [&#8230;]\n","protected":false},"featured_media":96130,"template":"","meta":[],"product_cat":[1763],"product_tag":[],"class_list":{"0":"post-71840","1":"product","2":"type-product","3":"status-publish","4":"has-post-thumbnail","6":"product_brand-private-label-lt","7":"product_cat-koju-prieziuros-kosmetika","9":"first","10":"instock","11":"taxable","12":"shipping-taxable","13":"product-type-simple"},"_links":{"self":[{"href":"https:\/\/e.kosmolat.eu\/lt\/wp-json\/wp\/v2\/product\/71840","targetHints":{"allow":["GET"]}}],"collection":[{"href":"https:\/\/e.kosmolat.eu\/lt\/wp-json\/wp\/v2\/product"}],"about":[{"href":"https:\/\/e.kosmolat.eu\/lt\/wp-json\/wp\/v2\/types\/product"}],"wp:featuredmedia":[{"embeddable":true,"href":"https:\/\/e.kosmolat.eu\/lt\/wp-json\/wp\/v2\/media\/96130"}],"wp:attachment":[{"href":"https:\/\/e.kosmolat.eu\/lt\/wp-json\/wp\/v2\/media?parent=71840"}],"wp:term":[{"taxonomy":"product_cat","embeddable":true,"href":"https:\/\/e.kosmolat.eu\/lt\/wp-json\/wp\/v2\/product_cat?post=71840"},{"taxonomy":"product_tag","embeddable":true,"href":"https:\/\/e.kosmolat.eu\/lt\/wp-json\/wp\/v2\/product_tag?post=71840"}],"curies":[{"name":"wp","href":"https:\/\/api.w.org\/{rel}","templated":true}]}}