{"id":71832,"date":"2025-06-24T16:34:05","date_gmt":"2025-06-24T16:34:05","guid":{"rendered":"https:\/\/e.kosmolat.eu\/product\/smooth-skin-kristala-matu-dzesgumija-depilators-6056\/"},"modified":"2025-09-20T08:25:42","modified_gmt":"2025-09-20T08:25:42","slug":"smooth-skin-kristala-matu-dzesgumija-depilators-6056","status":"publish","type":"product","link":"https:\/\/e.kosmolat.eu\/lt\/produktas\/smooth-skin-kristala-matu-dzesgumija-depilators-6056\/","title":{"rendered":"DONEGAL \u201eSmooth Skin Crystal\u201c depiliatorius 6056"},"content":{"rendered":"<p>Kristalinis depiliatorius \u2013 idealus sprendimas tiems, kurie vertina neskausming\u0105 koj\u0173, rank\u0173 ir kit\u0173 k\u016bno dali\u0173 depiliacij\u0105. Prietaisas leid\u017eia lengvai ir greitai pasiekti lygios ir \u0161velnios odos efekt\u0105. Depiliatorius pa\u0161alina nepageidaujamus plaukelius ir tuo pa\u010diu metu \u0161velniai nu\u0161vei\u010dia od\u0105, tod\u0117l ji tampa \u0161ilkin\u0117.<\/p>\n","protected":false},"excerpt":{"rendered":"<p>Kristalinis depiliatorius \u2013 idealus sprendimas tiems, kurie vertina neskausming\u0105 koj\u0173, rank\u0173 ir kit\u0173 k\u016bno dali\u0173 depiliacij\u0105. Prietaisas leid\u017eia lengvai ir greitai pasiekti lygios ir \u0161velnios odos efekt\u0105. Depiliatorius pa\u0161alina nepageidaujamus plaukelius ir tuo pa\u010diu metu \u0161velniai nu\u0161vei\u010dia od\u0105, tod\u0117l ji tampa \u0161ilkin\u0117.<\/p>\n","protected":false},"featured_media":95838,"template":"","meta":[],"product_cat":[1832],"product_tag":[],"class_list":{"0":"post-71832","1":"product","2":"type-product","3":"status-publish","4":"has-post-thumbnail","6":"product_brand-donegal-sp-zo-o-_pl-lt","7":"product_cat-skutimosi-priedai","9":"first","10":"outofstock","11":"taxable","12":"shipping-taxable","13":"product-type-simple"},"_links":{"self":[{"href":"https:\/\/e.kosmolat.eu\/lt\/wp-json\/wp\/v2\/product\/71832","targetHints":{"allow":["GET"]}}],"collection":[{"href":"https:\/\/e.kosmolat.eu\/lt\/wp-json\/wp\/v2\/product"}],"about":[{"href":"https:\/\/e.kosmolat.eu\/lt\/wp-json\/wp\/v2\/types\/product"}],"wp:featuredmedia":[{"embeddable":true,"href":"https:\/\/e.kosmolat.eu\/lt\/wp-json\/wp\/v2\/media\/95838"}],"wp:attachment":[{"href":"https:\/\/e.kosmolat.eu\/lt\/wp-json\/wp\/v2\/media?parent=71832"}],"wp:term":[{"taxonomy":"product_cat","embeddable":true,"href":"https:\/\/e.kosmolat.eu\/lt\/wp-json\/wp\/v2\/product_cat?post=71832"},{"taxonomy":"product_tag","embeddable":true,"href":"https:\/\/e.kosmolat.eu\/lt\/wp-json\/wp\/v2\/product_tag?post=71832"}],"curies":[{"name":"wp","href":"https:\/\/api.w.org\/{rel}","templated":true}]}}