{"id":71816,"date":"2025-06-24T16:31:24","date_gmt":"2025-06-24T16:31:24","guid":{"rendered":"https:\/\/e.kosmolat.eu\/product\/uzacu-pincete-ar-birstiti-4125\/"},"modified":"2025-09-20T08:23:31","modified_gmt":"2025-09-20T08:23:31","slug":"uzacu-pincete-ar-birstiti-4125","status":"publish","type":"product","link":"https:\/\/e.kosmolat.eu\/lt\/produktas\/uzacu-pincete-ar-birstiti-4125\/","title":{"rendered":"DONEGAL antaki\u0173 pincetas su \u0161epet\u0117liu 4125"},"content":{"rendered":"","protected":false},"excerpt":{"rendered":"","protected":false},"featured_media":95790,"template":"","meta":[],"product_cat":[1554],"product_tag":[],"class_list":{"0":"post-71816","1":"product","2":"type-product","3":"status-publish","4":"has-post-thumbnail","6":"product_brand-donegal-sp-zo-o-_pl-lt","7":"product_cat-irankiai-ir-smulkmenos","9":"first","10":"outofstock","11":"taxable","12":"shipping-taxable","13":"product-type-simple"},"_links":{"self":[{"href":"https:\/\/e.kosmolat.eu\/lt\/wp-json\/wp\/v2\/product\/71816","targetHints":{"allow":["GET"]}}],"collection":[{"href":"https:\/\/e.kosmolat.eu\/lt\/wp-json\/wp\/v2\/product"}],"about":[{"href":"https:\/\/e.kosmolat.eu\/lt\/wp-json\/wp\/v2\/types\/product"}],"wp:featuredmedia":[{"embeddable":true,"href":"https:\/\/e.kosmolat.eu\/lt\/wp-json\/wp\/v2\/media\/95790"}],"wp:attachment":[{"href":"https:\/\/e.kosmolat.eu\/lt\/wp-json\/wp\/v2\/media?parent=71816"}],"wp:term":[{"taxonomy":"product_cat","embeddable":true,"href":"https:\/\/e.kosmolat.eu\/lt\/wp-json\/wp\/v2\/product_cat?post=71816"},{"taxonomy":"product_tag","embeddable":true,"href":"https:\/\/e.kosmolat.eu\/lt\/wp-json\/wp\/v2\/product_tag?post=71816"}],"curies":[{"name":"wp","href":"https:\/\/api.w.org\/{rel}","templated":true}]}}