{"id":71808,"date":"2025-06-24T16:30:09","date_gmt":"2025-06-24T16:30:09","guid":{"rendered":"https:\/\/e.kosmolat.eu\/product\/skropstu-atliecejs-4449\/"},"modified":"2025-09-20T08:23:21","modified_gmt":"2025-09-20T08:23:21","slug":"skropstu-atliecejs-4449","status":"publish","type":"product","link":"https:\/\/e.kosmolat.eu\/lt\/produktas\/skropstu-atliecejs-4449\/","title":{"rendered":"DONEGAL \u017dnypl\u0117s blakstienoms u\u017eriesti 4449"},"content":{"rendered":"<p>Blakstien\u0173 rietiklis pad\u0117s pasiekti nat\u016bral\u0173 blakstien\u0173 rietimo ir pailginimo efekt\u0105. Su gumine juostele, kuri apsaugo blakstienas nuo pa\u017eeidim\u0173. Ergonomi\u0161ka forma u\u017etikrina patog\u0173 naudojim\u0105. Pastaba: Visada naudokite blakstien\u0173 rietikl\u012f prie\u0161 tepdami tu\u0161\u0105.<\/p>\n","protected":false},"excerpt":{"rendered":"<p>Blakstien\u0173 rietiklis pad\u0117s pasiekti nat\u016bral\u0173 blakstien\u0173 rietimo ir pailginimo efekt\u0105. Su gumine juostele, kuri apsaugo blakstienas nuo pa\u017eeidim\u0173. Ergonomi\u0161ka forma u\u017etikrina patog\u0173 naudojim\u0105. Pastaba: Visada naudokite blakstien\u0173 rietikl\u012f prie\u0161 tepdami tu\u0161\u0105.<\/p>\n","protected":false},"featured_media":95786,"template":"","meta":[],"product_cat":[1554],"product_tag":[],"class_list":{"0":"post-71808","1":"product","2":"type-product","3":"status-publish","4":"has-post-thumbnail","6":"product_brand-donegal-sp-zo-o-_pl-lt","7":"product_cat-irankiai-ir-smulkmenos","9":"first","10":"outofstock","11":"taxable","12":"shipping-taxable","13":"product-type-simple"},"_links":{"self":[{"href":"https:\/\/e.kosmolat.eu\/lt\/wp-json\/wp\/v2\/product\/71808","targetHints":{"allow":["GET"]}}],"collection":[{"href":"https:\/\/e.kosmolat.eu\/lt\/wp-json\/wp\/v2\/product"}],"about":[{"href":"https:\/\/e.kosmolat.eu\/lt\/wp-json\/wp\/v2\/types\/product"}],"wp:featuredmedia":[{"embeddable":true,"href":"https:\/\/e.kosmolat.eu\/lt\/wp-json\/wp\/v2\/media\/95786"}],"wp:attachment":[{"href":"https:\/\/e.kosmolat.eu\/lt\/wp-json\/wp\/v2\/media?parent=71808"}],"wp:term":[{"taxonomy":"product_cat","embeddable":true,"href":"https:\/\/e.kosmolat.eu\/lt\/wp-json\/wp\/v2\/product_cat?post=71808"},{"taxonomy":"product_tag","embeddable":true,"href":"https:\/\/e.kosmolat.eu\/lt\/wp-json\/wp\/v2\/product_tag?post=71808"}],"curies":[{"name":"wp","href":"https:\/\/api.w.org\/{rel}","templated":true}]}}