{"id":71800,"date":"2025-06-24T16:26:00","date_gmt":"2025-06-24T16:26:00","guid":{"rendered":"https:\/\/e.kosmolat.eu\/product\/profesionals-skropstu-atliecejs-4442\/"},"modified":"2025-09-20T08:23:10","modified_gmt":"2025-09-20T08:23:10","slug":"profesionals-skropstu-atliecejs-4442","status":"publish","type":"product","link":"https:\/\/e.kosmolat.eu\/lt\/produktas\/profesionals-skropstu-atliecejs-4442\/","title":{"rendered":"DONEGAL profesionalus blakstien\u0173 rietiklis 4442"},"content":{"rendered":"<p>Profesionalus blakstien\u0173 rietiklis u\u017etikrina tiksl\u0173 u\u017erietim\u0105. Siaura forma leid\u017eia sugriebti kiekvien\u0105 blakstien\u0105, \u012fskaitant aki\u0173 kampu\u010dius. Tinka tiek nat\u016bralioms, tiek dirbtin\u0117ms blakstienoms riesti.<\/p>\n","protected":false},"excerpt":{"rendered":"<p>Profesionalus blakstien\u0173 rietiklis u\u017etikrina tiksl\u0173 u\u017erietim\u0105. Siaura forma leid\u017eia sugriebti kiekvien\u0105 blakstien\u0105, \u012fskaitant aki\u0173 kampu\u010dius. Tinka tiek nat\u016bralioms, tiek dirbtin\u0117ms blakstienoms riesti.<\/p>\n","protected":false},"featured_media":95782,"template":"","meta":[],"product_cat":[1554],"product_tag":[],"class_list":{"0":"post-71800","1":"product","2":"type-product","3":"status-publish","4":"has-post-thumbnail","6":"product_brand-donegal-sp-zo-o-_pl-lt","7":"product_cat-irankiai-ir-smulkmenos","9":"first","10":"outofstock","11":"taxable","12":"shipping-taxable","13":"product-type-simple"},"_links":{"self":[{"href":"https:\/\/e.kosmolat.eu\/lt\/wp-json\/wp\/v2\/product\/71800","targetHints":{"allow":["GET"]}}],"collection":[{"href":"https:\/\/e.kosmolat.eu\/lt\/wp-json\/wp\/v2\/product"}],"about":[{"href":"https:\/\/e.kosmolat.eu\/lt\/wp-json\/wp\/v2\/types\/product"}],"wp:featuredmedia":[{"embeddable":true,"href":"https:\/\/e.kosmolat.eu\/lt\/wp-json\/wp\/v2\/media\/95782"}],"wp:attachment":[{"href":"https:\/\/e.kosmolat.eu\/lt\/wp-json\/wp\/v2\/media?parent=71800"}],"wp:term":[{"taxonomy":"product_cat","embeddable":true,"href":"https:\/\/e.kosmolat.eu\/lt\/wp-json\/wp\/v2\/product_cat?post=71800"},{"taxonomy":"product_tag","embeddable":true,"href":"https:\/\/e.kosmolat.eu\/lt\/wp-json\/wp\/v2\/product_tag?post=71800"}],"curies":[{"name":"wp","href":"https:\/\/api.w.org\/{rel}","templated":true}]}}