{"id":71792,"date":"2025-06-24T16:25:32","date_gmt":"2025-06-24T16:25:32","guid":{"rendered":"https:\/\/e.kosmolat.eu\/product\/energijas-gua-sha-skrapis-6063\/"},"modified":"2025-09-20T08:23:01","modified_gmt":"2025-09-20T08:23:01","slug":"energijas-gua-sha-skrapis-6063","status":"publish","type":"product","link":"https:\/\/e.kosmolat.eu\/lt\/produktas\/energijas-gua-sha-skrapis-6063\/","title":{"rendered":"DONEGAL energetinis Gua Sha grandiklis 6063"},"content":{"rendered":"<p>Gua Sha grandiklis idealiai tinka k\u016bno masa\u017eui. Reguliariai naudojant, jis padeda suma\u017einti \u012ftamp\u0105 ir stres\u0105, tuo pa\u010diu stangrina od\u0105.<\/p>\n<p>\u0160velnus limfin\u0117s sistemos stimuliavimas skatina nat\u016bral\u0173 organizmo detoksikacijos proces\u0105. Idealiai tinka \u017emon\u0117ms, ken\u010diantiems nuo skys\u010di\u0173 u\u017esilaikymo, celiulito, raumen\u0173 skausmo  taip pat esant suma\u017e\u0117jusiam odos  stangrumui.<\/p>\n","protected":false},"excerpt":{"rendered":"<p>Gua Sha grandiklis idealiai tinka k\u016bno masa\u017eui. Reguliariai naudojant, jis padeda suma\u017einti \u012ftamp\u0105 ir stres\u0105, tuo pa\u010diu stangrina od\u0105. \u0160velnus limfin\u0117s sistemos stimuliavimas skatina nat\u016bral\u0173 organizmo detoksikacijos proces\u0105. Idealiai tinka \u017emon\u0117ms, ken\u010diantiems nuo skys\u010di\u0173 u\u017esilaikymo, celiulito, raumen\u0173 skausmo taip pat esant suma\u017e\u0117jusiam odos stangrumui.<\/p>\n","protected":false},"featured_media":95778,"template":"","meta":[],"product_cat":[1829],"product_tag":[],"class_list":{"0":"post-71792","1":"product","2":"type-product","3":"status-publish","4":"has-post-thumbnail","6":"product_brand-donegal-sp-zo-o-_pl-lt","7":"product_cat-kuno-prieziuros-priemones","9":"first","10":"outofstock","11":"taxable","12":"shipping-taxable","13":"product-type-simple"},"_links":{"self":[{"href":"https:\/\/e.kosmolat.eu\/lt\/wp-json\/wp\/v2\/product\/71792","targetHints":{"allow":["GET"]}}],"collection":[{"href":"https:\/\/e.kosmolat.eu\/lt\/wp-json\/wp\/v2\/product"}],"about":[{"href":"https:\/\/e.kosmolat.eu\/lt\/wp-json\/wp\/v2\/types\/product"}],"wp:featuredmedia":[{"embeddable":true,"href":"https:\/\/e.kosmolat.eu\/lt\/wp-json\/wp\/v2\/media\/95778"}],"wp:attachment":[{"href":"https:\/\/e.kosmolat.eu\/lt\/wp-json\/wp\/v2\/media?parent=71792"}],"wp:term":[{"taxonomy":"product_cat","embeddable":true,"href":"https:\/\/e.kosmolat.eu\/lt\/wp-json\/wp\/v2\/product_cat?post=71792"},{"taxonomy":"product_tag","embeddable":true,"href":"https:\/\/e.kosmolat.eu\/lt\/wp-json\/wp\/v2\/product_tag?post=71792"}],"curies":[{"name":"wp","href":"https:\/\/api.w.org\/{rel}","templated":true}]}}